{"id":5755288,"date":"2026-02-12T13:26:07","date_gmt":"2026-02-12T12:26:07","guid":{"rendered":"https:\/\/stoic-curie.212-227-153-4.plesk.page\/product\/deckfuellerschluesselgriff-135-mm\/"},"modified":"2026-02-24T23:35:28","modified_gmt":"2026-02-24T23:35:28","slug":"deckfuellerschluesselgriff-135-mm","status":"publish","type":"product","link":"https:\/\/stoic-curie.212-227-153-4.plesk.page\/de\/product\/deckfuellerschluesselgriff-135-mm\/","title":{"rendered":"Deckf\u00fcllerschl\u00fcsselgriff 135 mm"},"content":{"rendered":"<p>Deckf\u00fcllerschl\u00fcsselgriff 135 mm &#8211; <\/p>\n<p>Komposite Griff zum einfachen \u00d6ffnen und Schlie\u00dfen von Deckf\u00fcllkappen.<\/p>\n","protected":false},"excerpt":{"rendered":"<p>Deckf\u00fcllerschl\u00fcsselgriff 135 mm &#8211; Komposite Griff zum einfachen \u00d6ffnen und Schlie\u00dfen von Deckf\u00fcllkappen.<\/p>\n","protected":false},"featured_media":5752202,"comment_status":"open","ping_status":"closed","template":"","meta":[],"product_brand":[3355],"product_cat":[1514,1375],"product_tag":[],"class_list":{"0":"post-5755288","1":"product","2":"type-product","3":"status-publish","4":"has-post-thumbnail","6":"product_brand-seaflow-de","7":"product_cat-kraftstoffeinfueller","8":"product_cat-wasserfilter","10":"first","11":"instock","12":"shipping-taxable","13":"purchasable","14":"product-type-simple"},"_links":{"self":[{"href":"https:\/\/stoic-curie.212-227-153-4.plesk.page\/de\/wp-json\/wp\/v2\/product\/5755288","targetHints":{"allow":["GET"]}}],"collection":[{"href":"https:\/\/stoic-curie.212-227-153-4.plesk.page\/de\/wp-json\/wp\/v2\/product"}],"about":[{"href":"https:\/\/stoic-curie.212-227-153-4.plesk.page\/de\/wp-json\/wp\/v2\/types\/product"}],"replies":[{"embeddable":true,"href":"https:\/\/stoic-curie.212-227-153-4.plesk.page\/de\/wp-json\/wp\/v2\/comments?post=5755288"}],"version-history":[{"count":0,"href":"https:\/\/stoic-curie.212-227-153-4.plesk.page\/de\/wp-json\/wp\/v2\/product\/5755288\/revisions"}],"wp:featuredmedia":[{"embeddable":true,"href":"https:\/\/stoic-curie.212-227-153-4.plesk.page\/de\/wp-json\/wp\/v2\/media\/5752202"}],"wp:attachment":[{"href":"https:\/\/stoic-curie.212-227-153-4.plesk.page\/de\/wp-json\/wp\/v2\/media?parent=5755288"}],"wp:term":[{"taxonomy":"product_brand","embeddable":true,"href":"https:\/\/stoic-curie.212-227-153-4.plesk.page\/de\/wp-json\/wp\/v2\/product_brand?post=5755288"},{"taxonomy":"product_cat","embeddable":true,"href":"https:\/\/stoic-curie.212-227-153-4.plesk.page\/de\/wp-json\/wp\/v2\/product_cat?post=5755288"},{"taxonomy":"product_tag","embeddable":true,"href":"https:\/\/stoic-curie.212-227-153-4.plesk.page\/de\/wp-json\/wp\/v2\/product_tag?post=5755288"}],"curies":[{"name":"wp","href":"https:\/\/api.w.org\/{rel}","templated":true}]}}