{"id":5755289,"date":"2026-02-12T13:26:10","date_gmt":"2026-02-12T12:26:10","guid":{"rendered":"https:\/\/stoic-curie.212-227-153-4.plesk.page\/product\/bronze-anti-block-ventil-g-2-1-2-gewinde\/"},"modified":"2026-02-24T23:35:28","modified_gmt":"2026-02-24T23:35:28","slug":"bronze-anti-block-ventil-g-2-1-2-gewinde","status":"publish","type":"product","link":"https:\/\/stoic-curie.212-227-153-4.plesk.page\/de\/product\/bronze-anti-block-ventil-g-2-1-2-gewinde\/","title":{"rendered":"Bronze Anti-Block-Ventil G 2 1\/2 Gewinde (&#8220;"},"content":{"rendered":"<p>Bronze Anti-Block-Ventil G 2 1\/2 Gewinde (&#8221; &#8211; <\/p>\n<p>Das Bronze-Ventil f\u00fcr den vollst\u00e4ndigen Fluss ist mit Neopren-Dichtungen und einem thermoplastischen Handrad ausgestattet. Es bleibt auch nach l\u00e4ngeren Nichtbenutzungszeiten unblockiert. RINa-zertifiziert und entspricht UNI-EN ISO9093-1.<\/p>\n","protected":false},"excerpt":{"rendered":"<p>Bronze Anti-Block-Ventil G 2 1\/2 Gewinde (&#8221; &#8211; Das Bronze-Ventil f\u00fcr den vollst\u00e4ndigen Fluss ist mit Neopren-Dichtungen und einem thermoplastischen<\/p>\n","protected":false},"featured_media":5752204,"comment_status":"open","ping_status":"closed","template":"","meta":[],"product_brand":[2995],"product_cat":[1382,1383],"product_tag":[],"class_list":{"0":"post-5755289","1":"product","2":"type-product","3":"status-publish","4":"has-post-thumbnail","6":"product_brand-guidi-marine-de","7":"product_cat-bronze-wasserinstallationsarmaturen","8":"product_cat-marine-ventile","10":"first","11":"instock","12":"shipping-taxable","13":"purchasable","14":"product-type-simple"},"_links":{"self":[{"href":"https:\/\/stoic-curie.212-227-153-4.plesk.page\/de\/wp-json\/wp\/v2\/product\/5755289","targetHints":{"allow":["GET"]}}],"collection":[{"href":"https:\/\/stoic-curie.212-227-153-4.plesk.page\/de\/wp-json\/wp\/v2\/product"}],"about":[{"href":"https:\/\/stoic-curie.212-227-153-4.plesk.page\/de\/wp-json\/wp\/v2\/types\/product"}],"replies":[{"embeddable":true,"href":"https:\/\/stoic-curie.212-227-153-4.plesk.page\/de\/wp-json\/wp\/v2\/comments?post=5755289"}],"version-history":[{"count":0,"href":"https:\/\/stoic-curie.212-227-153-4.plesk.page\/de\/wp-json\/wp\/v2\/product\/5755289\/revisions"}],"wp:featuredmedia":[{"embeddable":true,"href":"https:\/\/stoic-curie.212-227-153-4.plesk.page\/de\/wp-json\/wp\/v2\/media\/5752204"}],"wp:attachment":[{"href":"https:\/\/stoic-curie.212-227-153-4.plesk.page\/de\/wp-json\/wp\/v2\/media?parent=5755289"}],"wp:term":[{"taxonomy":"product_brand","embeddable":true,"href":"https:\/\/stoic-curie.212-227-153-4.plesk.page\/de\/wp-json\/wp\/v2\/product_brand?post=5755289"},{"taxonomy":"product_cat","embeddable":true,"href":"https:\/\/stoic-curie.212-227-153-4.plesk.page\/de\/wp-json\/wp\/v2\/product_cat?post=5755289"},{"taxonomy":"product_tag","embeddable":true,"href":"https:\/\/stoic-curie.212-227-153-4.plesk.page\/de\/wp-json\/wp\/v2\/product_tag?post=5755289"}],"curies":[{"name":"wp","href":"https:\/\/api.w.org\/{rel}","templated":true}]}}