{"id":5755292,"date":"2026-02-12T13:26:12","date_gmt":"2026-02-12T12:26:12","guid":{"rendered":"https:\/\/stoic-curie.212-227-153-4.plesk.page\/product\/pn16-kompakter-kugelhahn-g-3-4-gewinde\/"},"modified":"2026-02-24T23:35:28","modified_gmt":"2026-02-24T23:35:28","slug":"pn16-kompakter-kugelhahn-g-3-4-gewinde","status":"publish","type":"product","link":"https:\/\/stoic-curie.212-227-153-4.plesk.page\/de\/product\/pn16-kompakter-kugelhahn-g-3-4-gewinde\/","title":{"rendered":"PN16 Kompakter Kugelhahn G 3\/4 Gewinde"},"content":{"rendered":"<p>PN16 Kompakter Kugelhahn G 3\/4 Gewinde &#8211; <\/p>\n<p>Kompakter Kugelhahn aus glasfaserverst\u00e4rktem Verbundpolypropylen. Von Bureau Veritas f\u00fcr nautische Anwendungen zertifiziert. Ausgestattet mit einem EPDM-O-Ring, der best\u00e4ndig gegen chemische und galvanische Korrosion, Abrieb und hohen Druck ist.<\/p>\n","protected":false},"excerpt":{"rendered":"<p>PN16 Kompakter Kugelhahn G 3\/4 Gewinde &#8211; Kompakter Kugelhahn aus glasfaserverst\u00e4rktem Verbundpolypropylen. Von Bureau Veritas f\u00fcr nautische Anwendungen zertifiziert. Ausgestattet<\/p>\n","protected":false},"featured_media":5752208,"comment_status":"open","ping_status":"closed","template":"","meta":[],"product_brand":[3355],"product_cat":[1374,1383],"product_tag":[],"class_list":{"0":"post-5755292","1":"product","2":"type-product","3":"status-publish","4":"has-post-thumbnail","6":"product_brand-seaflow-de","7":"product_cat-kunststoff-wasserinstallationsarmaturen","8":"product_cat-marine-ventile","10":"first","11":"instock","12":"shipping-taxable","13":"purchasable","14":"product-type-simple"},"_links":{"self":[{"href":"https:\/\/stoic-curie.212-227-153-4.plesk.page\/de\/wp-json\/wp\/v2\/product\/5755292","targetHints":{"allow":["GET"]}}],"collection":[{"href":"https:\/\/stoic-curie.212-227-153-4.plesk.page\/de\/wp-json\/wp\/v2\/product"}],"about":[{"href":"https:\/\/stoic-curie.212-227-153-4.plesk.page\/de\/wp-json\/wp\/v2\/types\/product"}],"replies":[{"embeddable":true,"href":"https:\/\/stoic-curie.212-227-153-4.plesk.page\/de\/wp-json\/wp\/v2\/comments?post=5755292"}],"version-history":[{"count":0,"href":"https:\/\/stoic-curie.212-227-153-4.plesk.page\/de\/wp-json\/wp\/v2\/product\/5755292\/revisions"}],"wp:featuredmedia":[{"embeddable":true,"href":"https:\/\/stoic-curie.212-227-153-4.plesk.page\/de\/wp-json\/wp\/v2\/media\/5752208"}],"wp:attachment":[{"href":"https:\/\/stoic-curie.212-227-153-4.plesk.page\/de\/wp-json\/wp\/v2\/media?parent=5755292"}],"wp:term":[{"taxonomy":"product_brand","embeddable":true,"href":"https:\/\/stoic-curie.212-227-153-4.plesk.page\/de\/wp-json\/wp\/v2\/product_brand?post=5755292"},{"taxonomy":"product_cat","embeddable":true,"href":"https:\/\/stoic-curie.212-227-153-4.plesk.page\/de\/wp-json\/wp\/v2\/product_cat?post=5755292"},{"taxonomy":"product_tag","embeddable":true,"href":"https:\/\/stoic-curie.212-227-153-4.plesk.page\/de\/wp-json\/wp\/v2\/product_tag?post=5755292"}],"curies":[{"name":"wp","href":"https:\/\/api.w.org\/{rel}","templated":true}]}}