{"id":5755300,"date":"2026-02-12T13:26:17","date_gmt":"2026-02-12T12:26:17","guid":{"rendered":"https:\/\/stoic-curie.212-227-153-4.plesk.page\/product\/pn16-kompakter-winkelkugelventil-g-1-1-4-gewinde-zoll\/"},"modified":"2026-02-24T23:35:28","modified_gmt":"2026-02-24T23:35:28","slug":"pn16-kompakter-winkelkugelventil-g-1-1-4-gewinde-zoll","status":"publish","type":"product","link":"https:\/\/stoic-curie.212-227-153-4.plesk.page\/de\/product\/pn16-kompakter-winkelkugelventil-g-1-1-4-gewinde-zoll\/","title":{"rendered":"PN16 Kompakter Winkelkugelventil G 1 1\/4 Gewinde (Zoll)"},"content":{"rendered":"<p>PN16 Kompakter Winkelkugelventil G 1 1\/4 Gewinde (Zoll) &#8211; <\/p>\n<p>Kompakte Winkelkugelventil aus glasfaserverst\u00e4rktem Polypropylen. Bureau Veritas-zertifiziert f\u00fcr den maritimen Einsatz. Komplett mit EPDM-O-Ring, der best\u00e4ndig gegen chemische und galvanische Korrosion sowie gegen Verschlei\u00df und Druck ist.<\/p>\n","protected":false},"excerpt":{"rendered":"<p>PN16 Kompakter Winkelkugelventil G 1 1\/4 Gewinde (Zoll) &#8211; Kompakte Winkelkugelventil aus glasfaserverst\u00e4rktem Polypropylen. Bureau Veritas-zertifiziert f\u00fcr den maritimen Einsatz.<\/p>\n","protected":false},"featured_media":5752220,"comment_status":"open","ping_status":"closed","template":"","meta":[],"product_brand":[3355],"product_cat":[1374,1383],"product_tag":[],"class_list":{"0":"post-5755300","1":"product","2":"type-product","3":"status-publish","4":"has-post-thumbnail","6":"product_brand-seaflow-de","7":"product_cat-kunststoff-wasserinstallationsarmaturen","8":"product_cat-marine-ventile","10":"first","11":"instock","12":"shipping-taxable","13":"purchasable","14":"product-type-simple"},"_links":{"self":[{"href":"https:\/\/stoic-curie.212-227-153-4.plesk.page\/de\/wp-json\/wp\/v2\/product\/5755300","targetHints":{"allow":["GET"]}}],"collection":[{"href":"https:\/\/stoic-curie.212-227-153-4.plesk.page\/de\/wp-json\/wp\/v2\/product"}],"about":[{"href":"https:\/\/stoic-curie.212-227-153-4.plesk.page\/de\/wp-json\/wp\/v2\/types\/product"}],"replies":[{"embeddable":true,"href":"https:\/\/stoic-curie.212-227-153-4.plesk.page\/de\/wp-json\/wp\/v2\/comments?post=5755300"}],"version-history":[{"count":0,"href":"https:\/\/stoic-curie.212-227-153-4.plesk.page\/de\/wp-json\/wp\/v2\/product\/5755300\/revisions"}],"wp:featuredmedia":[{"embeddable":true,"href":"https:\/\/stoic-curie.212-227-153-4.plesk.page\/de\/wp-json\/wp\/v2\/media\/5752220"}],"wp:attachment":[{"href":"https:\/\/stoic-curie.212-227-153-4.plesk.page\/de\/wp-json\/wp\/v2\/media?parent=5755300"}],"wp:term":[{"taxonomy":"product_brand","embeddable":true,"href":"https:\/\/stoic-curie.212-227-153-4.plesk.page\/de\/wp-json\/wp\/v2\/product_brand?post=5755300"},{"taxonomy":"product_cat","embeddable":true,"href":"https:\/\/stoic-curie.212-227-153-4.plesk.page\/de\/wp-json\/wp\/v2\/product_cat?post=5755300"},{"taxonomy":"product_tag","embeddable":true,"href":"https:\/\/stoic-curie.212-227-153-4.plesk.page\/de\/wp-json\/wp\/v2\/product_tag?post=5755300"}],"curies":[{"name":"wp","href":"https:\/\/api.w.org\/{rel}","templated":true}]}}