{"id":5755310,"date":"2026-02-12T13:26:24","date_gmt":"2026-02-12T12:26:24","guid":{"rendered":"https:\/\/stoic-curie.212-227-153-4.plesk.page\/product\/hd-rueckschlagventil-mit-messingverschluss-g-3-4-gewinde\/"},"modified":"2026-02-24T23:35:28","modified_gmt":"2026-02-24T23:35:28","slug":"hd-rueckschlagventil-mit-messingverschluss-g-3-4-gewinde","status":"publish","type":"product","link":"https:\/\/stoic-curie.212-227-153-4.plesk.page\/de\/product\/hd-rueckschlagventil-mit-messingverschluss-g-3-4-gewinde\/","title":{"rendered":"HD R\u00fcckschlagventil mit Messingverschluss G 3\/4&#8243; Gewinde"},"content":{"rendered":"<p>HD R\u00fcckschlagventil mit Messingverschluss G 3\/4&#8243; Gewinde &#8211; <\/p>\n<p>Das R\u00fcckschlagventil verf\u00fcgt \u00fcber ein Geh\u00e4use aus Messing, eine Verschlussplatte und eine Scheibe sowie eine Feder aus rostfreiem Stahl. Es verhindert wirksam das R\u00fcckstr\u00f6men und ist sowohl f\u00fcr S\u00fc\u00df- als auch f\u00fcr Salzwasseranwendungen geeignet. Dieses Ventil ist auch f\u00fcr die Verwendung in Bilgen geeignet, die Spuren von Kohlenwasserstoffen enthalten k\u00f6nnen. Es funktioniert effizient bei Temperaturen von -20 \u00b0C bis +100 \u00b0C und erf\u00fcllt die Normen ACS, ISO 228\/1 (DIN 259) und UNE-EN-12165.<\/p>\n","protected":false},"excerpt":{"rendered":"<p>HD R\u00fcckschlagventil mit Messingverschluss G 3\/4&#8243; Gewinde &#8211; Das R\u00fcckschlagventil verf\u00fcgt \u00fcber ein Geh\u00e4use aus Messing, eine Verschlussplatte und eine<\/p>\n","protected":false},"featured_media":5752244,"comment_status":"open","ping_status":"closed","template":"","meta":[],"product_brand":[2995],"product_cat":[1383,1386],"product_tag":[],"class_list":{"0":"post-5755310","1":"product","2":"type-product","3":"status-publish","4":"has-post-thumbnail","6":"product_brand-guidi-marine-de","7":"product_cat-marine-ventile","8":"product_cat-messing-wasserinstallationsarmaturen","10":"first","11":"instock","12":"shipping-taxable","13":"purchasable","14":"product-type-simple"},"_links":{"self":[{"href":"https:\/\/stoic-curie.212-227-153-4.plesk.page\/de\/wp-json\/wp\/v2\/product\/5755310","targetHints":{"allow":["GET"]}}],"collection":[{"href":"https:\/\/stoic-curie.212-227-153-4.plesk.page\/de\/wp-json\/wp\/v2\/product"}],"about":[{"href":"https:\/\/stoic-curie.212-227-153-4.plesk.page\/de\/wp-json\/wp\/v2\/types\/product"}],"replies":[{"embeddable":true,"href":"https:\/\/stoic-curie.212-227-153-4.plesk.page\/de\/wp-json\/wp\/v2\/comments?post=5755310"}],"version-history":[{"count":0,"href":"https:\/\/stoic-curie.212-227-153-4.plesk.page\/de\/wp-json\/wp\/v2\/product\/5755310\/revisions"}],"wp:featuredmedia":[{"embeddable":true,"href":"https:\/\/stoic-curie.212-227-153-4.plesk.page\/de\/wp-json\/wp\/v2\/media\/5752244"}],"wp:attachment":[{"href":"https:\/\/stoic-curie.212-227-153-4.plesk.page\/de\/wp-json\/wp\/v2\/media?parent=5755310"}],"wp:term":[{"taxonomy":"product_brand","embeddable":true,"href":"https:\/\/stoic-curie.212-227-153-4.plesk.page\/de\/wp-json\/wp\/v2\/product_brand?post=5755310"},{"taxonomy":"product_cat","embeddable":true,"href":"https:\/\/stoic-curie.212-227-153-4.plesk.page\/de\/wp-json\/wp\/v2\/product_cat?post=5755310"},{"taxonomy":"product_tag","embeddable":true,"href":"https:\/\/stoic-curie.212-227-153-4.plesk.page\/de\/wp-json\/wp\/v2\/product_tag?post=5755310"}],"curies":[{"name":"wp","href":"https:\/\/api.w.org\/{rel}","templated":true}]}}