{"id":5755313,"date":"2026-02-12T13:26:26","date_gmt":"2026-02-12T12:26:26","guid":{"rendered":"https:\/\/stoic-curie.212-227-153-4.plesk.page\/product\/hd-rueckschlagventil-mit-messingverschluss-g-11-2-gewinde\/"},"modified":"2026-02-24T23:35:28","modified_gmt":"2026-02-24T23:35:28","slug":"hd-rueckschlagventil-mit-messingverschluss-g-11-2-gewinde","status":"publish","type":"product","link":"https:\/\/stoic-curie.212-227-153-4.plesk.page\/de\/product\/hd-rueckschlagventil-mit-messingverschluss-g-11-2-gewinde\/","title":{"rendered":"HD R\u00fcckschlagventil mit Messingverschluss G 1&#8243;1\/2 Gewinde"},"content":{"rendered":"<p>HD R\u00fcckschlagventil mit Messingverschluss G 1&#8243;1\/2 Gewinde &#8211; <\/p>\n<p>Dieses R\u00fcckschlagventil verf\u00fcgt \u00fcber einen Messingk\u00f6rper, -verschluss und -scheibe sowie eine Feder aus rostfreiem Stahl. Es verhindert wirksam R\u00fcckfl\u00fcsse und ist sowohl f\u00fcr S\u00fc\u00df- als auch f\u00fcr Salzwasser geeignet. Au\u00dferdem eignet es sich f\u00fcr den Einsatz in Bilgen mit Kohlenwasserstoffr\u00fcckst\u00e4nden. Das Ventil arbeitet im Temperaturbereich von -20\u00b0C bis +100\u00b0C und erf\u00fcllt die Normen ACS, ISO 228\/1 (DIN 259) und UNE-EN-12165.<\/p>\n","protected":false},"excerpt":{"rendered":"<p>HD R\u00fcckschlagventil mit Messingverschluss G 1&#8243;1\/2 Gewinde &#8211; Dieses R\u00fcckschlagventil verf\u00fcgt \u00fcber einen Messingk\u00f6rper, -verschluss und -scheibe sowie eine Feder<\/p>\n","protected":false},"featured_media":5752244,"comment_status":"open","ping_status":"closed","template":"","meta":[],"product_brand":[2995],"product_cat":[1383,1386],"product_tag":[],"class_list":{"0":"post-5755313","1":"product","2":"type-product","3":"status-publish","4":"has-post-thumbnail","6":"product_brand-guidi-marine-de","7":"product_cat-marine-ventile","8":"product_cat-messing-wasserinstallationsarmaturen","10":"first","11":"instock","12":"shipping-taxable","13":"purchasable","14":"product-type-simple"},"_links":{"self":[{"href":"https:\/\/stoic-curie.212-227-153-4.plesk.page\/de\/wp-json\/wp\/v2\/product\/5755313","targetHints":{"allow":["GET"]}}],"collection":[{"href":"https:\/\/stoic-curie.212-227-153-4.plesk.page\/de\/wp-json\/wp\/v2\/product"}],"about":[{"href":"https:\/\/stoic-curie.212-227-153-4.plesk.page\/de\/wp-json\/wp\/v2\/types\/product"}],"replies":[{"embeddable":true,"href":"https:\/\/stoic-curie.212-227-153-4.plesk.page\/de\/wp-json\/wp\/v2\/comments?post=5755313"}],"version-history":[{"count":0,"href":"https:\/\/stoic-curie.212-227-153-4.plesk.page\/de\/wp-json\/wp\/v2\/product\/5755313\/revisions"}],"wp:featuredmedia":[{"embeddable":true,"href":"https:\/\/stoic-curie.212-227-153-4.plesk.page\/de\/wp-json\/wp\/v2\/media\/5752244"}],"wp:attachment":[{"href":"https:\/\/stoic-curie.212-227-153-4.plesk.page\/de\/wp-json\/wp\/v2\/media?parent=5755313"}],"wp:term":[{"taxonomy":"product_brand","embeddable":true,"href":"https:\/\/stoic-curie.212-227-153-4.plesk.page\/de\/wp-json\/wp\/v2\/product_brand?post=5755313"},{"taxonomy":"product_cat","embeddable":true,"href":"https:\/\/stoic-curie.212-227-153-4.plesk.page\/de\/wp-json\/wp\/v2\/product_cat?post=5755313"},{"taxonomy":"product_tag","embeddable":true,"href":"https:\/\/stoic-curie.212-227-153-4.plesk.page\/de\/wp-json\/wp\/v2\/product_tag?post=5755313"}],"curies":[{"name":"wp","href":"https:\/\/api.w.org\/{rel}","templated":true}]}}