{"id":5755333,"date":"2026-02-12T13:26:41","date_gmt":"2026-02-12T12:26:41","guid":{"rendered":"https:\/\/stoic-curie.212-227-153-4.plesk.page\/product\/i-acetalharz-pom-rohr-zu-schlauch-fuer-38-schlauch-o-mm\/"},"modified":"2026-02-24T23:35:28","modified_gmt":"2026-02-24T23:35:28","slug":"i-acetalharz-pom-rohr-zu-schlauch-fuer-38-schlauch-o-mm","status":"publish","type":"product","link":"https:\/\/stoic-curie.212-227-153-4.plesk.page\/de\/product\/i-acetalharz-pom-rohr-zu-schlauch-fuer-38-schlauch-o-mm\/","title":{"rendered":"I Acetalharz (POM) Rohr-zu-Schlauch f\u00fcr 38 Schlauch \u00d8 mm"},"content":{"rendered":"<p>I Acetalharz (POM) Rohr-zu-Schlauch f\u00fcr 38 Schlauch \u00d8 mm &#8211; <\/p>\n<p>Rohr-zu-Schlauch-Verbindung aus Acetalharz-Polymer, geeignet f\u00fcr S\u00fc\u00dfwasser-, Abwasser- und Seewassersysteme. Mit glat internem Fluiddurchgang ohne Kanten und dicken W\u00e4nden, die St\u00f6\u00dfen und Korrosion widerstehen. Betriebsdruck von 10 bar bei maximal 85 \u00b0C.<\/p>\n","protected":false},"excerpt":{"rendered":"<p>I Acetalharz (POM) Rohr-zu-Schlauch f\u00fcr 38 Schlauch \u00d8 mm &#8211; Rohr-zu-Schlauch-Verbindung aus Acetalharz-Polymer, geeignet f\u00fcr S\u00fc\u00dfwasser-, Abwasser- und Seewassersysteme. Mit<\/p>\n","protected":false},"featured_media":5752280,"comment_status":"open","ping_status":"closed","template":"","meta":[],"product_brand":[3355],"product_cat":[1374],"product_tag":[],"class_list":{"0":"post-5755333","1":"product","2":"type-product","3":"status-publish","4":"has-post-thumbnail","6":"product_brand-seaflow-de","7":"product_cat-kunststoff-wasserinstallationsarmaturen","9":"first","10":"instock","11":"shipping-taxable","12":"purchasable","13":"product-type-simple"},"_links":{"self":[{"href":"https:\/\/stoic-curie.212-227-153-4.plesk.page\/de\/wp-json\/wp\/v2\/product\/5755333","targetHints":{"allow":["GET"]}}],"collection":[{"href":"https:\/\/stoic-curie.212-227-153-4.plesk.page\/de\/wp-json\/wp\/v2\/product"}],"about":[{"href":"https:\/\/stoic-curie.212-227-153-4.plesk.page\/de\/wp-json\/wp\/v2\/types\/product"}],"replies":[{"embeddable":true,"href":"https:\/\/stoic-curie.212-227-153-4.plesk.page\/de\/wp-json\/wp\/v2\/comments?post=5755333"}],"version-history":[{"count":0,"href":"https:\/\/stoic-curie.212-227-153-4.plesk.page\/de\/wp-json\/wp\/v2\/product\/5755333\/revisions"}],"wp:featuredmedia":[{"embeddable":true,"href":"https:\/\/stoic-curie.212-227-153-4.plesk.page\/de\/wp-json\/wp\/v2\/media\/5752280"}],"wp:attachment":[{"href":"https:\/\/stoic-curie.212-227-153-4.plesk.page\/de\/wp-json\/wp\/v2\/media?parent=5755333"}],"wp:term":[{"taxonomy":"product_brand","embeddable":true,"href":"https:\/\/stoic-curie.212-227-153-4.plesk.page\/de\/wp-json\/wp\/v2\/product_brand?post=5755333"},{"taxonomy":"product_cat","embeddable":true,"href":"https:\/\/stoic-curie.212-227-153-4.plesk.page\/de\/wp-json\/wp\/v2\/product_cat?post=5755333"},{"taxonomy":"product_tag","embeddable":true,"href":"https:\/\/stoic-curie.212-227-153-4.plesk.page\/de\/wp-json\/wp\/v2\/product_tag?post=5755333"}],"curies":[{"name":"wp","href":"https:\/\/api.w.org\/{rel}","templated":true}]}}