{"id":5755334,"date":"2026-02-12T13:26:42","date_gmt":"2026-02-12T12:26:42","guid":{"rendered":"https:\/\/stoic-curie.212-227-153-4.plesk.page\/product\/l-acetalharz-pom-rohr-zu-schlauch-verbindungsstueck-fuer-16-mm-schlauchdurchmesser\/"},"modified":"2026-02-24T23:35:28","modified_gmt":"2026-02-24T23:35:28","slug":"l-acetalharz-pom-rohr-zu-schlauch-verbindungsstueck-fuer-16-mm-schlauchdurchmesser","status":"publish","type":"product","link":"https:\/\/stoic-curie.212-227-153-4.plesk.page\/de\/product\/l-acetalharz-pom-rohr-zu-schlauch-verbindungsstueck-fuer-16-mm-schlauchdurchmesser\/","title":{"rendered":"L Acetalharz (POM) Rohr-zu-Schlauch Verbindungsst\u00fcck f\u00fcr 16 mm Schlauchdurchmesser"},"content":{"rendered":"<p>L Acetalharz (POM) Rohr-zu-Schlauch Verbindungsst\u00fcck f\u00fcr 16 mm Schlauchdurchmesser &#8211; <\/p>\n<p>Acetalharz Polymer Rohr-zu-Schlauch Verbindungsst\u00fcck, das f\u00fcr S\u00fc\u00dfwasser-, Abwasser- und Meerwassersysteme konzipiert ist. Es bietet einen glatten Innendurchgang f\u00fcr den Fl\u00fcssigkeitsfluss ohne Kanten und dicke W\u00e4nde, um St\u00f6\u00dfen und Korrosion zu widerstehen. Der Betriebsdruck betr\u00e4gt 10 bar bei maximal 85 \u00b0C.<\/p>\n","protected":false},"excerpt":{"rendered":"<p>L Acetalharz (POM) Rohr-zu-Schlauch Verbindungsst\u00fcck f\u00fcr 16 mm Schlauchdurchmesser &#8211; Acetalharz Polymer Rohr-zu-Schlauch Verbindungsst\u00fcck, das f\u00fcr S\u00fc\u00dfwasser-, Abwasser- und Meerwassersysteme<\/p>\n","protected":false},"featured_media":5752294,"comment_status":"open","ping_status":"closed","template":"","meta":[],"product_brand":[3355],"product_cat":[1374],"product_tag":[],"class_list":{"0":"post-5755334","1":"product","2":"type-product","3":"status-publish","4":"has-post-thumbnail","6":"product_brand-seaflow-de","7":"product_cat-kunststoff-wasserinstallationsarmaturen","9":"first","10":"instock","11":"shipping-taxable","12":"purchasable","13":"product-type-simple"},"_links":{"self":[{"href":"https:\/\/stoic-curie.212-227-153-4.plesk.page\/de\/wp-json\/wp\/v2\/product\/5755334","targetHints":{"allow":["GET"]}}],"collection":[{"href":"https:\/\/stoic-curie.212-227-153-4.plesk.page\/de\/wp-json\/wp\/v2\/product"}],"about":[{"href":"https:\/\/stoic-curie.212-227-153-4.plesk.page\/de\/wp-json\/wp\/v2\/types\/product"}],"replies":[{"embeddable":true,"href":"https:\/\/stoic-curie.212-227-153-4.plesk.page\/de\/wp-json\/wp\/v2\/comments?post=5755334"}],"version-history":[{"count":0,"href":"https:\/\/stoic-curie.212-227-153-4.plesk.page\/de\/wp-json\/wp\/v2\/product\/5755334\/revisions"}],"wp:featuredmedia":[{"embeddable":true,"href":"https:\/\/stoic-curie.212-227-153-4.plesk.page\/de\/wp-json\/wp\/v2\/media\/5752294"}],"wp:attachment":[{"href":"https:\/\/stoic-curie.212-227-153-4.plesk.page\/de\/wp-json\/wp\/v2\/media?parent=5755334"}],"wp:term":[{"taxonomy":"product_brand","embeddable":true,"href":"https:\/\/stoic-curie.212-227-153-4.plesk.page\/de\/wp-json\/wp\/v2\/product_brand?post=5755334"},{"taxonomy":"product_cat","embeddable":true,"href":"https:\/\/stoic-curie.212-227-153-4.plesk.page\/de\/wp-json\/wp\/v2\/product_cat?post=5755334"},{"taxonomy":"product_tag","embeddable":true,"href":"https:\/\/stoic-curie.212-227-153-4.plesk.page\/de\/wp-json\/wp\/v2\/product_tag?post=5755334"}],"curies":[{"name":"wp","href":"https:\/\/api.w.org\/{rel}","templated":true}]}}