{"id":5755336,"date":"2026-02-12T13:26:44","date_gmt":"2026-02-12T12:26:44","guid":{"rendered":"https:\/\/stoic-curie.212-227-153-4.plesk.page\/product\/l-acetalharz-pom-rohr-zu-schlauch-fuer-20-schlauch-o-mm\/"},"modified":"2026-02-24T23:35:28","modified_gmt":"2026-02-24T23:35:28","slug":"l-acetalharz-pom-rohr-zu-schlauch-fuer-20-schlauch-o-mm","status":"publish","type":"product","link":"https:\/\/stoic-curie.212-227-153-4.plesk.page\/de\/product\/l-acetalharz-pom-rohr-zu-schlauch-fuer-20-schlauch-o-mm\/","title":{"rendered":"L Acetalharz (POM) Rohr-zu-Schlauch f\u00fcr 20 Schlauch \u00d8 mm"},"content":{"rendered":"<p>L Acetalharz (POM) Rohr-zu-Schlauch f\u00fcr 20 Schlauch \u00d8 mm &#8211; <\/p>\n<p>Diese Rohr-zu-Schlauch Verbindungsst\u00fcck aus Acetalharz-Polymer ist f\u00fcr Frischwasser-, Abwasser- und Seewassersysteme konzipiert. Es bietet einen glatten Innenraum f\u00fcr reibungslosen Fl\u00fcssigkeitsfluss ohne Kanten. Die dicken W\u00e4nde bieten ausgezeichneten Widerstand gegen St\u00f6\u00dfe und Korrosion und sorgen f\u00fcr hohe Haltbarkeit. Es funktioniert bei einem Druck von 10 bar und einer maximalen Temperatur von 85 \u00b0C.<\/p>\n","protected":false},"excerpt":{"rendered":"<p>L Acetalharz (POM) Rohr-zu-Schlauch f\u00fcr 20 Schlauch \u00d8 mm &#8211; Diese Rohr-zu-Schlauch Verbindungsst\u00fcck aus Acetalharz-Polymer ist f\u00fcr Frischwasser-, Abwasser- und<\/p>\n","protected":false},"featured_media":5752294,"comment_status":"open","ping_status":"closed","template":"","meta":[],"product_brand":[3355],"product_cat":[1374],"product_tag":[],"class_list":{"0":"post-5755336","1":"product","2":"type-product","3":"status-publish","4":"has-post-thumbnail","6":"product_brand-seaflow-de","7":"product_cat-kunststoff-wasserinstallationsarmaturen","9":"first","10":"instock","11":"shipping-taxable","12":"purchasable","13":"product-type-simple"},"_links":{"self":[{"href":"https:\/\/stoic-curie.212-227-153-4.plesk.page\/de\/wp-json\/wp\/v2\/product\/5755336","targetHints":{"allow":["GET"]}}],"collection":[{"href":"https:\/\/stoic-curie.212-227-153-4.plesk.page\/de\/wp-json\/wp\/v2\/product"}],"about":[{"href":"https:\/\/stoic-curie.212-227-153-4.plesk.page\/de\/wp-json\/wp\/v2\/types\/product"}],"replies":[{"embeddable":true,"href":"https:\/\/stoic-curie.212-227-153-4.plesk.page\/de\/wp-json\/wp\/v2\/comments?post=5755336"}],"version-history":[{"count":0,"href":"https:\/\/stoic-curie.212-227-153-4.plesk.page\/de\/wp-json\/wp\/v2\/product\/5755336\/revisions"}],"wp:featuredmedia":[{"embeddable":true,"href":"https:\/\/stoic-curie.212-227-153-4.plesk.page\/de\/wp-json\/wp\/v2\/media\/5752294"}],"wp:attachment":[{"href":"https:\/\/stoic-curie.212-227-153-4.plesk.page\/de\/wp-json\/wp\/v2\/media?parent=5755336"}],"wp:term":[{"taxonomy":"product_brand","embeddable":true,"href":"https:\/\/stoic-curie.212-227-153-4.plesk.page\/de\/wp-json\/wp\/v2\/product_brand?post=5755336"},{"taxonomy":"product_cat","embeddable":true,"href":"https:\/\/stoic-curie.212-227-153-4.plesk.page\/de\/wp-json\/wp\/v2\/product_cat?post=5755336"},{"taxonomy":"product_tag","embeddable":true,"href":"https:\/\/stoic-curie.212-227-153-4.plesk.page\/de\/wp-json\/wp\/v2\/product_tag?post=5755336"}],"curies":[{"name":"wp","href":"https:\/\/api.w.org\/{rel}","templated":true}]}}