{"id":5755338,"date":"2026-02-12T13:26:45","date_gmt":"2026-02-12T12:26:45","guid":{"rendered":"https:\/\/stoic-curie.212-227-153-4.plesk.page\/product\/acetalharz-pom-rohr-zu-schlauch-verbindung-fuer-10-mm-schlauch\/"},"modified":"2026-02-24T23:35:28","modified_gmt":"2026-02-24T23:35:28","slug":"acetalharz-pom-rohr-zu-schlauch-verbindung-fuer-10-mm-schlauch","status":"publish","type":"product","link":"https:\/\/stoic-curie.212-227-153-4.plesk.page\/de\/product\/acetalharz-pom-rohr-zu-schlauch-verbindung-fuer-10-mm-schlauch\/","title":{"rendered":"Acetalharz (POM) Rohr-zu-Schlauch Verbindung f\u00fcr 10 mm Schlauch"},"content":{"rendered":"<p>Acetalharz (POM) Rohr-zu-Schlauch Verbindung f\u00fcr 10 mm Schlauch &#8211; <\/p>\n<p>Dieses Rohr-zu-Schlauch-Fitting aus Acetalharz-Polymer ist f\u00fcr S\u00fc\u00dfwasser-, Abwasser- und Meerwassersysteme konzipiert. Es verf\u00fcgt \u00fcber einen glatten inneren Durchgang f\u00fcr einen ungehinderten Fl\u00fcssigkeitsfluss mit dicken W\u00e4nden, die gegen St\u00f6\u00dfe und Korrosion resistent sind. Es arbeitet unter einem Druck von 10 bar bei einer maximalen Temperatur von 85 \u00b0C.<\/p>\n","protected":false},"excerpt":{"rendered":"<p>Acetalharz (POM) Rohr-zu-Schlauch Verbindung f\u00fcr 10 mm Schlauch &#8211; Dieses Rohr-zu-Schlauch-Fitting aus Acetalharz-Polymer ist f\u00fcr S\u00fc\u00dfwasser-, Abwasser- und Meerwassersysteme konzipiert.<\/p>\n","protected":false},"featured_media":5752300,"comment_status":"open","ping_status":"closed","template":"","meta":[],"product_brand":[3355],"product_cat":[1374],"product_tag":[],"class_list":{"0":"post-5755338","1":"product","2":"type-product","3":"status-publish","4":"has-post-thumbnail","6":"product_brand-seaflow-de","7":"product_cat-kunststoff-wasserinstallationsarmaturen","9":"first","10":"instock","11":"shipping-taxable","12":"purchasable","13":"product-type-simple"},"_links":{"self":[{"href":"https:\/\/stoic-curie.212-227-153-4.plesk.page\/de\/wp-json\/wp\/v2\/product\/5755338","targetHints":{"allow":["GET"]}}],"collection":[{"href":"https:\/\/stoic-curie.212-227-153-4.plesk.page\/de\/wp-json\/wp\/v2\/product"}],"about":[{"href":"https:\/\/stoic-curie.212-227-153-4.plesk.page\/de\/wp-json\/wp\/v2\/types\/product"}],"replies":[{"embeddable":true,"href":"https:\/\/stoic-curie.212-227-153-4.plesk.page\/de\/wp-json\/wp\/v2\/comments?post=5755338"}],"version-history":[{"count":0,"href":"https:\/\/stoic-curie.212-227-153-4.plesk.page\/de\/wp-json\/wp\/v2\/product\/5755338\/revisions"}],"wp:featuredmedia":[{"embeddable":true,"href":"https:\/\/stoic-curie.212-227-153-4.plesk.page\/de\/wp-json\/wp\/v2\/media\/5752300"}],"wp:attachment":[{"href":"https:\/\/stoic-curie.212-227-153-4.plesk.page\/de\/wp-json\/wp\/v2\/media?parent=5755338"}],"wp:term":[{"taxonomy":"product_brand","embeddable":true,"href":"https:\/\/stoic-curie.212-227-153-4.plesk.page\/de\/wp-json\/wp\/v2\/product_brand?post=5755338"},{"taxonomy":"product_cat","embeddable":true,"href":"https:\/\/stoic-curie.212-227-153-4.plesk.page\/de\/wp-json\/wp\/v2\/product_cat?post=5755338"},{"taxonomy":"product_tag","embeddable":true,"href":"https:\/\/stoic-curie.212-227-153-4.plesk.page\/de\/wp-json\/wp\/v2\/product_tag?post=5755338"}],"curies":[{"name":"wp","href":"https:\/\/api.w.org\/{rel}","templated":true}]}}