{"id":5755340,"date":"2026-02-12T13:26:46","date_gmt":"2026-02-12T12:26:46","guid":{"rendered":"https:\/\/stoic-curie.212-227-153-4.plesk.page\/product\/t-acetalharz-pom-rohr-zu-schlauch-fuer-16-mm-schlauch-o\/"},"modified":"2026-02-24T23:35:28","modified_gmt":"2026-02-24T23:35:28","slug":"t-acetalharz-pom-rohr-zu-schlauch-fuer-16-mm-schlauch-o","status":"publish","type":"product","link":"https:\/\/stoic-curie.212-227-153-4.plesk.page\/de\/product\/t-acetalharz-pom-rohr-zu-schlauch-fuer-16-mm-schlauch-o\/","title":{"rendered":"T Acetalharz (POM) Rohr-zu-Schlauch f\u00fcr 16 mm Schlauch \u00d8"},"content":{"rendered":"<p>T Acetalharz (POM) Rohr-zu-Schlauch f\u00fcr 16 mm Schlauch \u00d8 &#8211; <\/p>\n<p>Die Rohr-zu-Schlauch-Verbindung aus Acetalharz-Polymer ist f\u00fcr S\u00fc\u00dfwasser-, Abwasser- und Meerwassersysteme konzipiert. Sie verf\u00fcgt \u00fcber einen glatten inneren Durchgang f\u00fcr den Fl\u00fcssigkeitsfluss, ohne Kanten und mit dicken W\u00e4nden, die St\u00f6\u00dfen und Korrosion widerstehen. Der Betriebsdruck betr\u00e4gt 10 bar bei maximal 85 \u00b0C.<\/p>\n","protected":false},"excerpt":{"rendered":"<p>T Acetalharz (POM) Rohr-zu-Schlauch f\u00fcr 16 mm Schlauch \u00d8 &#8211; Die Rohr-zu-Schlauch-Verbindung aus Acetalharz-Polymer ist f\u00fcr S\u00fc\u00dfwasser-, Abwasser- und Meerwassersysteme<\/p>\n","protected":false},"featured_media":5752300,"comment_status":"open","ping_status":"closed","template":"","meta":[],"product_brand":[3355],"product_cat":[1374],"product_tag":[],"class_list":{"0":"post-5755340","1":"product","2":"type-product","3":"status-publish","4":"has-post-thumbnail","6":"product_brand-seaflow-de","7":"product_cat-kunststoff-wasserinstallationsarmaturen","9":"first","10":"instock","11":"shipping-taxable","12":"purchasable","13":"product-type-simple"},"_links":{"self":[{"href":"https:\/\/stoic-curie.212-227-153-4.plesk.page\/de\/wp-json\/wp\/v2\/product\/5755340","targetHints":{"allow":["GET"]}}],"collection":[{"href":"https:\/\/stoic-curie.212-227-153-4.plesk.page\/de\/wp-json\/wp\/v2\/product"}],"about":[{"href":"https:\/\/stoic-curie.212-227-153-4.plesk.page\/de\/wp-json\/wp\/v2\/types\/product"}],"replies":[{"embeddable":true,"href":"https:\/\/stoic-curie.212-227-153-4.plesk.page\/de\/wp-json\/wp\/v2\/comments?post=5755340"}],"version-history":[{"count":0,"href":"https:\/\/stoic-curie.212-227-153-4.plesk.page\/de\/wp-json\/wp\/v2\/product\/5755340\/revisions"}],"wp:featuredmedia":[{"embeddable":true,"href":"https:\/\/stoic-curie.212-227-153-4.plesk.page\/de\/wp-json\/wp\/v2\/media\/5752300"}],"wp:attachment":[{"href":"https:\/\/stoic-curie.212-227-153-4.plesk.page\/de\/wp-json\/wp\/v2\/media?parent=5755340"}],"wp:term":[{"taxonomy":"product_brand","embeddable":true,"href":"https:\/\/stoic-curie.212-227-153-4.plesk.page\/de\/wp-json\/wp\/v2\/product_brand?post=5755340"},{"taxonomy":"product_cat","embeddable":true,"href":"https:\/\/stoic-curie.212-227-153-4.plesk.page\/de\/wp-json\/wp\/v2\/product_cat?post=5755340"},{"taxonomy":"product_tag","embeddable":true,"href":"https:\/\/stoic-curie.212-227-153-4.plesk.page\/de\/wp-json\/wp\/v2\/product_tag?post=5755340"}],"curies":[{"name":"wp","href":"https:\/\/api.w.org\/{rel}","templated":true}]}}