{"id":5755341,"date":"2026-02-12T13:26:47","date_gmt":"2026-02-12T12:26:47","guid":{"rendered":"https:\/\/stoic-curie.212-227-153-4.plesk.page\/product\/t-acetalharz-pom-rohr-zu-schlauch-fuer-18-schlauch-o-mm\/"},"modified":"2026-02-24T23:35:28","modified_gmt":"2026-02-24T23:35:28","slug":"t-acetalharz-pom-rohr-zu-schlauch-fuer-18-schlauch-o-mm","status":"publish","type":"product","link":"https:\/\/stoic-curie.212-227-153-4.plesk.page\/de\/product\/t-acetalharz-pom-rohr-zu-schlauch-fuer-18-schlauch-o-mm\/","title":{"rendered":"T Acetalharz (POM) Rohr-zu-Schlauch f\u00fcr 18 Schlauch \u00d8 mm"},"content":{"rendered":"<p>T Acetalharz (POM) Rohr-zu-Schlauch f\u00fcr 18 Schlauch \u00d8 mm &#8211; <\/p>\n<p>Rohr-zu-Schlauch-Fittings aus Acetalharz, die f\u00fcr S\u00fc\u00dfwasser-, Abwasser- und Meerwassersysteme entwickelt wurden. Sie verf\u00fcgen \u00fcber einen glatten Innenkanal f\u00fcr den Fl\u00fcssigkeitsfluss ohne Kanten und dicke W\u00e4nde f\u00fcr erh\u00f6hte Schlagfestigkeit und Korrosionsschutz. Geeignet f\u00fcr Betriebsdr\u00fccke von bis zu 10 bar bei einer maximalen Temperatur von 85 \u00b0C.<\/p>\n","protected":false},"excerpt":{"rendered":"<p>T Acetalharz (POM) Rohr-zu-Schlauch f\u00fcr 18 Schlauch \u00d8 mm &#8211; Rohr-zu-Schlauch-Fittings aus Acetalharz, die f\u00fcr S\u00fc\u00dfwasser-, Abwasser- und Meerwassersysteme entwickelt<\/p>\n","protected":false},"featured_media":5752300,"comment_status":"open","ping_status":"closed","template":"","meta":[],"product_brand":[3355],"product_cat":[1374],"product_tag":[],"class_list":{"0":"post-5755341","1":"product","2":"type-product","3":"status-publish","4":"has-post-thumbnail","6":"product_brand-seaflow-de","7":"product_cat-kunststoff-wasserinstallationsarmaturen","9":"first","10":"instock","11":"shipping-taxable","12":"purchasable","13":"product-type-simple"},"_links":{"self":[{"href":"https:\/\/stoic-curie.212-227-153-4.plesk.page\/de\/wp-json\/wp\/v2\/product\/5755341","targetHints":{"allow":["GET"]}}],"collection":[{"href":"https:\/\/stoic-curie.212-227-153-4.plesk.page\/de\/wp-json\/wp\/v2\/product"}],"about":[{"href":"https:\/\/stoic-curie.212-227-153-4.plesk.page\/de\/wp-json\/wp\/v2\/types\/product"}],"replies":[{"embeddable":true,"href":"https:\/\/stoic-curie.212-227-153-4.plesk.page\/de\/wp-json\/wp\/v2\/comments?post=5755341"}],"version-history":[{"count":0,"href":"https:\/\/stoic-curie.212-227-153-4.plesk.page\/de\/wp-json\/wp\/v2\/product\/5755341\/revisions"}],"wp:featuredmedia":[{"embeddable":true,"href":"https:\/\/stoic-curie.212-227-153-4.plesk.page\/de\/wp-json\/wp\/v2\/media\/5752300"}],"wp:attachment":[{"href":"https:\/\/stoic-curie.212-227-153-4.plesk.page\/de\/wp-json\/wp\/v2\/media?parent=5755341"}],"wp:term":[{"taxonomy":"product_brand","embeddable":true,"href":"https:\/\/stoic-curie.212-227-153-4.plesk.page\/de\/wp-json\/wp\/v2\/product_brand?post=5755341"},{"taxonomy":"product_cat","embeddable":true,"href":"https:\/\/stoic-curie.212-227-153-4.plesk.page\/de\/wp-json\/wp\/v2\/product_cat?post=5755341"},{"taxonomy":"product_tag","embeddable":true,"href":"https:\/\/stoic-curie.212-227-153-4.plesk.page\/de\/wp-json\/wp\/v2\/product_tag?post=5755341"}],"curies":[{"name":"wp","href":"https:\/\/api.w.org\/{rel}","templated":true}]}}