{"id":5755343,"date":"2026-02-12T13:26:48","date_gmt":"2026-02-12T12:26:48","guid":{"rendered":"https:\/\/stoic-curie.212-227-153-4.plesk.page\/product\/t-acetalharz-pom-rohr-zu-schlauch-fuer-25-schlauch-o-mm\/"},"modified":"2026-02-24T23:35:28","modified_gmt":"2026-02-24T23:35:28","slug":"t-acetalharz-pom-rohr-zu-schlauch-fuer-25-schlauch-o-mm","status":"publish","type":"product","link":"https:\/\/stoic-curie.212-227-153-4.plesk.page\/de\/product\/t-acetalharz-pom-rohr-zu-schlauch-fuer-25-schlauch-o-mm\/","title":{"rendered":"T Acetalharz (POM) Rohr-zu-Schlauch f\u00fcr 25 Schlauch \u00d8 mm"},"content":{"rendered":"<p>T Acetalharz (POM) Rohr-zu-Schlauch f\u00fcr 25 Schlauch \u00d8 mm &#8211; <\/p>\n<p>Rohr-zu-Schlauch Fitting aus Acetalharz, geeignet f\u00fcr S\u00fc\u00dfwasser-, Abwasser- und Meerwassersysteme. Es verf\u00fcgt \u00fcber einen glatten innneren Fluiddurchgang ohne Kanten und dicke W\u00e4nde, die Sto\u00dffestigkeit und Korrosionsschutz bieten. Der Betrieb erfolgt unter einem Druck von 10 bar bei maximal 85 \u00b0C.<\/p>\n","protected":false},"excerpt":{"rendered":"<p>T Acetalharz (POM) Rohr-zu-Schlauch f\u00fcr 25 Schlauch \u00d8 mm &#8211; Rohr-zu-Schlauch Fitting aus Acetalharz, geeignet f\u00fcr S\u00fc\u00dfwasser-, Abwasser- und Meerwassersysteme.<\/p>\n","protected":false},"featured_media":5752300,"comment_status":"open","ping_status":"closed","template":"","meta":[],"product_brand":[3355],"product_cat":[1374],"product_tag":[],"class_list":{"0":"post-5755343","1":"product","2":"type-product","3":"status-publish","4":"has-post-thumbnail","6":"product_brand-seaflow-de","7":"product_cat-kunststoff-wasserinstallationsarmaturen","9":"first","10":"instock","11":"shipping-taxable","12":"purchasable","13":"product-type-simple"},"_links":{"self":[{"href":"https:\/\/stoic-curie.212-227-153-4.plesk.page\/de\/wp-json\/wp\/v2\/product\/5755343","targetHints":{"allow":["GET"]}}],"collection":[{"href":"https:\/\/stoic-curie.212-227-153-4.plesk.page\/de\/wp-json\/wp\/v2\/product"}],"about":[{"href":"https:\/\/stoic-curie.212-227-153-4.plesk.page\/de\/wp-json\/wp\/v2\/types\/product"}],"replies":[{"embeddable":true,"href":"https:\/\/stoic-curie.212-227-153-4.plesk.page\/de\/wp-json\/wp\/v2\/comments?post=5755343"}],"version-history":[{"count":0,"href":"https:\/\/stoic-curie.212-227-153-4.plesk.page\/de\/wp-json\/wp\/v2\/product\/5755343\/revisions"}],"wp:featuredmedia":[{"embeddable":true,"href":"https:\/\/stoic-curie.212-227-153-4.plesk.page\/de\/wp-json\/wp\/v2\/media\/5752300"}],"wp:attachment":[{"href":"https:\/\/stoic-curie.212-227-153-4.plesk.page\/de\/wp-json\/wp\/v2\/media?parent=5755343"}],"wp:term":[{"taxonomy":"product_brand","embeddable":true,"href":"https:\/\/stoic-curie.212-227-153-4.plesk.page\/de\/wp-json\/wp\/v2\/product_brand?post=5755343"},{"taxonomy":"product_cat","embeddable":true,"href":"https:\/\/stoic-curie.212-227-153-4.plesk.page\/de\/wp-json\/wp\/v2\/product_cat?post=5755343"},{"taxonomy":"product_tag","embeddable":true,"href":"https:\/\/stoic-curie.212-227-153-4.plesk.page\/de\/wp-json\/wp\/v2\/product_tag?post=5755343"}],"curies":[{"name":"wp","href":"https:\/\/api.w.org\/{rel}","templated":true}]}}