{"id":5755345,"date":"2026-02-12T13:26:50","date_gmt":"2026-02-12T12:26:50","guid":{"rendered":"https:\/\/stoic-curie.212-227-153-4.plesk.page\/product\/y-acetalharz-pom-rohr-zu-schlauch-fuer-10-schlauch-o-mm\/"},"modified":"2026-02-24T23:35:28","modified_gmt":"2026-02-24T23:35:28","slug":"y-acetalharz-pom-rohr-zu-schlauch-fuer-10-schlauch-o-mm","status":"publish","type":"product","link":"https:\/\/stoic-curie.212-227-153-4.plesk.page\/de\/product\/y-acetalharz-pom-rohr-zu-schlauch-fuer-10-schlauch-o-mm\/","title":{"rendered":"Y Acetalharz (POM) Rohr-zu-Schlauch f\u00fcr 10 Schlauch \u00d8 mm"},"content":{"rendered":"<p>Y Acetalharz (POM) Rohr-zu-Schlauch f\u00fcr 10 Schlauch \u00d8 mm &#8211; <\/p>\n<p>Die Y Acetalharz Polymer Rohr-zu-Schlauch Verbindung ist f\u00fcr Frischwasser-, Abwasser- und Meerwassersysteme konzipiert. Sie verf\u00fcgt \u00fcber einen glatten Innenkanal, der einen ungehinderten Fluss von Fl\u00fcssigkeiten gew\u00e4hrleistet, sowie dicke W\u00e4nde, die Widerstand gegen St\u00f6\u00dfe und Korrosion bieten. Die Verbindung hat einen Betriebsdruck von bis zu 10 bar bei einer maximalen Temperatur von 85 \u00b0C.<\/p>\n","protected":false},"excerpt":{"rendered":"<p>Y Acetalharz (POM) Rohr-zu-Schlauch f\u00fcr 10 Schlauch \u00d8 mm &#8211; Die Y Acetalharz Polymer Rohr-zu-Schlauch Verbindung ist f\u00fcr Frischwasser-, Abwasser-<\/p>\n","protected":false},"featured_media":5752314,"comment_status":"open","ping_status":"closed","template":"","meta":[],"product_brand":[3355],"product_cat":[1374],"product_tag":[],"class_list":{"0":"post-5755345","1":"product","2":"type-product","3":"status-publish","4":"has-post-thumbnail","6":"product_brand-seaflow-de","7":"product_cat-kunststoff-wasserinstallationsarmaturen","9":"first","10":"instock","11":"shipping-taxable","12":"purchasable","13":"product-type-simple"},"_links":{"self":[{"href":"https:\/\/stoic-curie.212-227-153-4.plesk.page\/de\/wp-json\/wp\/v2\/product\/5755345","targetHints":{"allow":["GET"]}}],"collection":[{"href":"https:\/\/stoic-curie.212-227-153-4.plesk.page\/de\/wp-json\/wp\/v2\/product"}],"about":[{"href":"https:\/\/stoic-curie.212-227-153-4.plesk.page\/de\/wp-json\/wp\/v2\/types\/product"}],"replies":[{"embeddable":true,"href":"https:\/\/stoic-curie.212-227-153-4.plesk.page\/de\/wp-json\/wp\/v2\/comments?post=5755345"}],"version-history":[{"count":0,"href":"https:\/\/stoic-curie.212-227-153-4.plesk.page\/de\/wp-json\/wp\/v2\/product\/5755345\/revisions"}],"wp:featuredmedia":[{"embeddable":true,"href":"https:\/\/stoic-curie.212-227-153-4.plesk.page\/de\/wp-json\/wp\/v2\/media\/5752314"}],"wp:attachment":[{"href":"https:\/\/stoic-curie.212-227-153-4.plesk.page\/de\/wp-json\/wp\/v2\/media?parent=5755345"}],"wp:term":[{"taxonomy":"product_brand","embeddable":true,"href":"https:\/\/stoic-curie.212-227-153-4.plesk.page\/de\/wp-json\/wp\/v2\/product_brand?post=5755345"},{"taxonomy":"product_cat","embeddable":true,"href":"https:\/\/stoic-curie.212-227-153-4.plesk.page\/de\/wp-json\/wp\/v2\/product_cat?post=5755345"},{"taxonomy":"product_tag","embeddable":true,"href":"https:\/\/stoic-curie.212-227-153-4.plesk.page\/de\/wp-json\/wp\/v2\/product_tag?post=5755345"}],"curies":[{"name":"wp","href":"https:\/\/api.w.org\/{rel}","templated":true}]}}