{"id":5755346,"date":"2026-02-12T13:26:50","date_gmt":"2026-02-12T12:26:50","guid":{"rendered":"https:\/\/stoic-curie.212-227-153-4.plesk.page\/product\/y-acetalharz-pom-rohr-zu-schlauch-fuer-12-schlauch-o-mm\/"},"modified":"2026-02-24T23:35:28","modified_gmt":"2026-02-24T23:35:28","slug":"y-acetalharz-pom-rohr-zu-schlauch-fuer-12-schlauch-o-mm","status":"publish","type":"product","link":"https:\/\/stoic-curie.212-227-153-4.plesk.page\/de\/product\/y-acetalharz-pom-rohr-zu-schlauch-fuer-12-schlauch-o-mm\/","title":{"rendered":"Y Acetalharz (POM) Rohr-zu-Schlauch f\u00fcr 12 Schlauch \u00d8 mm"},"content":{"rendered":"<p>Y Acetalharz (POM) Rohr-zu-Schlauch f\u00fcr 12 Schlauch \u00d8 mm &#8211; <\/p>\n<p>Acetalharz-Polymer Rohr-zu-Schlauch-Befestigung f\u00fcr S\u00fc\u00dfwasser-, Abwasser- und Meerwassersysteme. Entwickelt f\u00fcr einen glatten inneren Durchgang von Fl\u00fcssigkeiten ohne Kanten und mit dicken W\u00e4nden, um St\u00f6\u00dfen und Korrosion standzuhalten. Betriebsdruck von 10 bar bei maximal 85 \u00b0C.<\/p>\n","protected":false},"excerpt":{"rendered":"<p>Y Acetalharz (POM) Rohr-zu-Schlauch f\u00fcr 12 Schlauch \u00d8 mm &#8211; Acetalharz-Polymer Rohr-zu-Schlauch-Befestigung f\u00fcr S\u00fc\u00dfwasser-, Abwasser- und Meerwassersysteme. Entwickelt f\u00fcr einen<\/p>\n","protected":false},"featured_media":5752314,"comment_status":"open","ping_status":"closed","template":"","meta":[],"product_brand":[3355],"product_cat":[1374],"product_tag":[],"class_list":{"0":"post-5755346","1":"product","2":"type-product","3":"status-publish","4":"has-post-thumbnail","6":"product_brand-seaflow-de","7":"product_cat-kunststoff-wasserinstallationsarmaturen","9":"first","10":"instock","11":"shipping-taxable","12":"purchasable","13":"product-type-simple"},"_links":{"self":[{"href":"https:\/\/stoic-curie.212-227-153-4.plesk.page\/de\/wp-json\/wp\/v2\/product\/5755346","targetHints":{"allow":["GET"]}}],"collection":[{"href":"https:\/\/stoic-curie.212-227-153-4.plesk.page\/de\/wp-json\/wp\/v2\/product"}],"about":[{"href":"https:\/\/stoic-curie.212-227-153-4.plesk.page\/de\/wp-json\/wp\/v2\/types\/product"}],"replies":[{"embeddable":true,"href":"https:\/\/stoic-curie.212-227-153-4.plesk.page\/de\/wp-json\/wp\/v2\/comments?post=5755346"}],"version-history":[{"count":0,"href":"https:\/\/stoic-curie.212-227-153-4.plesk.page\/de\/wp-json\/wp\/v2\/product\/5755346\/revisions"}],"wp:featuredmedia":[{"embeddable":true,"href":"https:\/\/stoic-curie.212-227-153-4.plesk.page\/de\/wp-json\/wp\/v2\/media\/5752314"}],"wp:attachment":[{"href":"https:\/\/stoic-curie.212-227-153-4.plesk.page\/de\/wp-json\/wp\/v2\/media?parent=5755346"}],"wp:term":[{"taxonomy":"product_brand","embeddable":true,"href":"https:\/\/stoic-curie.212-227-153-4.plesk.page\/de\/wp-json\/wp\/v2\/product_brand?post=5755346"},{"taxonomy":"product_cat","embeddable":true,"href":"https:\/\/stoic-curie.212-227-153-4.plesk.page\/de\/wp-json\/wp\/v2\/product_cat?post=5755346"},{"taxonomy":"product_tag","embeddable":true,"href":"https:\/\/stoic-curie.212-227-153-4.plesk.page\/de\/wp-json\/wp\/v2\/product_tag?post=5755346"}],"curies":[{"name":"wp","href":"https:\/\/api.w.org\/{rel}","templated":true}]}}