{"id":5755352,"date":"2026-02-12T13:26:55","date_gmt":"2026-02-12T12:26:55","guid":{"rendered":"https:\/\/stoic-curie.212-227-153-4.plesk.page\/product\/m-rohr-zu-schlauch-g-1-4-x-7-gewinde\/"},"modified":"2026-02-24T23:35:28","modified_gmt":"2026-02-24T23:35:28","slug":"m-rohr-zu-schlauch-g-1-4-x-7-gewinde","status":"publish","type":"product","link":"https:\/\/stoic-curie.212-227-153-4.plesk.page\/de\/product\/m-rohr-zu-schlauch-g-1-4-x-7-gewinde\/","title":{"rendered":"M Rohr-zu-Schlauch G 1\/4 x 7 Gewinde (&#8220;),"},"content":{"rendered":"<p>M Rohr-zu-Schlauch G 1\/4 x 7 Gewinde (&#8220;), &#8211; <\/p>\n<p>Die M Rohr-zu-Schlauch Verbindung besteht aus Verbundpolypropylen, verst\u00e4rkt mit Glasfasern. Sie bietet \u00fcberlegene Gewinde- und Druckdichtigkeit, ist abrieb- und verschlei\u00dffest und frei von chemischer und galvanischer Korrosion. Diese Verbindung eignet sich f\u00fcr den Durchfluss von Frischwasser gem\u00e4\u00df CE 10\/2011 und DM174\/2004, mit einem Betriebsdruck von 10 bar bei maximal 100 \u00b0C.<\/p>\n","protected":false},"excerpt":{"rendered":"<p>M Rohr-zu-Schlauch G 1\/4 x 7 Gewinde (&#8220;), &#8211; Die M Rohr-zu-Schlauch Verbindung besteht aus Verbundpolypropylen, verst\u00e4rkt mit Glasfasern. Sie<\/p>\n","protected":false},"featured_media":5752330,"comment_status":"open","ping_status":"closed","template":"","meta":[],"product_brand":[3355],"product_cat":[1374],"product_tag":[],"class_list":{"0":"post-5755352","1":"product","2":"type-product","3":"status-publish","4":"has-post-thumbnail","6":"product_brand-seaflow-de","7":"product_cat-kunststoff-wasserinstallationsarmaturen","9":"first","10":"instock","11":"shipping-taxable","12":"purchasable","13":"product-type-simple"},"_links":{"self":[{"href":"https:\/\/stoic-curie.212-227-153-4.plesk.page\/de\/wp-json\/wp\/v2\/product\/5755352","targetHints":{"allow":["GET"]}}],"collection":[{"href":"https:\/\/stoic-curie.212-227-153-4.plesk.page\/de\/wp-json\/wp\/v2\/product"}],"about":[{"href":"https:\/\/stoic-curie.212-227-153-4.plesk.page\/de\/wp-json\/wp\/v2\/types\/product"}],"replies":[{"embeddable":true,"href":"https:\/\/stoic-curie.212-227-153-4.plesk.page\/de\/wp-json\/wp\/v2\/comments?post=5755352"}],"version-history":[{"count":0,"href":"https:\/\/stoic-curie.212-227-153-4.plesk.page\/de\/wp-json\/wp\/v2\/product\/5755352\/revisions"}],"wp:featuredmedia":[{"embeddable":true,"href":"https:\/\/stoic-curie.212-227-153-4.plesk.page\/de\/wp-json\/wp\/v2\/media\/5752330"}],"wp:attachment":[{"href":"https:\/\/stoic-curie.212-227-153-4.plesk.page\/de\/wp-json\/wp\/v2\/media?parent=5755352"}],"wp:term":[{"taxonomy":"product_brand","embeddable":true,"href":"https:\/\/stoic-curie.212-227-153-4.plesk.page\/de\/wp-json\/wp\/v2\/product_brand?post=5755352"},{"taxonomy":"product_cat","embeddable":true,"href":"https:\/\/stoic-curie.212-227-153-4.plesk.page\/de\/wp-json\/wp\/v2\/product_cat?post=5755352"},{"taxonomy":"product_tag","embeddable":true,"href":"https:\/\/stoic-curie.212-227-153-4.plesk.page\/de\/wp-json\/wp\/v2\/product_tag?post=5755352"}],"curies":[{"name":"wp","href":"https:\/\/api.w.org\/{rel}","templated":true}]}}