{"id":5755364,"date":"2026-02-12T13:27:03","date_gmt":"2026-02-12T12:27:03","guid":{"rendered":"https:\/\/stoic-curie.212-227-153-4.plesk.page\/product\/m-rohr-zu-schlauch-g-1-2-x-16-gewinde-zoll\/"},"modified":"2026-02-24T23:35:28","modified_gmt":"2026-02-24T23:35:28","slug":"m-rohr-zu-schlauch-g-1-2-x-16-gewinde-zoll","status":"publish","type":"product","link":"https:\/\/stoic-curie.212-227-153-4.plesk.page\/de\/product\/m-rohr-zu-schlauch-g-1-2-x-16-gewinde-zoll\/","title":{"rendered":"M Rohr-zu-Schlauch G 1\/2 x 16 Gewinde (Zoll)"},"content":{"rendered":"<p>M Rohr-zu-Schlauch G 1\/2 x 16 Gewinde (Zoll) &#8211; <\/p>\n<p>M Rohr-zu-Schlauch aus Verbundpolypropylen, das mit Glasfasern verst\u00e4rkt ist. Es bietet eine \u00fcberlegene Gewindeintegrit\u00e4t und Druckdichtigkeit und ist best\u00e4ndig gegen Abrieb, Abnutzung sowie chemische und galvanische Korrosion. Dieses Produkt ist f\u00fcr den Durchfluss von Frischwasser gem\u00e4\u00df den Vorschriften CE 10\/2011 und DM174\/2004 geeignet. Betriebsdruck betr\u00e4gt 10 bar bei einer maximalen Temperatur von 100\u00b0C.<\/p>\n","protected":false},"excerpt":{"rendered":"<p>M Rohr-zu-Schlauch G 1\/2 x 16 Gewinde (Zoll) &#8211; M Rohr-zu-Schlauch aus Verbundpolypropylen, das mit Glasfasern verst\u00e4rkt ist. Es bietet<\/p>\n","protected":false},"featured_media":5752330,"comment_status":"open","ping_status":"closed","template":"","meta":[],"product_brand":[3355],"product_cat":[1374],"product_tag":[],"class_list":{"0":"post-5755364","1":"product","2":"type-product","3":"status-publish","4":"has-post-thumbnail","6":"product_brand-seaflow-de","7":"product_cat-kunststoff-wasserinstallationsarmaturen","9":"first","10":"instock","11":"shipping-taxable","12":"purchasable","13":"product-type-simple"},"_links":{"self":[{"href":"https:\/\/stoic-curie.212-227-153-4.plesk.page\/de\/wp-json\/wp\/v2\/product\/5755364","targetHints":{"allow":["GET"]}}],"collection":[{"href":"https:\/\/stoic-curie.212-227-153-4.plesk.page\/de\/wp-json\/wp\/v2\/product"}],"about":[{"href":"https:\/\/stoic-curie.212-227-153-4.plesk.page\/de\/wp-json\/wp\/v2\/types\/product"}],"replies":[{"embeddable":true,"href":"https:\/\/stoic-curie.212-227-153-4.plesk.page\/de\/wp-json\/wp\/v2\/comments?post=5755364"}],"version-history":[{"count":0,"href":"https:\/\/stoic-curie.212-227-153-4.plesk.page\/de\/wp-json\/wp\/v2\/product\/5755364\/revisions"}],"wp:featuredmedia":[{"embeddable":true,"href":"https:\/\/stoic-curie.212-227-153-4.plesk.page\/de\/wp-json\/wp\/v2\/media\/5752330"}],"wp:attachment":[{"href":"https:\/\/stoic-curie.212-227-153-4.plesk.page\/de\/wp-json\/wp\/v2\/media?parent=5755364"}],"wp:term":[{"taxonomy":"product_brand","embeddable":true,"href":"https:\/\/stoic-curie.212-227-153-4.plesk.page\/de\/wp-json\/wp\/v2\/product_brand?post=5755364"},{"taxonomy":"product_cat","embeddable":true,"href":"https:\/\/stoic-curie.212-227-153-4.plesk.page\/de\/wp-json\/wp\/v2\/product_cat?post=5755364"},{"taxonomy":"product_tag","embeddable":true,"href":"https:\/\/stoic-curie.212-227-153-4.plesk.page\/de\/wp-json\/wp\/v2\/product_tag?post=5755364"}],"curies":[{"name":"wp","href":"https:\/\/api.w.org\/{rel}","templated":true}]}}