{"id":5755386,"date":"2026-02-12T13:27:20","date_gmt":"2026-02-12T12:27:20","guid":{"rendered":"https:\/\/stoic-curie.212-227-153-4.plesk.page\/product\/m-rohr-zu-schlauch-g-2-x-60-gewinde\/"},"modified":"2026-02-24T23:35:28","modified_gmt":"2026-02-24T23:35:28","slug":"m-rohr-zu-schlauch-g-2-x-60-gewinde","status":"publish","type":"product","link":"https:\/\/stoic-curie.212-227-153-4.plesk.page\/de\/product\/m-rohr-zu-schlauch-g-2-x-60-gewinde\/","title":{"rendered":"M Rohr-zu-Schlauch G 2&#8243; x 60 Gewinde"},"content":{"rendered":"<p>M Rohr-zu-Schlauch G 2&#8243; x 60 Gewinde &#8211; <\/p>\n<p>Das M Rohr-zu-Schlauch besteht aus verst\u00e4rktem Polypropylen mit Glasfasern. Es bietet \u00fcberlegene Gewinde- und Druckdichtheit, ist widerstandsf\u00e4hig gegen Abrieb und Verschlei\u00df und ist frei von chemischer sowie galvanischer Korrosion. Dieses Produkt eignet sich f\u00fcr die Durchleitung von Frischwasser gem\u00e4\u00df den Tabellen CE 10\/2011 und DM174\/2004. Der Betriebsdruck betr\u00e4gt 10 bar bei einer H\u00f6chsttemperatur von 100\u00b0C.<\/p>\n","protected":false},"excerpt":{"rendered":"<p>M Rohr-zu-Schlauch G 2&#8243; x 60 Gewinde &#8211; Das M Rohr-zu-Schlauch besteht aus verst\u00e4rktem Polypropylen mit Glasfasern. Es bietet \u00fcberlegene<\/p>\n","protected":false},"featured_media":5752330,"comment_status":"open","ping_status":"closed","template":"","meta":[],"product_brand":[3355],"product_cat":[1374],"product_tag":[],"class_list":{"0":"post-5755386","1":"product","2":"type-product","3":"status-publish","4":"has-post-thumbnail","6":"product_brand-seaflow-de","7":"product_cat-kunststoff-wasserinstallationsarmaturen","9":"first","10":"instock","11":"shipping-taxable","12":"purchasable","13":"product-type-simple"},"_links":{"self":[{"href":"https:\/\/stoic-curie.212-227-153-4.plesk.page\/de\/wp-json\/wp\/v2\/product\/5755386","targetHints":{"allow":["GET"]}}],"collection":[{"href":"https:\/\/stoic-curie.212-227-153-4.plesk.page\/de\/wp-json\/wp\/v2\/product"}],"about":[{"href":"https:\/\/stoic-curie.212-227-153-4.plesk.page\/de\/wp-json\/wp\/v2\/types\/product"}],"replies":[{"embeddable":true,"href":"https:\/\/stoic-curie.212-227-153-4.plesk.page\/de\/wp-json\/wp\/v2\/comments?post=5755386"}],"version-history":[{"count":0,"href":"https:\/\/stoic-curie.212-227-153-4.plesk.page\/de\/wp-json\/wp\/v2\/product\/5755386\/revisions"}],"wp:featuredmedia":[{"embeddable":true,"href":"https:\/\/stoic-curie.212-227-153-4.plesk.page\/de\/wp-json\/wp\/v2\/media\/5752330"}],"wp:attachment":[{"href":"https:\/\/stoic-curie.212-227-153-4.plesk.page\/de\/wp-json\/wp\/v2\/media?parent=5755386"}],"wp:term":[{"taxonomy":"product_brand","embeddable":true,"href":"https:\/\/stoic-curie.212-227-153-4.plesk.page\/de\/wp-json\/wp\/v2\/product_brand?post=5755386"},{"taxonomy":"product_cat","embeddable":true,"href":"https:\/\/stoic-curie.212-227-153-4.plesk.page\/de\/wp-json\/wp\/v2\/product_cat?post=5755386"},{"taxonomy":"product_tag","embeddable":true,"href":"https:\/\/stoic-curie.212-227-153-4.plesk.page\/de\/wp-json\/wp\/v2\/product_tag?post=5755386"}],"curies":[{"name":"wp","href":"https:\/\/api.w.org\/{rel}","templated":true}]}}