{"id":5755390,"date":"2026-02-12T13:27:22","date_gmt":"2026-02-12T12:27:22","guid":{"rendered":"https:\/\/stoic-curie.212-227-153-4.plesk.page\/product\/schlauchverbinder-mit-f-sperrmutter-g-3-8-x-12-gewinde\/"},"modified":"2026-02-24T23:35:28","modified_gmt":"2026-02-24T23:35:28","slug":"schlauchverbinder-mit-f-sperrmutter-g-3-8-x-12-gewinde","status":"publish","type":"product","link":"https:\/\/stoic-curie.212-227-153-4.plesk.page\/de\/product\/schlauchverbinder-mit-f-sperrmutter-g-3-8-x-12-gewinde\/","title":{"rendered":"Schlauchverbinder mit F-Sperrmutter G 3\/8 x 12 Gewinde"},"content":{"rendered":"<p>Schlauchverbinder mit F-Sperrmutter G 3\/8 x 12 Gewinde &#8211; <\/p>\n<p>F-Rohr-zu-Schlauchverbinder mit Ring aus Verbundpolypropylen, verst\u00e4rkt mit Glasfasern. Er bietet \u00fcberlegene Gewinde- und Druckdichtheit, ist verschlei\u00dffest und frei von chemischer und galvanischer Korrosion. Dieser Verbinder ist geeignet f\u00fcr die Durchleitung von Frischwasser gem\u00e4\u00df CE 10\/2011 und DM174\/2004. Der Arbeitsdruck betr\u00e4gt 10 bar bei maximal 100\u00b0C.<\/p>\n","protected":false},"excerpt":{"rendered":"<p>Schlauchverbinder mit F-Sperrmutter G 3\/8 x 12 Gewinde &#8211; F-Rohr-zu-Schlauchverbinder mit Ring aus Verbundpolypropylen, verst\u00e4rkt mit Glasfasern. Er bietet \u00fcberlegene<\/p>\n","protected":false},"featured_media":5752400,"comment_status":"open","ping_status":"closed","template":"","meta":[],"product_brand":[3355],"product_cat":[1374],"product_tag":[],"class_list":{"0":"post-5755390","1":"product","2":"type-product","3":"status-publish","4":"has-post-thumbnail","6":"product_brand-seaflow-de","7":"product_cat-kunststoff-wasserinstallationsarmaturen","9":"first","10":"instock","11":"shipping-taxable","12":"purchasable","13":"product-type-simple"},"_links":{"self":[{"href":"https:\/\/stoic-curie.212-227-153-4.plesk.page\/de\/wp-json\/wp\/v2\/product\/5755390","targetHints":{"allow":["GET"]}}],"collection":[{"href":"https:\/\/stoic-curie.212-227-153-4.plesk.page\/de\/wp-json\/wp\/v2\/product"}],"about":[{"href":"https:\/\/stoic-curie.212-227-153-4.plesk.page\/de\/wp-json\/wp\/v2\/types\/product"}],"replies":[{"embeddable":true,"href":"https:\/\/stoic-curie.212-227-153-4.plesk.page\/de\/wp-json\/wp\/v2\/comments?post=5755390"}],"version-history":[{"count":0,"href":"https:\/\/stoic-curie.212-227-153-4.plesk.page\/de\/wp-json\/wp\/v2\/product\/5755390\/revisions"}],"wp:featuredmedia":[{"embeddable":true,"href":"https:\/\/stoic-curie.212-227-153-4.plesk.page\/de\/wp-json\/wp\/v2\/media\/5752400"}],"wp:attachment":[{"href":"https:\/\/stoic-curie.212-227-153-4.plesk.page\/de\/wp-json\/wp\/v2\/media?parent=5755390"}],"wp:term":[{"taxonomy":"product_brand","embeddable":true,"href":"https:\/\/stoic-curie.212-227-153-4.plesk.page\/de\/wp-json\/wp\/v2\/product_brand?post=5755390"},{"taxonomy":"product_cat","embeddable":true,"href":"https:\/\/stoic-curie.212-227-153-4.plesk.page\/de\/wp-json\/wp\/v2\/product_cat?post=5755390"},{"taxonomy":"product_tag","embeddable":true,"href":"https:\/\/stoic-curie.212-227-153-4.plesk.page\/de\/wp-json\/wp\/v2\/product_tag?post=5755390"}],"curies":[{"name":"wp","href":"https:\/\/api.w.org\/{rel}","templated":true}]}}