{"id":5755391,"date":"2026-02-12T13:27:23","date_gmt":"2026-02-12T12:27:23","guid":{"rendered":"https:\/\/stoic-curie.212-227-153-4.plesk.page\/product\/schlauchanschluss-mit-f-schraubmutter-g-1-2-x-10-gewinde\/"},"modified":"2026-02-24T23:35:28","modified_gmt":"2026-02-24T23:35:28","slug":"schlauchanschluss-mit-f-schraubmutter-g-1-2-x-10-gewinde","status":"publish","type":"product","link":"https:\/\/stoic-curie.212-227-153-4.plesk.page\/de\/product\/schlauchanschluss-mit-f-schraubmutter-g-1-2-x-10-gewinde\/","title":{"rendered":"Schlauchanschluss mit F Schraubmutter G 1\/2 x 10 Gewinde"},"content":{"rendered":"<p>Schlauchanschluss mit F Schraubmutter G 1\/2 x 10 Gewinde &#8211; <\/p>\n<p>Der F-Rohr-zu-Schlauch-Anschluss ist mit einem Ring aus glasfaserverst\u00e4rktem Polypropylen gefertigt. Er bietet eine \u00fcberlegene Gewindequalit\u00e4t und Dichtheit, ist abrieb- und verschlei\u00dffest und resistent gegen chemische und galvanische Korrosion. Dieser Anschluss ist f\u00fcr den Durchfluss von Frischwasser gem\u00e4\u00df CE 10\/2011 und DM174\/2004 geeignet. Er h\u00e4lt einem Betriebsdruck von bis zu 10 bar bei maximal 100\u00b0C stand.<\/p>\n","protected":false},"excerpt":{"rendered":"<p>Schlauchanschluss mit F Schraubmutter G 1\/2 x 10 Gewinde &#8211; Der F-Rohr-zu-Schlauch-Anschluss ist mit einem Ring aus glasfaserverst\u00e4rktem Polypropylen gefertigt.<\/p>\n","protected":false},"featured_media":5752400,"comment_status":"open","ping_status":"closed","template":"","meta":[],"product_brand":[3355],"product_cat":[1374],"product_tag":[],"class_list":{"0":"post-5755391","1":"product","2":"type-product","3":"status-publish","4":"has-post-thumbnail","6":"product_brand-seaflow-de","7":"product_cat-kunststoff-wasserinstallationsarmaturen","9":"first","10":"instock","11":"shipping-taxable","12":"purchasable","13":"product-type-simple"},"_links":{"self":[{"href":"https:\/\/stoic-curie.212-227-153-4.plesk.page\/de\/wp-json\/wp\/v2\/product\/5755391","targetHints":{"allow":["GET"]}}],"collection":[{"href":"https:\/\/stoic-curie.212-227-153-4.plesk.page\/de\/wp-json\/wp\/v2\/product"}],"about":[{"href":"https:\/\/stoic-curie.212-227-153-4.plesk.page\/de\/wp-json\/wp\/v2\/types\/product"}],"replies":[{"embeddable":true,"href":"https:\/\/stoic-curie.212-227-153-4.plesk.page\/de\/wp-json\/wp\/v2\/comments?post=5755391"}],"version-history":[{"count":0,"href":"https:\/\/stoic-curie.212-227-153-4.plesk.page\/de\/wp-json\/wp\/v2\/product\/5755391\/revisions"}],"wp:featuredmedia":[{"embeddable":true,"href":"https:\/\/stoic-curie.212-227-153-4.plesk.page\/de\/wp-json\/wp\/v2\/media\/5752400"}],"wp:attachment":[{"href":"https:\/\/stoic-curie.212-227-153-4.plesk.page\/de\/wp-json\/wp\/v2\/media?parent=5755391"}],"wp:term":[{"taxonomy":"product_brand","embeddable":true,"href":"https:\/\/stoic-curie.212-227-153-4.plesk.page\/de\/wp-json\/wp\/v2\/product_brand?post=5755391"},{"taxonomy":"product_cat","embeddable":true,"href":"https:\/\/stoic-curie.212-227-153-4.plesk.page\/de\/wp-json\/wp\/v2\/product_cat?post=5755391"},{"taxonomy":"product_tag","embeddable":true,"href":"https:\/\/stoic-curie.212-227-153-4.plesk.page\/de\/wp-json\/wp\/v2\/product_tag?post=5755391"}],"curies":[{"name":"wp","href":"https:\/\/api.w.org\/{rel}","templated":true}]}}