{"id":5755393,"date":"2026-02-12T13:27:25","date_gmt":"2026-02-12T12:27:25","guid":{"rendered":"https:\/\/stoic-curie.212-227-153-4.plesk.page\/product\/schlauchverbinder-mit-f-mutter-g-1-2-x-16-gewinde\/"},"modified":"2026-02-24T23:35:28","modified_gmt":"2026-02-24T23:35:28","slug":"schlauchverbinder-mit-f-mutter-g-1-2-x-16-gewinde","status":"publish","type":"product","link":"https:\/\/stoic-curie.212-227-153-4.plesk.page\/de\/product\/schlauchverbinder-mit-f-mutter-g-1-2-x-16-gewinde\/","title":{"rendered":"Schlauchverbinder mit F-Mutter G 1\/2 x 16 Gewinde"},"content":{"rendered":"<p>Schlauchverbinder mit F-Mutter G 1\/2 x 16 Gewinde &#8211; <\/p>\n<p>F Rohr-zu-Schlauchverbinder mit einem kompositen Polypropylenk\u00f6rper, verst\u00e4rkt mit Glasfasern. Dieses Produkt bietet \u00fcberlegene Gewindeverrippung und Druckdichte, ist best\u00e4ndig gegen Abrieb und Verschlei\u00df. Es ist frei von chemischer und galvanischer Korrosion, wodurch es f\u00fcr den Frischwassertransport gem\u00e4\u00df CE 10\/2011 und DM174\/2004 geeignet ist. Der Betriebsdruck betr\u00e4gt 10 bar bei maximal 100 \u00b0C.<\/p>\n","protected":false},"excerpt":{"rendered":"<p>Schlauchverbinder mit F-Mutter G 1\/2 x 16 Gewinde &#8211; F Rohr-zu-Schlauchverbinder mit einem kompositen Polypropylenk\u00f6rper, verst\u00e4rkt mit Glasfasern. Dieses Produkt<\/p>\n","protected":false},"featured_media":5752400,"comment_status":"open","ping_status":"closed","template":"","meta":[],"product_brand":[3355],"product_cat":[1374],"product_tag":[],"class_list":{"0":"post-5755393","1":"product","2":"type-product","3":"status-publish","4":"has-post-thumbnail","6":"product_brand-seaflow-de","7":"product_cat-kunststoff-wasserinstallationsarmaturen","9":"first","10":"instock","11":"shipping-taxable","12":"purchasable","13":"product-type-simple"},"_links":{"self":[{"href":"https:\/\/stoic-curie.212-227-153-4.plesk.page\/de\/wp-json\/wp\/v2\/product\/5755393","targetHints":{"allow":["GET"]}}],"collection":[{"href":"https:\/\/stoic-curie.212-227-153-4.plesk.page\/de\/wp-json\/wp\/v2\/product"}],"about":[{"href":"https:\/\/stoic-curie.212-227-153-4.plesk.page\/de\/wp-json\/wp\/v2\/types\/product"}],"replies":[{"embeddable":true,"href":"https:\/\/stoic-curie.212-227-153-4.plesk.page\/de\/wp-json\/wp\/v2\/comments?post=5755393"}],"version-history":[{"count":0,"href":"https:\/\/stoic-curie.212-227-153-4.plesk.page\/de\/wp-json\/wp\/v2\/product\/5755393\/revisions"}],"wp:featuredmedia":[{"embeddable":true,"href":"https:\/\/stoic-curie.212-227-153-4.plesk.page\/de\/wp-json\/wp\/v2\/media\/5752400"}],"wp:attachment":[{"href":"https:\/\/stoic-curie.212-227-153-4.plesk.page\/de\/wp-json\/wp\/v2\/media?parent=5755393"}],"wp:term":[{"taxonomy":"product_brand","embeddable":true,"href":"https:\/\/stoic-curie.212-227-153-4.plesk.page\/de\/wp-json\/wp\/v2\/product_brand?post=5755393"},{"taxonomy":"product_cat","embeddable":true,"href":"https:\/\/stoic-curie.212-227-153-4.plesk.page\/de\/wp-json\/wp\/v2\/product_cat?post=5755393"},{"taxonomy":"product_tag","embeddable":true,"href":"https:\/\/stoic-curie.212-227-153-4.plesk.page\/de\/wp-json\/wp\/v2\/product_tag?post=5755393"}],"curies":[{"name":"wp","href":"https:\/\/api.w.org\/{rel}","templated":true}]}}