{"id":5755402,"date":"2026-02-12T13:27:31","date_gmt":"2026-02-12T12:27:31","guid":{"rendered":"https:\/\/stoic-curie.212-227-153-4.plesk.page\/product\/schlauchanschluss-mit-f-verriegelungsmutter-g-1-x-22-gewinde\/"},"modified":"2026-02-24T23:35:28","modified_gmt":"2026-02-24T23:35:28","slug":"schlauchanschluss-mit-f-verriegelungsmutter-g-1-x-22-gewinde","status":"publish","type":"product","link":"https:\/\/stoic-curie.212-227-153-4.plesk.page\/de\/product\/schlauchanschluss-mit-f-verriegelungsmutter-g-1-x-22-gewinde\/","title":{"rendered":"Schlauchanschluss mit F-Verriegelungsmutter G 1&#8243; x 22 Gewinde"},"content":{"rendered":"<p>Schlauchanschluss mit F-Verriegelungsmutter G 1&#8243; x 22 Gewinde &#8211; <\/p>\n<p>F Rohr-zu-Schlauch-Anschluss mit Ring aus verst\u00e4rktem Polypropylen mit Glasfasern. Dieses Produkt bietet eine \u00fcberlegene Gewindeintegrit\u00e4t und Druckdichtheit, ist abrieb- und verschlei\u00dffest sowie frei von chemischer und galvanischer Korrosion. Es ist f\u00fcr den Durchfluss von Frischwasser gem\u00e4\u00df den Standards CE 10\/2011 und DM174\/2004 geeignet. Der Betriebsdruck betr\u00e4gt 10 bar bei einer maximalen Temperatur von 100\u00b0C.<\/p>\n","protected":false},"excerpt":{"rendered":"<p>Schlauchanschluss mit F-Verriegelungsmutter G 1&#8243; x 22 Gewinde &#8211; F Rohr-zu-Schlauch-Anschluss mit Ring aus verst\u00e4rktem Polypropylen mit Glasfasern. Dieses Produkt<\/p>\n","protected":false},"featured_media":5752400,"comment_status":"open","ping_status":"closed","template":"","meta":[],"product_brand":[3355],"product_cat":[1374],"product_tag":[],"class_list":{"0":"post-5755402","1":"product","2":"type-product","3":"status-publish","4":"has-post-thumbnail","6":"product_brand-seaflow-de","7":"product_cat-kunststoff-wasserinstallationsarmaturen","9":"first","10":"instock","11":"shipping-taxable","12":"purchasable","13":"product-type-simple"},"_links":{"self":[{"href":"https:\/\/stoic-curie.212-227-153-4.plesk.page\/de\/wp-json\/wp\/v2\/product\/5755402","targetHints":{"allow":["GET"]}}],"collection":[{"href":"https:\/\/stoic-curie.212-227-153-4.plesk.page\/de\/wp-json\/wp\/v2\/product"}],"about":[{"href":"https:\/\/stoic-curie.212-227-153-4.plesk.page\/de\/wp-json\/wp\/v2\/types\/product"}],"replies":[{"embeddable":true,"href":"https:\/\/stoic-curie.212-227-153-4.plesk.page\/de\/wp-json\/wp\/v2\/comments?post=5755402"}],"version-history":[{"count":0,"href":"https:\/\/stoic-curie.212-227-153-4.plesk.page\/de\/wp-json\/wp\/v2\/product\/5755402\/revisions"}],"wp:featuredmedia":[{"embeddable":true,"href":"https:\/\/stoic-curie.212-227-153-4.plesk.page\/de\/wp-json\/wp\/v2\/media\/5752400"}],"wp:attachment":[{"href":"https:\/\/stoic-curie.212-227-153-4.plesk.page\/de\/wp-json\/wp\/v2\/media?parent=5755402"}],"wp:term":[{"taxonomy":"product_brand","embeddable":true,"href":"https:\/\/stoic-curie.212-227-153-4.plesk.page\/de\/wp-json\/wp\/v2\/product_brand?post=5755402"},{"taxonomy":"product_cat","embeddable":true,"href":"https:\/\/stoic-curie.212-227-153-4.plesk.page\/de\/wp-json\/wp\/v2\/product_cat?post=5755402"},{"taxonomy":"product_tag","embeddable":true,"href":"https:\/\/stoic-curie.212-227-153-4.plesk.page\/de\/wp-json\/wp\/v2\/product_tag?post=5755402"}],"curies":[{"name":"wp","href":"https:\/\/api.w.org\/{rel}","templated":true}]}}