{"id":5755436,"date":"2026-02-12T13:27:55","date_gmt":"2026-02-12T12:27:55","guid":{"rendered":"https:\/\/stoic-curie.212-227-153-4.plesk.page\/product\/f-eckrohr-zu-schlauch-mit-ring-g-1-2-x-10-gewinde\/"},"modified":"2026-02-24T23:35:28","modified_gmt":"2026-02-24T23:35:28","slug":"f-eckrohr-zu-schlauch-mit-ring-g-1-2-x-10-gewinde","status":"publish","type":"product","link":"https:\/\/stoic-curie.212-227-153-4.plesk.page\/de\/product\/f-eckrohr-zu-schlauch-mit-ring-g-1-2-x-10-gewinde\/","title":{"rendered":"F Eckrohr-zu-Schlauch mit Ring G 1\/2 x 10 Gewinde"},"content":{"rendered":"<p>F Eckrohr-zu-Schlauch mit Ring G 1\/2 x 10 Gewinde &#8211; <\/p>\n<p>Das F Eckrohr-zu-Schlauch mit Ring besteht aus Verbundpolypropylen, verst\u00e4rkt mit Glasfaser. Es bietet eine \u00fcberlegene Gewinde- und Druckdichtheit, ist gegen\u00fcber Abrieb und Verschlei\u00df best\u00e4ndig und frei von chemischer und galvanischer Korrosion. Dieses Produkt eignet sich f\u00fcr den Durchgang von Frischwasser gem\u00e4\u00df CE 10\/2011 und DM174\/2004. Es kann bei einem Druck von 10 bar bei maximal 100 \u00b0C betrieben werden.<\/p>\n","protected":false},"excerpt":{"rendered":"<p>F Eckrohr-zu-Schlauch mit Ring G 1\/2 x 10 Gewinde &#8211; Das F Eckrohr-zu-Schlauch mit Ring besteht aus Verbundpolypropylen, verst\u00e4rkt mit<\/p>\n","protected":false},"featured_media":5752498,"comment_status":"open","ping_status":"closed","template":"","meta":[],"product_brand":[3355],"product_cat":[1374],"product_tag":[],"class_list":{"0":"post-5755436","1":"product","2":"type-product","3":"status-publish","4":"has-post-thumbnail","6":"product_brand-seaflow-de","7":"product_cat-kunststoff-wasserinstallationsarmaturen","9":"first","10":"instock","11":"shipping-taxable","12":"purchasable","13":"product-type-simple"},"_links":{"self":[{"href":"https:\/\/stoic-curie.212-227-153-4.plesk.page\/de\/wp-json\/wp\/v2\/product\/5755436","targetHints":{"allow":["GET"]}}],"collection":[{"href":"https:\/\/stoic-curie.212-227-153-4.plesk.page\/de\/wp-json\/wp\/v2\/product"}],"about":[{"href":"https:\/\/stoic-curie.212-227-153-4.plesk.page\/de\/wp-json\/wp\/v2\/types\/product"}],"replies":[{"embeddable":true,"href":"https:\/\/stoic-curie.212-227-153-4.plesk.page\/de\/wp-json\/wp\/v2\/comments?post=5755436"}],"version-history":[{"count":0,"href":"https:\/\/stoic-curie.212-227-153-4.plesk.page\/de\/wp-json\/wp\/v2\/product\/5755436\/revisions"}],"wp:featuredmedia":[{"embeddable":true,"href":"https:\/\/stoic-curie.212-227-153-4.plesk.page\/de\/wp-json\/wp\/v2\/media\/5752498"}],"wp:attachment":[{"href":"https:\/\/stoic-curie.212-227-153-4.plesk.page\/de\/wp-json\/wp\/v2\/media?parent=5755436"}],"wp:term":[{"taxonomy":"product_brand","embeddable":true,"href":"https:\/\/stoic-curie.212-227-153-4.plesk.page\/de\/wp-json\/wp\/v2\/product_brand?post=5755436"},{"taxonomy":"product_cat","embeddable":true,"href":"https:\/\/stoic-curie.212-227-153-4.plesk.page\/de\/wp-json\/wp\/v2\/product_cat?post=5755436"},{"taxonomy":"product_tag","embeddable":true,"href":"https:\/\/stoic-curie.212-227-153-4.plesk.page\/de\/wp-json\/wp\/v2\/product_tag?post=5755436"}],"curies":[{"name":"wp","href":"https:\/\/api.w.org\/{rel}","templated":true}]}}