{"id":5755444,"date":"2026-02-12T13:28:01","date_gmt":"2026-02-12T12:28:01","guid":{"rendered":"https:\/\/stoic-curie.212-227-153-4.plesk.page\/product\/f-winkel-roehre-zu-schlauch-mit-ring-g-1-x-20-gewinde\/"},"modified":"2026-02-24T23:35:39","modified_gmt":"2026-02-24T23:35:39","slug":"f-winkel-roehre-zu-schlauch-mit-ring-g-1-x-20-gewinde","status":"publish","type":"product","link":"https:\/\/stoic-curie.212-227-153-4.plesk.page\/de\/product\/f-winkel-roehre-zu-schlauch-mit-ring-g-1-x-20-gewinde\/","title":{"rendered":"F Winkel R\u00f6hre-zu-Schlauch mit Ring G 1&#8243; x 20 Gewinde"},"content":{"rendered":"<p>F Winkel R\u00f6hre-zu-Schlauch mit Ring G 1&#8243; x 20 Gewinde &#8211; <\/p>\n<p>Der F Winkel R\u00f6hre-zu-Schlauch mit Ring besteht aus einem verbundenen Polypropylen, das mit Glasfasern verst\u00e4rkt ist. Es bietet \u00fcberlegene Gewinde- und Druckdichtigkeit und ist best\u00e4ndig gegen Abrieb und Verschlei\u00df. Zudem ist es frei von chemischer und galvanischer Korrosion. Dieses Produkt eignet sich f\u00fcr die Passage von Frischwasser gem\u00e4\u00df CE 10\/2011 und DM174\/2004. Es hat einen Betriebsdruck von 10 bar bei maximal 100\u00b0C.<\/p>\n","protected":false},"excerpt":{"rendered":"<p>F Winkel R\u00f6hre-zu-Schlauch mit Ring G 1&#8243; x 20 Gewinde &#8211; Der F Winkel R\u00f6hre-zu-Schlauch mit Ring besteht aus einem<\/p>\n","protected":false},"featured_media":5752498,"comment_status":"open","ping_status":"closed","template":"","meta":[],"product_brand":[3355],"product_cat":[1374],"product_tag":[],"class_list":{"0":"post-5755444","1":"product","2":"type-product","3":"status-publish","4":"has-post-thumbnail","6":"product_brand-seaflow-de","7":"product_cat-kunststoff-wasserinstallationsarmaturen","9":"first","10":"instock","11":"shipping-taxable","12":"purchasable","13":"product-type-simple"},"_links":{"self":[{"href":"https:\/\/stoic-curie.212-227-153-4.plesk.page\/de\/wp-json\/wp\/v2\/product\/5755444","targetHints":{"allow":["GET"]}}],"collection":[{"href":"https:\/\/stoic-curie.212-227-153-4.plesk.page\/de\/wp-json\/wp\/v2\/product"}],"about":[{"href":"https:\/\/stoic-curie.212-227-153-4.plesk.page\/de\/wp-json\/wp\/v2\/types\/product"}],"replies":[{"embeddable":true,"href":"https:\/\/stoic-curie.212-227-153-4.plesk.page\/de\/wp-json\/wp\/v2\/comments?post=5755444"}],"version-history":[{"count":0,"href":"https:\/\/stoic-curie.212-227-153-4.plesk.page\/de\/wp-json\/wp\/v2\/product\/5755444\/revisions"}],"wp:featuredmedia":[{"embeddable":true,"href":"https:\/\/stoic-curie.212-227-153-4.plesk.page\/de\/wp-json\/wp\/v2\/media\/5752498"}],"wp:attachment":[{"href":"https:\/\/stoic-curie.212-227-153-4.plesk.page\/de\/wp-json\/wp\/v2\/media?parent=5755444"}],"wp:term":[{"taxonomy":"product_brand","embeddable":true,"href":"https:\/\/stoic-curie.212-227-153-4.plesk.page\/de\/wp-json\/wp\/v2\/product_brand?post=5755444"},{"taxonomy":"product_cat","embeddable":true,"href":"https:\/\/stoic-curie.212-227-153-4.plesk.page\/de\/wp-json\/wp\/v2\/product_cat?post=5755444"},{"taxonomy":"product_tag","embeddable":true,"href":"https:\/\/stoic-curie.212-227-153-4.plesk.page\/de\/wp-json\/wp\/v2\/product_tag?post=5755444"}],"curies":[{"name":"wp","href":"https:\/\/api.w.org\/{rel}","templated":true}]}}