{"id":5755446,"date":"2026-02-12T13:28:03","date_gmt":"2026-02-12T12:28:03","guid":{"rendered":"https:\/\/stoic-curie.212-227-153-4.plesk.page\/product\/f-bogenrohr-zu-schlauch-mit-ring-g-1-x-25-gewinde\/"},"modified":"2026-02-24T23:35:39","modified_gmt":"2026-02-24T23:35:39","slug":"f-bogenrohr-zu-schlauch-mit-ring-g-1-x-25-gewinde","status":"publish","type":"product","link":"https:\/\/stoic-curie.212-227-153-4.plesk.page\/de\/product\/f-bogenrohr-zu-schlauch-mit-ring-g-1-x-25-gewinde\/","title":{"rendered":"F Bogenrohr-zu-Schlauch mit Ring G 1&#8243; x 25 Gewinde"},"content":{"rendered":"<p>F Bogenrohr-zu-Schlauch mit Ring G 1&#8243; x 25 Gewinde &#8211; <\/p>\n<p>Das F Bogenrohr-zu-Schlauch mit Ring besteht aus Verbundpolypropylen, das mit Glasfasern verst\u00e4rkt ist. Es bietet eine \u00fcberlegene Gewinde- und Druckdichtigkeit, ist abriebfest, verschlei\u00dffest und frei von chemischer und galvanischer Korrosion. Es ist geeignet f\u00fcr die Frischwasserleitung gem\u00e4\u00df CE 10\/2011 und DM174\/2004. Der Betriebsdruck betr\u00e4gt 10 bar bei maximal 100\u00b0C.<\/p>\n","protected":false},"excerpt":{"rendered":"<p>F Bogenrohr-zu-Schlauch mit Ring G 1&#8243; x 25 Gewinde &#8211; Das F Bogenrohr-zu-Schlauch mit Ring besteht aus Verbundpolypropylen, das mit<\/p>\n","protected":false},"featured_media":5752498,"comment_status":"open","ping_status":"closed","template":"","meta":[],"product_brand":[3355],"product_cat":[1374],"product_tag":[],"class_list":{"0":"post-5755446","1":"product","2":"type-product","3":"status-publish","4":"has-post-thumbnail","6":"product_brand-seaflow-de","7":"product_cat-kunststoff-wasserinstallationsarmaturen","9":"first","10":"instock","11":"shipping-taxable","12":"purchasable","13":"product-type-simple"},"_links":{"self":[{"href":"https:\/\/stoic-curie.212-227-153-4.plesk.page\/de\/wp-json\/wp\/v2\/product\/5755446","targetHints":{"allow":["GET"]}}],"collection":[{"href":"https:\/\/stoic-curie.212-227-153-4.plesk.page\/de\/wp-json\/wp\/v2\/product"}],"about":[{"href":"https:\/\/stoic-curie.212-227-153-4.plesk.page\/de\/wp-json\/wp\/v2\/types\/product"}],"replies":[{"embeddable":true,"href":"https:\/\/stoic-curie.212-227-153-4.plesk.page\/de\/wp-json\/wp\/v2\/comments?post=5755446"}],"version-history":[{"count":0,"href":"https:\/\/stoic-curie.212-227-153-4.plesk.page\/de\/wp-json\/wp\/v2\/product\/5755446\/revisions"}],"wp:featuredmedia":[{"embeddable":true,"href":"https:\/\/stoic-curie.212-227-153-4.plesk.page\/de\/wp-json\/wp\/v2\/media\/5752498"}],"wp:attachment":[{"href":"https:\/\/stoic-curie.212-227-153-4.plesk.page\/de\/wp-json\/wp\/v2\/media?parent=5755446"}],"wp:term":[{"taxonomy":"product_brand","embeddable":true,"href":"https:\/\/stoic-curie.212-227-153-4.plesk.page\/de\/wp-json\/wp\/v2\/product_brand?post=5755446"},{"taxonomy":"product_cat","embeddable":true,"href":"https:\/\/stoic-curie.212-227-153-4.plesk.page\/de\/wp-json\/wp\/v2\/product_cat?post=5755446"},{"taxonomy":"product_tag","embeddable":true,"href":"https:\/\/stoic-curie.212-227-153-4.plesk.page\/de\/wp-json\/wp\/v2\/product_tag?post=5755446"}],"curies":[{"name":"wp","href":"https:\/\/api.w.org\/{rel}","templated":true}]}}