{"id":5755458,"date":"2026-02-12T13:28:13","date_gmt":"2026-02-12T12:28:13","guid":{"rendered":"https:\/\/stoic-curie.212-227-153-4.plesk.page\/product\/f-f-bogen-g-11-2-gewinde\/"},"modified":"2026-02-24T23:35:39","modified_gmt":"2026-02-24T23:35:39","slug":"f-f-bogen-g-11-2-gewinde","status":"publish","type":"product","link":"https:\/\/stoic-curie.212-227-153-4.plesk.page\/de\/product\/f-f-bogen-g-11-2-gewinde\/","title":{"rendered":"F-F Bogen G 1&#8243;1\/2 Gewinde"},"content":{"rendered":"<p>F-F Bogen G 1&#8243;1\/2 Gewinde &#8211; <\/p>\n<p>Die F-F-Bogen ist aus einem Verbundpolypropylen gefertigt, das mit Glasfasern verst\u00e4rkt ist. Sie bietet \u00fcberlegene Gewinde- und Druckdichtigkeit, hervorragenden Widerstand gegen Abrieb und Verschlei\u00df und ist frei von chemischer und galvanischer Korrosion. Dieses Produkt eignet sich f\u00fcr den Durchfluss von Frischwasser und entspricht den Normen CE 10\/2011 und DM174\/2004. Es kann einen Betriebsdruck von bis zu 10 bar bei einer Maximaltemperatur von 100 \u00b0C bew\u00e4ltigen.<\/p>\n","protected":false},"excerpt":{"rendered":"<p>F-F Bogen G 1&#8243;1\/2 Gewinde &#8211; Die F-F-Bogen ist aus einem Verbundpolypropylen gefertigt, das mit Glasfasern verst\u00e4rkt ist. Sie bietet<\/p>\n","protected":false},"featured_media":5752532,"comment_status":"open","ping_status":"closed","template":"","meta":[],"product_brand":[3355],"product_cat":[1374],"product_tag":[],"class_list":{"0":"post-5755458","1":"product","2":"type-product","3":"status-publish","4":"has-post-thumbnail","6":"product_brand-seaflow-de","7":"product_cat-kunststoff-wasserinstallationsarmaturen","9":"first","10":"instock","11":"shipping-taxable","12":"purchasable","13":"product-type-simple"},"_links":{"self":[{"href":"https:\/\/stoic-curie.212-227-153-4.plesk.page\/de\/wp-json\/wp\/v2\/product\/5755458","targetHints":{"allow":["GET"]}}],"collection":[{"href":"https:\/\/stoic-curie.212-227-153-4.plesk.page\/de\/wp-json\/wp\/v2\/product"}],"about":[{"href":"https:\/\/stoic-curie.212-227-153-4.plesk.page\/de\/wp-json\/wp\/v2\/types\/product"}],"replies":[{"embeddable":true,"href":"https:\/\/stoic-curie.212-227-153-4.plesk.page\/de\/wp-json\/wp\/v2\/comments?post=5755458"}],"version-history":[{"count":0,"href":"https:\/\/stoic-curie.212-227-153-4.plesk.page\/de\/wp-json\/wp\/v2\/product\/5755458\/revisions"}],"wp:featuredmedia":[{"embeddable":true,"href":"https:\/\/stoic-curie.212-227-153-4.plesk.page\/de\/wp-json\/wp\/v2\/media\/5752532"}],"wp:attachment":[{"href":"https:\/\/stoic-curie.212-227-153-4.plesk.page\/de\/wp-json\/wp\/v2\/media?parent=5755458"}],"wp:term":[{"taxonomy":"product_brand","embeddable":true,"href":"https:\/\/stoic-curie.212-227-153-4.plesk.page\/de\/wp-json\/wp\/v2\/product_brand?post=5755458"},{"taxonomy":"product_cat","embeddable":true,"href":"https:\/\/stoic-curie.212-227-153-4.plesk.page\/de\/wp-json\/wp\/v2\/product_cat?post=5755458"},{"taxonomy":"product_tag","embeddable":true,"href":"https:\/\/stoic-curie.212-227-153-4.plesk.page\/de\/wp-json\/wp\/v2\/product_tag?post=5755458"}],"curies":[{"name":"wp","href":"https:\/\/api.w.org\/{rel}","templated":true}]}}