{"id":5755462,"date":"2026-02-12T13:28:16","date_gmt":"2026-02-12T12:28:16","guid":{"rendered":"https:\/\/stoic-curie.212-227-153-4.plesk.page\/product\/f-m-bogen-g-11-4-gewinde\/"},"modified":"2026-02-24T23:35:39","modified_gmt":"2026-02-24T23:35:39","slug":"f-m-bogen-g-11-4-gewinde","status":"publish","type":"product","link":"https:\/\/stoic-curie.212-227-153-4.plesk.page\/de\/product\/f-m-bogen-g-11-4-gewinde\/","title":{"rendered":"F-M Bogen G 1&#8243;1\/4 Gewinde"},"content":{"rendered":"<p>F-M Bogen G 1&#8243;1\/4 Gewinde &#8211; <\/p>\n<p>Der F-M Bogen besteht aus komposit Polypropylen, das mit Glasfasern verst\u00e4rkt ist. Es bietet \u00fcberlegene Gewinde- und Druckdichtheit und ist resistent gegen Abrieb und Verschlei\u00df, w\u00e4hrend es frei von chemischer und galvanischer Korrosion ist. Dieses Produkt eignet sich f\u00fcr die Frischwasserleitung gem\u00e4\u00df CE 10\/2011 und DM174\/2004. Es kann bei einem Druck von 10 bar bei maximal 100\u00b0C betrieben werden.<\/p>\n","protected":false},"excerpt":{"rendered":"<p>F-M Bogen G 1&#8243;1\/4 Gewinde &#8211; Der F-M Bogen besteht aus komposit Polypropylen, das mit Glasfasern verst\u00e4rkt ist. Es bietet<\/p>\n","protected":false},"featured_media":5752553,"comment_status":"open","ping_status":"closed","template":"","meta":[],"product_brand":[3355],"product_cat":[1374],"product_tag":[],"class_list":{"0":"post-5755462","1":"product","2":"type-product","3":"status-publish","4":"has-post-thumbnail","6":"product_brand-seaflow-de","7":"product_cat-kunststoff-wasserinstallationsarmaturen","9":"first","10":"instock","11":"shipping-taxable","12":"purchasable","13":"product-type-simple"},"_links":{"self":[{"href":"https:\/\/stoic-curie.212-227-153-4.plesk.page\/de\/wp-json\/wp\/v2\/product\/5755462","targetHints":{"allow":["GET"]}}],"collection":[{"href":"https:\/\/stoic-curie.212-227-153-4.plesk.page\/de\/wp-json\/wp\/v2\/product"}],"about":[{"href":"https:\/\/stoic-curie.212-227-153-4.plesk.page\/de\/wp-json\/wp\/v2\/types\/product"}],"replies":[{"embeddable":true,"href":"https:\/\/stoic-curie.212-227-153-4.plesk.page\/de\/wp-json\/wp\/v2\/comments?post=5755462"}],"version-history":[{"count":0,"href":"https:\/\/stoic-curie.212-227-153-4.plesk.page\/de\/wp-json\/wp\/v2\/product\/5755462\/revisions"}],"wp:featuredmedia":[{"embeddable":true,"href":"https:\/\/stoic-curie.212-227-153-4.plesk.page\/de\/wp-json\/wp\/v2\/media\/5752553"}],"wp:attachment":[{"href":"https:\/\/stoic-curie.212-227-153-4.plesk.page\/de\/wp-json\/wp\/v2\/media?parent=5755462"}],"wp:term":[{"taxonomy":"product_brand","embeddable":true,"href":"https:\/\/stoic-curie.212-227-153-4.plesk.page\/de\/wp-json\/wp\/v2\/product_brand?post=5755462"},{"taxonomy":"product_cat","embeddable":true,"href":"https:\/\/stoic-curie.212-227-153-4.plesk.page\/de\/wp-json\/wp\/v2\/product_cat?post=5755462"},{"taxonomy":"product_tag","embeddable":true,"href":"https:\/\/stoic-curie.212-227-153-4.plesk.page\/de\/wp-json\/wp\/v2\/product_tag?post=5755462"}],"curies":[{"name":"wp","href":"https:\/\/api.w.org\/{rel}","templated":true}]}}