{"id":5755473,"date":"2026-02-12T13:28:24","date_gmt":"2026-02-12T12:28:24","guid":{"rendered":"https:\/\/stoic-curie.212-227-153-4.plesk.page\/product\/1-2-kupplung-mit-gewinde\/"},"modified":"2026-02-24T23:35:39","modified_gmt":"2026-02-24T23:35:39","slug":"1-2-kupplung-mit-gewinde","status":"publish","type":"product","link":"https:\/\/stoic-curie.212-227-153-4.plesk.page\/de\/product\/1-2-kupplung-mit-gewinde\/","title":{"rendered":"1\/2&#8243; Kupplung mit Gewinde"},"content":{"rendered":"<p>1\/2&#8243; Kupplung mit Gewinde &#8211; <\/p>\n<p>Diese Kupplung besteht aus Verbundpolypropylen, das mit Glasfasern verst\u00e4rkt ist. Sie bietet eine \u00fcberlegene Gewinde- und Druckdichtigkeit, ist verschlei\u00df- und abriebfest und ist frei von chemischer und galvanischer Korrosion. Dieses Produkt ist f\u00fcr den Durchfluss von Trinkwasser gem\u00e4\u00df CE 10\/2011 und DM174\/2004 geeignet. Es kann einem Druck von bis zu 10 bar und einer maximalen Temperatur von 100\u00b0C standhalten.<\/p>\n","protected":false},"excerpt":{"rendered":"<p>1\/2&#8243; Kupplung mit Gewinde &#8211; Diese Kupplung besteht aus Verbundpolypropylen, das mit Glasfasern verst\u00e4rkt ist. Sie bietet eine \u00fcberlegene Gewinde-<\/p>\n","protected":false},"featured_media":5752582,"comment_status":"open","ping_status":"closed","template":"","meta":[],"product_brand":[3355],"product_cat":[1374],"product_tag":[],"class_list":{"0":"post-5755473","1":"product","2":"type-product","3":"status-publish","4":"has-post-thumbnail","6":"product_brand-seaflow-de","7":"product_cat-kunststoff-wasserinstallationsarmaturen","9":"first","10":"instock","11":"shipping-taxable","12":"purchasable","13":"product-type-simple"},"_links":{"self":[{"href":"https:\/\/stoic-curie.212-227-153-4.plesk.page\/de\/wp-json\/wp\/v2\/product\/5755473","targetHints":{"allow":["GET"]}}],"collection":[{"href":"https:\/\/stoic-curie.212-227-153-4.plesk.page\/de\/wp-json\/wp\/v2\/product"}],"about":[{"href":"https:\/\/stoic-curie.212-227-153-4.plesk.page\/de\/wp-json\/wp\/v2\/types\/product"}],"replies":[{"embeddable":true,"href":"https:\/\/stoic-curie.212-227-153-4.plesk.page\/de\/wp-json\/wp\/v2\/comments?post=5755473"}],"version-history":[{"count":0,"href":"https:\/\/stoic-curie.212-227-153-4.plesk.page\/de\/wp-json\/wp\/v2\/product\/5755473\/revisions"}],"wp:featuredmedia":[{"embeddable":true,"href":"https:\/\/stoic-curie.212-227-153-4.plesk.page\/de\/wp-json\/wp\/v2\/media\/5752582"}],"wp:attachment":[{"href":"https:\/\/stoic-curie.212-227-153-4.plesk.page\/de\/wp-json\/wp\/v2\/media?parent=5755473"}],"wp:term":[{"taxonomy":"product_brand","embeddable":true,"href":"https:\/\/stoic-curie.212-227-153-4.plesk.page\/de\/wp-json\/wp\/v2\/product_brand?post=5755473"},{"taxonomy":"product_cat","embeddable":true,"href":"https:\/\/stoic-curie.212-227-153-4.plesk.page\/de\/wp-json\/wp\/v2\/product_cat?post=5755473"},{"taxonomy":"product_tag","embeddable":true,"href":"https:\/\/stoic-curie.212-227-153-4.plesk.page\/de\/wp-json\/wp\/v2\/product_tag?post=5755473"}],"curies":[{"name":"wp","href":"https:\/\/api.w.org\/{rel}","templated":true}]}}