{"id":5755476,"date":"2026-02-12T13:28:26","date_gmt":"2026-02-12T12:28:26","guid":{"rendered":"https:\/\/stoic-curie.212-227-153-4.plesk.page\/product\/g-1%c2%bc-gewindeverbindung\/"},"modified":"2026-02-24T23:35:39","modified_gmt":"2026-02-24T23:35:39","slug":"g-1%c2%bc-gewindeverbindung","status":"publish","type":"product","link":"https:\/\/stoic-curie.212-227-153-4.plesk.page\/de\/product\/g-1%c2%bc-gewindeverbindung\/","title":{"rendered":"G 1\u00bc&#8221; Gewindeverbindung"},"content":{"rendered":"<p>G 1\u00bc&#8221; Gewindeverbindung &#8211; <\/p>\n<p>Diese Verbindung besteht aus kompositem Polypropylen, das mit Glasfasern verst\u00e4rkt ist. Sie bietet eine \u00fcberlegene Gewindeintegrit\u00e4t und Druckdichtigkeit, ist abrieb- und verschlei\u00dffest und frei von chemischer und galvanischer Korrosion. Sie ist f\u00fcr den Durchfluss von Frischwasser gem\u00e4\u00df den Normen CE 10\/2011 und DM174\/2004 geeignet. Der Betriebsdruck betr\u00e4gt 10 bar bei einer maximalen Temperatur von 100 \u00b0C.<\/p>\n","protected":false},"excerpt":{"rendered":"<p>G 1\u00bc&#8221; Gewindeverbindung &#8211; Diese Verbindung besteht aus kompositem Polypropylen, das mit Glasfasern verst\u00e4rkt ist. Sie bietet eine \u00fcberlegene Gewindeintegrit\u00e4t<\/p>\n","protected":false},"featured_media":5752582,"comment_status":"open","ping_status":"closed","template":"","meta":[],"product_brand":[3355],"product_cat":[1374],"product_tag":[],"class_list":{"0":"post-5755476","1":"product","2":"type-product","3":"status-publish","4":"has-post-thumbnail","6":"product_brand-seaflow-de","7":"product_cat-kunststoff-wasserinstallationsarmaturen","9":"first","10":"instock","11":"shipping-taxable","12":"purchasable","13":"product-type-simple"},"_links":{"self":[{"href":"https:\/\/stoic-curie.212-227-153-4.plesk.page\/de\/wp-json\/wp\/v2\/product\/5755476","targetHints":{"allow":["GET"]}}],"collection":[{"href":"https:\/\/stoic-curie.212-227-153-4.plesk.page\/de\/wp-json\/wp\/v2\/product"}],"about":[{"href":"https:\/\/stoic-curie.212-227-153-4.plesk.page\/de\/wp-json\/wp\/v2\/types\/product"}],"replies":[{"embeddable":true,"href":"https:\/\/stoic-curie.212-227-153-4.plesk.page\/de\/wp-json\/wp\/v2\/comments?post=5755476"}],"version-history":[{"count":0,"href":"https:\/\/stoic-curie.212-227-153-4.plesk.page\/de\/wp-json\/wp\/v2\/product\/5755476\/revisions"}],"wp:featuredmedia":[{"embeddable":true,"href":"https:\/\/stoic-curie.212-227-153-4.plesk.page\/de\/wp-json\/wp\/v2\/media\/5752582"}],"wp:attachment":[{"href":"https:\/\/stoic-curie.212-227-153-4.plesk.page\/de\/wp-json\/wp\/v2\/media?parent=5755476"}],"wp:term":[{"taxonomy":"product_brand","embeddable":true,"href":"https:\/\/stoic-curie.212-227-153-4.plesk.page\/de\/wp-json\/wp\/v2\/product_brand?post=5755476"},{"taxonomy":"product_cat","embeddable":true,"href":"https:\/\/stoic-curie.212-227-153-4.plesk.page\/de\/wp-json\/wp\/v2\/product_cat?post=5755476"},{"taxonomy":"product_tag","embeddable":true,"href":"https:\/\/stoic-curie.212-227-153-4.plesk.page\/de\/wp-json\/wp\/v2\/product_tag?post=5755476"}],"curies":[{"name":"wp","href":"https:\/\/api.w.org\/{rel}","templated":true}]}}