{"id":5755481,"date":"2026-02-12T13:28:30","date_gmt":"2026-02-12T12:28:30","guid":{"rendered":"https:\/\/stoic-curie.212-227-153-4.plesk.page\/product\/nippel-g-3-4-zoll\/"},"modified":"2026-02-24T23:35:39","modified_gmt":"2026-02-24T23:35:39","slug":"nippel-g-3-4-zoll","status":"publish","type":"product","link":"https:\/\/stoic-curie.212-227-153-4.plesk.page\/de\/product\/nippel-g-3-4-zoll\/","title":{"rendered":"Nippel G 3\/4 Zoll (&#8221; )"},"content":{"rendered":"<p>Nippel G 3\/4 Zoll (&#8221; ) &#8211; <\/p>\n<p>Dieser Nippel besteht aus Verbundpolypropylen, das mit Glasfasern verst\u00e4rkt ist. Er bietet eine \u00fcberlegene Gewinde- und Druckdichtigkeit, ist abrieb- und verschlei\u00dffest und frei von chemischer und galvanischer Korrosion. Er ist f\u00fcr den Durchgang von Frischwasser geeignet und erf\u00fcllt die Vorschriften CE 10\/2011 und DM174\/2004. Der Betriebsdruck betr\u00e4gt 10 bar bei maximal 100\u00b0C.<\/p>\n","protected":false},"excerpt":{"rendered":"<p>Nippel G 3\/4 Zoll (&#8221; ) &#8211; Dieser Nippel besteht aus Verbundpolypropylen, das mit Glasfasern verst\u00e4rkt ist. Er bietet eine<\/p>\n","protected":false},"featured_media":5752596,"comment_status":"open","ping_status":"closed","template":"","meta":[],"product_brand":[3355],"product_cat":[1374],"product_tag":[],"class_list":{"0":"post-5755481","1":"product","2":"type-product","3":"status-publish","4":"has-post-thumbnail","6":"product_brand-seaflow-de","7":"product_cat-kunststoff-wasserinstallationsarmaturen","9":"first","10":"instock","11":"shipping-taxable","12":"purchasable","13":"product-type-simple"},"_links":{"self":[{"href":"https:\/\/stoic-curie.212-227-153-4.plesk.page\/de\/wp-json\/wp\/v2\/product\/5755481","targetHints":{"allow":["GET"]}}],"collection":[{"href":"https:\/\/stoic-curie.212-227-153-4.plesk.page\/de\/wp-json\/wp\/v2\/product"}],"about":[{"href":"https:\/\/stoic-curie.212-227-153-4.plesk.page\/de\/wp-json\/wp\/v2\/types\/product"}],"replies":[{"embeddable":true,"href":"https:\/\/stoic-curie.212-227-153-4.plesk.page\/de\/wp-json\/wp\/v2\/comments?post=5755481"}],"version-history":[{"count":0,"href":"https:\/\/stoic-curie.212-227-153-4.plesk.page\/de\/wp-json\/wp\/v2\/product\/5755481\/revisions"}],"wp:featuredmedia":[{"embeddable":true,"href":"https:\/\/stoic-curie.212-227-153-4.plesk.page\/de\/wp-json\/wp\/v2\/media\/5752596"}],"wp:attachment":[{"href":"https:\/\/stoic-curie.212-227-153-4.plesk.page\/de\/wp-json\/wp\/v2\/media?parent=5755481"}],"wp:term":[{"taxonomy":"product_brand","embeddable":true,"href":"https:\/\/stoic-curie.212-227-153-4.plesk.page\/de\/wp-json\/wp\/v2\/product_brand?post=5755481"},{"taxonomy":"product_cat","embeddable":true,"href":"https:\/\/stoic-curie.212-227-153-4.plesk.page\/de\/wp-json\/wp\/v2\/product_cat?post=5755481"},{"taxonomy":"product_tag","embeddable":true,"href":"https:\/\/stoic-curie.212-227-153-4.plesk.page\/de\/wp-json\/wp\/v2\/product_tag?post=5755481"}],"curies":[{"name":"wp","href":"https:\/\/api.w.org\/{rel}","templated":true}]}}