{"id":5755486,"date":"2026-02-12T13:28:34","date_gmt":"2026-02-12T12:28:34","guid":{"rendered":"https:\/\/stoic-curie.212-227-153-4.plesk.page\/product\/reduziernippel-g-3-8-x-1-4-gewinde\/"},"modified":"2026-02-24T23:35:39","modified_gmt":"2026-02-24T23:35:39","slug":"reduziernippel-g-3-8-x-1-4-gewinde","status":"publish","type":"product","link":"https:\/\/stoic-curie.212-227-153-4.plesk.page\/de\/product\/reduziernippel-g-3-8-x-1-4-gewinde\/","title":{"rendered":"Reduziernippel G 3\/8 x 1\/4 Gewinde (&#8220;"},"content":{"rendered":"<p>Reduziernippel G 3\/8 x 1\/4 Gewinde (&#8221; &#8211; <\/p>\n<p>Reduziernippel aus glasfaserverst\u00e4rktem Verbundpolypropylen. Bietet \u00fcberlegene Gewinde- und Druckdichtheit, ist abrieb- und verschlei\u00dffest sowie frei von chemischer und galvanischer Korrosion. Dieses Produkt ist f\u00fcr den Durchgang von S\u00fc\u00dfwasser geeignet und entspricht den Normen CE 10\/2011 und DM174\/2004. Der Betriebsdruck betr\u00e4gt 10 Bar bei maximal 100\u00b0C.<\/p>\n","protected":false},"excerpt":{"rendered":"<p>Reduziernippel G 3\/8 x 1\/4 Gewinde (&#8221; &#8211; Reduziernippel aus glasfaserverst\u00e4rktem Verbundpolypropylen. Bietet \u00fcberlegene Gewinde- und Druckdichtheit, ist abrieb- und<\/p>\n","protected":false},"featured_media":5752610,"comment_status":"open","ping_status":"closed","template":"","meta":[],"product_brand":[3355],"product_cat":[1374],"product_tag":[],"class_list":{"0":"post-5755486","1":"product","2":"type-product","3":"status-publish","4":"has-post-thumbnail","6":"product_brand-seaflow-de","7":"product_cat-kunststoff-wasserinstallationsarmaturen","9":"first","10":"instock","11":"shipping-taxable","12":"purchasable","13":"product-type-simple"},"_links":{"self":[{"href":"https:\/\/stoic-curie.212-227-153-4.plesk.page\/de\/wp-json\/wp\/v2\/product\/5755486","targetHints":{"allow":["GET"]}}],"collection":[{"href":"https:\/\/stoic-curie.212-227-153-4.plesk.page\/de\/wp-json\/wp\/v2\/product"}],"about":[{"href":"https:\/\/stoic-curie.212-227-153-4.plesk.page\/de\/wp-json\/wp\/v2\/types\/product"}],"replies":[{"embeddable":true,"href":"https:\/\/stoic-curie.212-227-153-4.plesk.page\/de\/wp-json\/wp\/v2\/comments?post=5755486"}],"version-history":[{"count":0,"href":"https:\/\/stoic-curie.212-227-153-4.plesk.page\/de\/wp-json\/wp\/v2\/product\/5755486\/revisions"}],"wp:featuredmedia":[{"embeddable":true,"href":"https:\/\/stoic-curie.212-227-153-4.plesk.page\/de\/wp-json\/wp\/v2\/media\/5752610"}],"wp:attachment":[{"href":"https:\/\/stoic-curie.212-227-153-4.plesk.page\/de\/wp-json\/wp\/v2\/media?parent=5755486"}],"wp:term":[{"taxonomy":"product_brand","embeddable":true,"href":"https:\/\/stoic-curie.212-227-153-4.plesk.page\/de\/wp-json\/wp\/v2\/product_brand?post=5755486"},{"taxonomy":"product_cat","embeddable":true,"href":"https:\/\/stoic-curie.212-227-153-4.plesk.page\/de\/wp-json\/wp\/v2\/product_cat?post=5755486"},{"taxonomy":"product_tag","embeddable":true,"href":"https:\/\/stoic-curie.212-227-153-4.plesk.page\/de\/wp-json\/wp\/v2\/product_tag?post=5755486"}],"curies":[{"name":"wp","href":"https:\/\/api.w.org\/{rel}","templated":true}]}}