{"id":5755488,"date":"2026-02-12T13:28:35","date_gmt":"2026-02-12T12:28:35","guid":{"rendered":"https:\/\/stoic-curie.212-227-153-4.plesk.page\/product\/reduzierstueck-g-3-4-x-1-2-gewinde-e\/"},"modified":"2026-02-24T23:35:39","modified_gmt":"2026-02-24T23:35:39","slug":"reduzierstueck-g-3-4-x-1-2-gewinde-e","status":"publish","type":"product","link":"https:\/\/stoic-curie.212-227-153-4.plesk.page\/de\/product\/reduzierstueck-g-3-4-x-1-2-gewinde-e\/","title":{"rendered":"Reduzierst\u00fcck G 3\/4 x 1\/2 Gewinde (&#8220;E)"},"content":{"rendered":"<p>Reduzierst\u00fcck G 3\/4 x 1\/2 Gewinde (&#8220;E) &#8211; <\/p>\n<p>Ein Reduzierst\u00fcck aus komposit Polypropylen, das mit Glasfasern verst\u00e4rkt ist. Es bietet \u00fcberlegene Gewinde- und Druckdichtheit sowie Best\u00e4ndigkeit gegen Abrieb und Verschlei\u00df. Es ist frei von chemischer und galvanischer Korrosion, daher geeignet f\u00fcr den Durchfluss von Frischwasser gem\u00e4\u00df CE 10\/2011 und DM174\/2004. Der Betriebsdruck betr\u00e4gt 10 bar bei maximal 100 \u00b0C.<\/p>\n","protected":false},"excerpt":{"rendered":"<p>Reduzierst\u00fcck G 3\/4 x 1\/2 Gewinde (&#8220;E) &#8211; Ein Reduzierst\u00fcck aus komposit Polypropylen, das mit Glasfasern verst\u00e4rkt ist. Es bietet<\/p>\n","protected":false},"featured_media":5752610,"comment_status":"open","ping_status":"closed","template":"","meta":[],"product_brand":[3355],"product_cat":[1374],"product_tag":[],"class_list":{"0":"post-5755488","1":"product","2":"type-product","3":"status-publish","4":"has-post-thumbnail","6":"product_brand-seaflow-de","7":"product_cat-kunststoff-wasserinstallationsarmaturen","9":"first","10":"instock","11":"shipping-taxable","12":"purchasable","13":"product-type-simple"},"_links":{"self":[{"href":"https:\/\/stoic-curie.212-227-153-4.plesk.page\/de\/wp-json\/wp\/v2\/product\/5755488","targetHints":{"allow":["GET"]}}],"collection":[{"href":"https:\/\/stoic-curie.212-227-153-4.plesk.page\/de\/wp-json\/wp\/v2\/product"}],"about":[{"href":"https:\/\/stoic-curie.212-227-153-4.plesk.page\/de\/wp-json\/wp\/v2\/types\/product"}],"replies":[{"embeddable":true,"href":"https:\/\/stoic-curie.212-227-153-4.plesk.page\/de\/wp-json\/wp\/v2\/comments?post=5755488"}],"version-history":[{"count":0,"href":"https:\/\/stoic-curie.212-227-153-4.plesk.page\/de\/wp-json\/wp\/v2\/product\/5755488\/revisions"}],"wp:featuredmedia":[{"embeddable":true,"href":"https:\/\/stoic-curie.212-227-153-4.plesk.page\/de\/wp-json\/wp\/v2\/media\/5752610"}],"wp:attachment":[{"href":"https:\/\/stoic-curie.212-227-153-4.plesk.page\/de\/wp-json\/wp\/v2\/media?parent=5755488"}],"wp:term":[{"taxonomy":"product_brand","embeddable":true,"href":"https:\/\/stoic-curie.212-227-153-4.plesk.page\/de\/wp-json\/wp\/v2\/product_brand?post=5755488"},{"taxonomy":"product_cat","embeddable":true,"href":"https:\/\/stoic-curie.212-227-153-4.plesk.page\/de\/wp-json\/wp\/v2\/product_cat?post=5755488"},{"taxonomy":"product_tag","embeddable":true,"href":"https:\/\/stoic-curie.212-227-153-4.plesk.page\/de\/wp-json\/wp\/v2\/product_tag?post=5755488"}],"curies":[{"name":"wp","href":"https:\/\/api.w.org\/{rel}","templated":true}]}}