{"id":5755489,"date":"2026-02-12T13:28:36","date_gmt":"2026-02-12T12:28:36","guid":{"rendered":"https:\/\/stoic-curie.212-227-153-4.plesk.page\/product\/reduzierstueck-g-1-x-3-4-gewinde\/"},"modified":"2026-02-24T23:35:39","modified_gmt":"2026-02-24T23:35:39","slug":"reduzierstueck-g-1-x-3-4-gewinde","status":"publish","type":"product","link":"https:\/\/stoic-curie.212-227-153-4.plesk.page\/de\/product\/reduzierstueck-g-1-x-3-4-gewinde\/","title":{"rendered":"Reduzierst\u00fcck G 1&#8243; x 3\/4 Gewinde"},"content":{"rendered":"<p>Reduzierst\u00fcck G 1&#8243; x 3\/4 Gewinde &#8211; <\/p>\n<p>Reduzierst\u00fcck aus Verbundpolypropylen, verst\u00e4rkt mit Glasfasern. Bietet \u00fcberlegene Gewinde- und Druckdichtheit, ist abrieb- und verschlei\u00dffest sowie frei von chemischer und galvanischer Korrosion. Geeignet f\u00fcr Frischwasserleitungen gem\u00e4\u00df CE 10\/2011 und DM174\/2004. Betriebsdruck betr\u00e4gt 10 bar bei max. 100\u00b0C.<\/p>\n","protected":false},"excerpt":{"rendered":"<p>Reduzierst\u00fcck G 1&#8243; x 3\/4 Gewinde &#8211; Reduzierst\u00fcck aus Verbundpolypropylen, verst\u00e4rkt mit Glasfasern. Bietet \u00fcberlegene Gewinde- und Druckdichtheit, ist abrieb-<\/p>\n","protected":false},"featured_media":5752610,"comment_status":"open","ping_status":"closed","template":"","meta":[],"product_brand":[3355],"product_cat":[1374],"product_tag":[],"class_list":{"0":"post-5755489","1":"product","2":"type-product","3":"status-publish","4":"has-post-thumbnail","6":"product_brand-seaflow-de","7":"product_cat-kunststoff-wasserinstallationsarmaturen","9":"first","10":"instock","11":"shipping-taxable","12":"purchasable","13":"product-type-simple"},"_links":{"self":[{"href":"https:\/\/stoic-curie.212-227-153-4.plesk.page\/de\/wp-json\/wp\/v2\/product\/5755489","targetHints":{"allow":["GET"]}}],"collection":[{"href":"https:\/\/stoic-curie.212-227-153-4.plesk.page\/de\/wp-json\/wp\/v2\/product"}],"about":[{"href":"https:\/\/stoic-curie.212-227-153-4.plesk.page\/de\/wp-json\/wp\/v2\/types\/product"}],"replies":[{"embeddable":true,"href":"https:\/\/stoic-curie.212-227-153-4.plesk.page\/de\/wp-json\/wp\/v2\/comments?post=5755489"}],"version-history":[{"count":0,"href":"https:\/\/stoic-curie.212-227-153-4.plesk.page\/de\/wp-json\/wp\/v2\/product\/5755489\/revisions"}],"wp:featuredmedia":[{"embeddable":true,"href":"https:\/\/stoic-curie.212-227-153-4.plesk.page\/de\/wp-json\/wp\/v2\/media\/5752610"}],"wp:attachment":[{"href":"https:\/\/stoic-curie.212-227-153-4.plesk.page\/de\/wp-json\/wp\/v2\/media?parent=5755489"}],"wp:term":[{"taxonomy":"product_brand","embeddable":true,"href":"https:\/\/stoic-curie.212-227-153-4.plesk.page\/de\/wp-json\/wp\/v2\/product_brand?post=5755489"},{"taxonomy":"product_cat","embeddable":true,"href":"https:\/\/stoic-curie.212-227-153-4.plesk.page\/de\/wp-json\/wp\/v2\/product_cat?post=5755489"},{"taxonomy":"product_tag","embeddable":true,"href":"https:\/\/stoic-curie.212-227-153-4.plesk.page\/de\/wp-json\/wp\/v2\/product_tag?post=5755489"}],"curies":[{"name":"wp","href":"https:\/\/api.w.org\/{rel}","templated":true}]}}