{"id":5755490,"date":"2026-02-12T13:28:37","date_gmt":"2026-02-12T12:28:37","guid":{"rendered":"https:\/\/stoic-curie.212-227-153-4.plesk.page\/product\/reduzierstueck-g-11-4-x-1-gewinde\/"},"modified":"2026-02-24T23:35:39","modified_gmt":"2026-02-24T23:35:39","slug":"reduzierstueck-g-11-4-x-1-gewinde","status":"publish","type":"product","link":"https:\/\/stoic-curie.212-227-153-4.plesk.page\/de\/product\/reduzierstueck-g-11-4-x-1-gewinde\/","title":{"rendered":"Reduzierst\u00fcck G 1&#8243;1\/4 x 1&#8243; Gewinde"},"content":{"rendered":"<p>Reduzierst\u00fcck G 1&#8243;1\/4 x 1&#8243; Gewinde &#8211; <\/p>\n<p>Dieses Reduzierst\u00fcck besteht aus komposit Polypropylen, das mit Glasfaser verst\u00e4rkt ist. Es zeichnet sich durch \u00fcberlegene Gewinde- und Druckdichtigkeit aus und ist best\u00e4ndig gegen Abrieb, Verschlei\u00df sowie gegen chemische und galvanische Korrosion. Es eignet sich f\u00fcr die Durchleitung von Trinkwasser gem\u00e4\u00df CE 10\/2011 und DM174\/2004. Der Betriebsdruck betr\u00e4gt 10 bar bei max. 100\u00b0C.<\/p>\n","protected":false},"excerpt":{"rendered":"<p>Reduzierst\u00fcck G 1&#8243;1\/4 x 1&#8243; Gewinde &#8211; Dieses Reduzierst\u00fcck besteht aus komposit Polypropylen, das mit Glasfaser verst\u00e4rkt ist. Es zeichnet<\/p>\n","protected":false},"featured_media":5752610,"comment_status":"open","ping_status":"closed","template":"","meta":[],"product_brand":[3355],"product_cat":[1374],"product_tag":[],"class_list":{"0":"post-5755490","1":"product","2":"type-product","3":"status-publish","4":"has-post-thumbnail","6":"product_brand-seaflow-de","7":"product_cat-kunststoff-wasserinstallationsarmaturen","9":"first","10":"instock","11":"shipping-taxable","12":"purchasable","13":"product-type-simple"},"_links":{"self":[{"href":"https:\/\/stoic-curie.212-227-153-4.plesk.page\/de\/wp-json\/wp\/v2\/product\/5755490","targetHints":{"allow":["GET"]}}],"collection":[{"href":"https:\/\/stoic-curie.212-227-153-4.plesk.page\/de\/wp-json\/wp\/v2\/product"}],"about":[{"href":"https:\/\/stoic-curie.212-227-153-4.plesk.page\/de\/wp-json\/wp\/v2\/types\/product"}],"replies":[{"embeddable":true,"href":"https:\/\/stoic-curie.212-227-153-4.plesk.page\/de\/wp-json\/wp\/v2\/comments?post=5755490"}],"version-history":[{"count":0,"href":"https:\/\/stoic-curie.212-227-153-4.plesk.page\/de\/wp-json\/wp\/v2\/product\/5755490\/revisions"}],"wp:featuredmedia":[{"embeddable":true,"href":"https:\/\/stoic-curie.212-227-153-4.plesk.page\/de\/wp-json\/wp\/v2\/media\/5752610"}],"wp:attachment":[{"href":"https:\/\/stoic-curie.212-227-153-4.plesk.page\/de\/wp-json\/wp\/v2\/media?parent=5755490"}],"wp:term":[{"taxonomy":"product_brand","embeddable":true,"href":"https:\/\/stoic-curie.212-227-153-4.plesk.page\/de\/wp-json\/wp\/v2\/product_brand?post=5755490"},{"taxonomy":"product_cat","embeddable":true,"href":"https:\/\/stoic-curie.212-227-153-4.plesk.page\/de\/wp-json\/wp\/v2\/product_cat?post=5755490"},{"taxonomy":"product_tag","embeddable":true,"href":"https:\/\/stoic-curie.212-227-153-4.plesk.page\/de\/wp-json\/wp\/v2\/product_tag?post=5755490"}],"curies":[{"name":"wp","href":"https:\/\/api.w.org\/{rel}","templated":true}]}}