{"id":5755493,"date":"2026-02-12T13:28:39","date_gmt":"2026-02-12T12:28:39","guid":{"rendered":"https:\/\/stoic-curie.212-227-153-4.plesk.page\/product\/reduzierendes-nippel-g-2-x-11-4-gewinde\/"},"modified":"2026-02-24T23:35:39","modified_gmt":"2026-02-24T23:35:39","slug":"reduzierendes-nippel-g-2-x-11-4-gewinde","status":"publish","type":"product","link":"https:\/\/stoic-curie.212-227-153-4.plesk.page\/de\/product\/reduzierendes-nippel-g-2-x-11-4-gewinde\/","title":{"rendered":"Reduzierendes Nippel G 2&#8243; x 1&#8243;1\/4 Gewinde"},"content":{"rendered":"<p>Reduzierendes Nippel G 2&#8243; x 1&#8243;1\/4 Gewinde &#8211; <\/p>\n<p>Das reduzierende Nippel besteht aus komposit Polypropylen, das mit Glasfasern verst\u00e4rkt ist. Es bietet \u00fcberlegene Gewinde und sorgt f\u00fcr Druckdichtigkeit, wodurch es abriebfest, verschlei\u00dffest und frei von chemischer und galvanischer Korrosion ist. Dieses Produkt ist gem\u00e4\u00df den Normen CE 10\/2011 und DM174\/2004 f\u00fcr Frischwasserleitungen geeignet. Es kann einen Betriebsdruck von 10 bar bei maximal 100\u00b0C handeln.<\/p>\n","protected":false},"excerpt":{"rendered":"<p>Reduzierendes Nippel G 2&#8243; x 1&#8243;1\/4 Gewinde &#8211; Das reduzierende Nippel besteht aus komposit Polypropylen, das mit Glasfasern verst\u00e4rkt ist.<\/p>\n","protected":false},"featured_media":5752610,"comment_status":"open","ping_status":"closed","template":"","meta":[],"product_brand":[3355],"product_cat":[1374],"product_tag":[],"class_list":{"0":"post-5755493","1":"product","2":"type-product","3":"status-publish","4":"has-post-thumbnail","6":"product_brand-seaflow-de","7":"product_cat-kunststoff-wasserinstallationsarmaturen","9":"first","10":"instock","11":"shipping-taxable","12":"purchasable","13":"product-type-simple"},"_links":{"self":[{"href":"https:\/\/stoic-curie.212-227-153-4.plesk.page\/de\/wp-json\/wp\/v2\/product\/5755493","targetHints":{"allow":["GET"]}}],"collection":[{"href":"https:\/\/stoic-curie.212-227-153-4.plesk.page\/de\/wp-json\/wp\/v2\/product"}],"about":[{"href":"https:\/\/stoic-curie.212-227-153-4.plesk.page\/de\/wp-json\/wp\/v2\/types\/product"}],"replies":[{"embeddable":true,"href":"https:\/\/stoic-curie.212-227-153-4.plesk.page\/de\/wp-json\/wp\/v2\/comments?post=5755493"}],"version-history":[{"count":0,"href":"https:\/\/stoic-curie.212-227-153-4.plesk.page\/de\/wp-json\/wp\/v2\/product\/5755493\/revisions"}],"wp:featuredmedia":[{"embeddable":true,"href":"https:\/\/stoic-curie.212-227-153-4.plesk.page\/de\/wp-json\/wp\/v2\/media\/5752610"}],"wp:attachment":[{"href":"https:\/\/stoic-curie.212-227-153-4.plesk.page\/de\/wp-json\/wp\/v2\/media?parent=5755493"}],"wp:term":[{"taxonomy":"product_brand","embeddable":true,"href":"https:\/\/stoic-curie.212-227-153-4.plesk.page\/de\/wp-json\/wp\/v2\/product_brand?post=5755493"},{"taxonomy":"product_cat","embeddable":true,"href":"https:\/\/stoic-curie.212-227-153-4.plesk.page\/de\/wp-json\/wp\/v2\/product_cat?post=5755493"},{"taxonomy":"product_tag","embeddable":true,"href":"https:\/\/stoic-curie.212-227-153-4.plesk.page\/de\/wp-json\/wp\/v2\/product_tag?post=5755493"}],"curies":[{"name":"wp","href":"https:\/\/api.w.org\/{rel}","templated":true}]}}