{"id":5755498,"date":"2026-02-12T13:28:43","date_gmt":"2026-02-12T12:28:43","guid":{"rendered":"https:\/\/stoic-curie.212-227-153-4.plesk.page\/product\/f-m-rohrbuchse-g-1-x-1-2-gewinde\/"},"modified":"2026-02-24T23:35:39","modified_gmt":"2026-02-24T23:35:39","slug":"f-m-rohrbuchse-g-1-x-1-2-gewinde","status":"publish","type":"product","link":"https:\/\/stoic-curie.212-227-153-4.plesk.page\/de\/product\/f-m-rohrbuchse-g-1-x-1-2-gewinde\/","title":{"rendered":"F-m Rohrbuchse G 1&#8243; x 1\/2 Gewinde"},"content":{"rendered":"<p>F-m Rohrbuchse G 1&#8243; x 1\/2 Gewinde &#8211; <\/p>\n<p>Die F-M Rohrbuchse besteht aus kompositem Polypropylen, das mit Glasfasern verst\u00e4rkt ist, und gew\u00e4hrleistet eine \u00fcberlegene Gewindeintegrit\u00e4t und Druckfestigkeit. Sie ist abrieb- und verschlei\u00dffest und frei von chemischer und galvanischer Korrosion. Dieses Produkt eignet sich f\u00fcr die Durchleitung von Frischwasser gem\u00e4\u00df CE 10\/2011 und DM174\/2004. Sie kann einem Betriebsdruck von bis zu 10 bar bei maximal 100\u00b0C standhalten.<\/p>\n","protected":false},"excerpt":{"rendered":"<p>F-m Rohrbuchse G 1&#8243; x 1\/2 Gewinde &#8211; Die F-M Rohrbuchse besteht aus kompositem Polypropylen, das mit Glasfasern verst\u00e4rkt ist,<\/p>\n","protected":false},"featured_media":5752626,"comment_status":"open","ping_status":"closed","template":"","meta":[],"product_brand":[3355],"product_cat":[1374],"product_tag":[],"class_list":{"0":"post-5755498","1":"product","2":"type-product","3":"status-publish","4":"has-post-thumbnail","6":"product_brand-seaflow-de","7":"product_cat-kunststoff-wasserinstallationsarmaturen","9":"first","10":"instock","11":"shipping-taxable","12":"purchasable","13":"product-type-simple"},"_links":{"self":[{"href":"https:\/\/stoic-curie.212-227-153-4.plesk.page\/de\/wp-json\/wp\/v2\/product\/5755498","targetHints":{"allow":["GET"]}}],"collection":[{"href":"https:\/\/stoic-curie.212-227-153-4.plesk.page\/de\/wp-json\/wp\/v2\/product"}],"about":[{"href":"https:\/\/stoic-curie.212-227-153-4.plesk.page\/de\/wp-json\/wp\/v2\/types\/product"}],"replies":[{"embeddable":true,"href":"https:\/\/stoic-curie.212-227-153-4.plesk.page\/de\/wp-json\/wp\/v2\/comments?post=5755498"}],"version-history":[{"count":0,"href":"https:\/\/stoic-curie.212-227-153-4.plesk.page\/de\/wp-json\/wp\/v2\/product\/5755498\/revisions"}],"wp:featuredmedia":[{"embeddable":true,"href":"https:\/\/stoic-curie.212-227-153-4.plesk.page\/de\/wp-json\/wp\/v2\/media\/5752626"}],"wp:attachment":[{"href":"https:\/\/stoic-curie.212-227-153-4.plesk.page\/de\/wp-json\/wp\/v2\/media?parent=5755498"}],"wp:term":[{"taxonomy":"product_brand","embeddable":true,"href":"https:\/\/stoic-curie.212-227-153-4.plesk.page\/de\/wp-json\/wp\/v2\/product_brand?post=5755498"},{"taxonomy":"product_cat","embeddable":true,"href":"https:\/\/stoic-curie.212-227-153-4.plesk.page\/de\/wp-json\/wp\/v2\/product_cat?post=5755498"},{"taxonomy":"product_tag","embeddable":true,"href":"https:\/\/stoic-curie.212-227-153-4.plesk.page\/de\/wp-json\/wp\/v2\/product_tag?post=5755498"}],"curies":[{"name":"wp","href":"https:\/\/api.w.org\/{rel}","templated":true}]}}