{"id":5755502,"date":"2026-02-12T13:28:46","date_gmt":"2026-02-12T12:28:46","guid":{"rendered":"https:\/\/stoic-curie.212-227-153-4.plesk.page\/product\/f-m-rohrbuchse-g-11-4-x-1-gewinde\/"},"modified":"2026-02-24T23:35:39","modified_gmt":"2026-02-24T23:35:39","slug":"f-m-rohrbuchse-g-11-4-x-1-gewinde","status":"publish","type":"product","link":"https:\/\/stoic-curie.212-227-153-4.plesk.page\/de\/product\/f-m-rohrbuchse-g-11-4-x-1-gewinde\/","title":{"rendered":"F-m Rohrbuchse G 1&#8243;1\/4 x 1&#8243; Gewinde"},"content":{"rendered":"<p>F-m Rohrbuchse G 1&#8243;1\/4 x 1&#8243; Gewinde &#8211; <\/p>\n<p>Die F-M Rohrbuchse besteht aus komposite Polypropylen, das mit Glasfasern verst\u00e4rkt ist. Sie bietet eine \u00fcberlegene Gewinde- und Druckdichtigkeit sowie eine hervorragende Abriebs- und Verschlei\u00dffestigkeit. Dieses Produkt ist frei von chemischer und galvanischer Korrosion und eignet sich f\u00fcr die Durchleitung von Frischwasser gem\u00e4\u00df den Standards CE 10\/2011 und DM174\/2004. Es kann bei einem Druck von bis zu 10 bar und einer maximalen Temperatur von 100\u00b0C betrieben werden.<\/p>\n","protected":false},"excerpt":{"rendered":"<p>F-m Rohrbuchse G 1&#8243;1\/4 x 1&#8243; Gewinde &#8211; Die F-M Rohrbuchse besteht aus komposite Polypropylen, das mit Glasfasern verst\u00e4rkt ist.<\/p>\n","protected":false},"featured_media":5752626,"comment_status":"open","ping_status":"closed","template":"","meta":[],"product_brand":[3355],"product_cat":[1374],"product_tag":[],"class_list":{"0":"post-5755502","1":"product","2":"type-product","3":"status-publish","4":"has-post-thumbnail","6":"product_brand-seaflow-de","7":"product_cat-kunststoff-wasserinstallationsarmaturen","9":"first","10":"instock","11":"shipping-taxable","12":"purchasable","13":"product-type-simple"},"_links":{"self":[{"href":"https:\/\/stoic-curie.212-227-153-4.plesk.page\/de\/wp-json\/wp\/v2\/product\/5755502","targetHints":{"allow":["GET"]}}],"collection":[{"href":"https:\/\/stoic-curie.212-227-153-4.plesk.page\/de\/wp-json\/wp\/v2\/product"}],"about":[{"href":"https:\/\/stoic-curie.212-227-153-4.plesk.page\/de\/wp-json\/wp\/v2\/types\/product"}],"replies":[{"embeddable":true,"href":"https:\/\/stoic-curie.212-227-153-4.plesk.page\/de\/wp-json\/wp\/v2\/comments?post=5755502"}],"version-history":[{"count":0,"href":"https:\/\/stoic-curie.212-227-153-4.plesk.page\/de\/wp-json\/wp\/v2\/product\/5755502\/revisions"}],"wp:featuredmedia":[{"embeddable":true,"href":"https:\/\/stoic-curie.212-227-153-4.plesk.page\/de\/wp-json\/wp\/v2\/media\/5752626"}],"wp:attachment":[{"href":"https:\/\/stoic-curie.212-227-153-4.plesk.page\/de\/wp-json\/wp\/v2\/media?parent=5755502"}],"wp:term":[{"taxonomy":"product_brand","embeddable":true,"href":"https:\/\/stoic-curie.212-227-153-4.plesk.page\/de\/wp-json\/wp\/v2\/product_brand?post=5755502"},{"taxonomy":"product_cat","embeddable":true,"href":"https:\/\/stoic-curie.212-227-153-4.plesk.page\/de\/wp-json\/wp\/v2\/product_cat?post=5755502"},{"taxonomy":"product_tag","embeddable":true,"href":"https:\/\/stoic-curie.212-227-153-4.plesk.page\/de\/wp-json\/wp\/v2\/product_tag?post=5755502"}],"curies":[{"name":"wp","href":"https:\/\/api.w.org\/{rel}","templated":true}]}}