{"id":5755510,"date":"2026-02-12T13:28:51","date_gmt":"2026-02-12T12:28:51","guid":{"rendered":"https:\/\/stoic-curie.212-227-153-4.plesk.page\/product\/m-kopfstecker-g-3-4-gewinde\/"},"modified":"2026-02-24T23:35:39","modified_gmt":"2026-02-24T23:35:39","slug":"m-kopfstecker-g-3-4-gewinde","status":"publish","type":"product","link":"https:\/\/stoic-curie.212-227-153-4.plesk.page\/de\/product\/m-kopfstecker-g-3-4-gewinde\/","title":{"rendered":"M Kopfstecker G 3\/4 Gewinde (&#8220;"},"content":{"rendered":"<p>M Kopfstecker G 3\/4 Gewinde (&#8221; &#8211; <\/p>\n<p>Der M Kopfstecker besteht aus verst\u00e4rktem, glasfaserverst\u00e4rktem Polypropylen. Er bietet \u00fcberlegene Gewinde- und Druckdichtigkeit, ist abriebfest und frei von chemischer und galvanischer Korrosion. Dieser Stecker ist f\u00fcr den Durchfluss von Leitungswasser geeignet und erf\u00fcllt die Vorschriften CE 10\/2011 und DM174\/2004. Er kann einem Betriebsdruck von 10 bar bei maximal 100\u00b0C standhalten.<\/p>\n","protected":false},"excerpt":{"rendered":"<p>M Kopfstecker G 3\/4 Gewinde (&#8221; &#8211; Der M Kopfstecker besteht aus verst\u00e4rktem, glasfaserverst\u00e4rktem Polypropylen. Er bietet \u00fcberlegene Gewinde- und<\/p>\n","protected":false},"featured_media":5752654,"comment_status":"open","ping_status":"closed","template":"","meta":[],"product_brand":[3355],"product_cat":[1374],"product_tag":[],"class_list":{"0":"post-5755510","1":"product","2":"type-product","3":"status-publish","4":"has-post-thumbnail","6":"product_brand-seaflow-de","7":"product_cat-kunststoff-wasserinstallationsarmaturen","9":"first","10":"instock","11":"shipping-taxable","12":"purchasable","13":"product-type-simple"},"_links":{"self":[{"href":"https:\/\/stoic-curie.212-227-153-4.plesk.page\/de\/wp-json\/wp\/v2\/product\/5755510","targetHints":{"allow":["GET"]}}],"collection":[{"href":"https:\/\/stoic-curie.212-227-153-4.plesk.page\/de\/wp-json\/wp\/v2\/product"}],"about":[{"href":"https:\/\/stoic-curie.212-227-153-4.plesk.page\/de\/wp-json\/wp\/v2\/types\/product"}],"replies":[{"embeddable":true,"href":"https:\/\/stoic-curie.212-227-153-4.plesk.page\/de\/wp-json\/wp\/v2\/comments?post=5755510"}],"version-history":[{"count":0,"href":"https:\/\/stoic-curie.212-227-153-4.plesk.page\/de\/wp-json\/wp\/v2\/product\/5755510\/revisions"}],"wp:featuredmedia":[{"embeddable":true,"href":"https:\/\/stoic-curie.212-227-153-4.plesk.page\/de\/wp-json\/wp\/v2\/media\/5752654"}],"wp:attachment":[{"href":"https:\/\/stoic-curie.212-227-153-4.plesk.page\/de\/wp-json\/wp\/v2\/media?parent=5755510"}],"wp:term":[{"taxonomy":"product_brand","embeddable":true,"href":"https:\/\/stoic-curie.212-227-153-4.plesk.page\/de\/wp-json\/wp\/v2\/product_brand?post=5755510"},{"taxonomy":"product_cat","embeddable":true,"href":"https:\/\/stoic-curie.212-227-153-4.plesk.page\/de\/wp-json\/wp\/v2\/product_cat?post=5755510"},{"taxonomy":"product_tag","embeddable":true,"href":"https:\/\/stoic-curie.212-227-153-4.plesk.page\/de\/wp-json\/wp\/v2\/product_tag?post=5755510"}],"curies":[{"name":"wp","href":"https:\/\/api.w.org\/{rel}","templated":true}]}}