{"id":5755513,"date":"2026-02-12T13:28:53","date_gmt":"2026-02-12T12:28:53","guid":{"rendered":"https:\/\/stoic-curie.212-227-153-4.plesk.page\/product\/m-kopfstopfen-g-11-2-gewinde\/"},"modified":"2026-02-24T23:35:39","modified_gmt":"2026-02-24T23:35:39","slug":"m-kopfstopfen-g-11-2-gewinde","status":"publish","type":"product","link":"https:\/\/stoic-curie.212-227-153-4.plesk.page\/de\/product\/m-kopfstopfen-g-11-2-gewinde\/","title":{"rendered":"M Kopfstopfen G 1&#8243;1\/2 Gewinde"},"content":{"rendered":"<p>M Kopfstopfen G 1&#8243;1\/2 Gewinde &#8211; <\/p>\n<p>Der M Kopfstopfen besteht aus Verbundpolypropylen, das mit Glasfasern verst\u00e4rkt ist. Er bietet eine hervorragende Gewindeintegrit\u00e4t und Druckdichtheit, zeigt eine ausgezeichnete Widerstandsf\u00e4higkeit gegen Abrieb und Verschlei\u00df und ist frei von chemischer und galvanischer Korrosion. Dieser Stopfen ist f\u00fcr die Durchleitung von S\u00fc\u00dfwasser geeignet und erf\u00fcllt die Vorschriften CE 10\/2011 und DM174\/2004. Der Betriebsdruck betr\u00e4gt bis zu 10 bar bei einer maximalen Temperatur von 100\u00b0C.<\/p>\n","protected":false},"excerpt":{"rendered":"<p>M Kopfstopfen G 1&#8243;1\/2 Gewinde &#8211; Der M Kopfstopfen besteht aus Verbundpolypropylen, das mit Glasfasern verst\u00e4rkt ist. Er bietet eine<\/p>\n","protected":false},"featured_media":5752654,"comment_status":"open","ping_status":"closed","template":"","meta":[],"product_brand":[3355],"product_cat":[1374],"product_tag":[],"class_list":{"0":"post-5755513","1":"product","2":"type-product","3":"status-publish","4":"has-post-thumbnail","6":"product_brand-seaflow-de","7":"product_cat-kunststoff-wasserinstallationsarmaturen","9":"first","10":"instock","11":"shipping-taxable","12":"purchasable","13":"product-type-simple"},"_links":{"self":[{"href":"https:\/\/stoic-curie.212-227-153-4.plesk.page\/de\/wp-json\/wp\/v2\/product\/5755513","targetHints":{"allow":["GET"]}}],"collection":[{"href":"https:\/\/stoic-curie.212-227-153-4.plesk.page\/de\/wp-json\/wp\/v2\/product"}],"about":[{"href":"https:\/\/stoic-curie.212-227-153-4.plesk.page\/de\/wp-json\/wp\/v2\/types\/product"}],"replies":[{"embeddable":true,"href":"https:\/\/stoic-curie.212-227-153-4.plesk.page\/de\/wp-json\/wp\/v2\/comments?post=5755513"}],"version-history":[{"count":0,"href":"https:\/\/stoic-curie.212-227-153-4.plesk.page\/de\/wp-json\/wp\/v2\/product\/5755513\/revisions"}],"wp:featuredmedia":[{"embeddable":true,"href":"https:\/\/stoic-curie.212-227-153-4.plesk.page\/de\/wp-json\/wp\/v2\/media\/5752654"}],"wp:attachment":[{"href":"https:\/\/stoic-curie.212-227-153-4.plesk.page\/de\/wp-json\/wp\/v2\/media?parent=5755513"}],"wp:term":[{"taxonomy":"product_brand","embeddable":true,"href":"https:\/\/stoic-curie.212-227-153-4.plesk.page\/de\/wp-json\/wp\/v2\/product_brand?post=5755513"},{"taxonomy":"product_cat","embeddable":true,"href":"https:\/\/stoic-curie.212-227-153-4.plesk.page\/de\/wp-json\/wp\/v2\/product_cat?post=5755513"},{"taxonomy":"product_tag","embeddable":true,"href":"https:\/\/stoic-curie.212-227-153-4.plesk.page\/de\/wp-json\/wp\/v2\/product_tag?post=5755513"}],"curies":[{"name":"wp","href":"https:\/\/api.w.org\/{rel}","templated":true}]}}