{"id":5755515,"date":"2026-02-12T13:28:54","date_gmt":"2026-02-12T12:28:54","guid":{"rendered":"https:\/\/stoic-curie.212-227-153-4.plesk.page\/product\/johnson-aqua-void-auto-bilgepumpe-ref-500\/"},"modified":"2026-02-24T23:35:39","modified_gmt":"2026-02-24T23:35:39","slug":"johnson-aqua-void-auto-bilgepumpe-ref-500","status":"publish","type":"product","link":"https:\/\/stoic-curie.212-227-153-4.plesk.page\/de\/product\/johnson-aqua-void-auto-bilgepumpe-ref-500\/","title":{"rendered":"Johnson Aqua Void Auto Bilgepumpe Ref 500"},"content":{"rendered":"<p>Johnson Aqua Void Auto Bilgepumpe Ref 500 &#8211; <\/p>\n<p>Die Johnson Aqua Void automatische Tauchbilgepumpe ist f\u00fcr au\u00dfergew\u00f6hnliche Qualit\u00e4t und Langlebigkeit konzipiert. Sie verf\u00fcgt \u00fcber eine abnehmbare Basis und einen Kopf f\u00fcr eine m\u00fchelose Reinigung. Diese Pumpe \u00fcberwacht elektronisch das Vorhandensein von Wasser, ohne dass ein Schwimmerschalter erforderlich ist, und sorgt f\u00fcr einen nahezu null Ampereverbrauch, um eine Entladung der Batterie zu verhindern. Im Lieferumfang sind ein wasserdichter Kabeldurchlass, Ersatzsicherungen und ein Deutsch-Stecker f\u00fcr eine schnelle Trennung w\u00e4hrend der Wartung enthalten. Sie besteht aus Thermo-Set-Materialien und besitzt einen versiegelten, wassergek\u00fchlten Motor sowie eine Welle aus rostfreiem Stahl. Sie wird mit einem 3\/4&#8243; Gewindeausgang sowie 20 mm geraden und winkeligen Schlauchverbindern, einer Dichtung und einem R\u00fcckschlagventil geliefert. Die Pumpenma\u00dfe betragen 70 x 133 x H119 mm.<\/p>\n","protected":false},"excerpt":{"rendered":"<p>Johnson Aqua Void Auto Bilgepumpe Ref 500 &#8211; Die Johnson Aqua Void automatische Tauchbilgepumpe ist f\u00fcr au\u00dfergew\u00f6hnliche Qualit\u00e4t und Langlebigkeit<\/p>\n","protected":false},"featured_media":5752668,"comment_status":"open","ping_status":"closed","template":"","meta":[],"product_brand":[3045],"product_cat":[1372],"product_tag":[],"class_list":{"0":"post-5755515","1":"product","2":"type-product","3":"status-publish","4":"has-post-thumbnail","6":"product_brand-johnson-marine-de","7":"product_cat-elektrische-bilgepumpen","9":"first","10":"instock","11":"shipping-taxable","12":"purchasable","13":"product-type-simple"},"_links":{"self":[{"href":"https:\/\/stoic-curie.212-227-153-4.plesk.page\/de\/wp-json\/wp\/v2\/product\/5755515","targetHints":{"allow":["GET"]}}],"collection":[{"href":"https:\/\/stoic-curie.212-227-153-4.plesk.page\/de\/wp-json\/wp\/v2\/product"}],"about":[{"href":"https:\/\/stoic-curie.212-227-153-4.plesk.page\/de\/wp-json\/wp\/v2\/types\/product"}],"replies":[{"embeddable":true,"href":"https:\/\/stoic-curie.212-227-153-4.plesk.page\/de\/wp-json\/wp\/v2\/comments?post=5755515"}],"version-history":[{"count":0,"href":"https:\/\/stoic-curie.212-227-153-4.plesk.page\/de\/wp-json\/wp\/v2\/product\/5755515\/revisions"}],"wp:featuredmedia":[{"embeddable":true,"href":"https:\/\/stoic-curie.212-227-153-4.plesk.page\/de\/wp-json\/wp\/v2\/media\/5752668"}],"wp:attachment":[{"href":"https:\/\/stoic-curie.212-227-153-4.plesk.page\/de\/wp-json\/wp\/v2\/media?parent=5755515"}],"wp:term":[{"taxonomy":"product_brand","embeddable":true,"href":"https:\/\/stoic-curie.212-227-153-4.plesk.page\/de\/wp-json\/wp\/v2\/product_brand?post=5755515"},{"taxonomy":"product_cat","embeddable":true,"href":"https:\/\/stoic-curie.212-227-153-4.plesk.page\/de\/wp-json\/wp\/v2\/product_cat?post=5755515"},{"taxonomy":"product_tag","embeddable":true,"href":"https:\/\/stoic-curie.212-227-153-4.plesk.page\/de\/wp-json\/wp\/v2\/product_tag?post=5755515"}],"curies":[{"name":"wp","href":"https:\/\/api.w.org\/{rel}","templated":true}]}}