{"id":5755516,"date":"2026-02-12T13:28:55","date_gmt":"2026-02-12T12:28:55","guid":{"rendered":"https:\/\/stoic-curie.212-227-153-4.plesk.page\/product\/johnson-aqua-void-auto-bilgepumpe-ref-800\/"},"modified":"2026-02-24T23:35:39","modified_gmt":"2026-02-24T23:35:39","slug":"johnson-aqua-void-auto-bilgepumpe-ref-800","status":"publish","type":"product","link":"https:\/\/stoic-curie.212-227-153-4.plesk.page\/de\/product\/johnson-aqua-void-auto-bilgepumpe-ref-800\/","title":{"rendered":"Johnson Aqua Void Auto Bilgepumpe Ref 800"},"content":{"rendered":"<p>Johnson Aqua Void Auto Bilgepumpe Ref 800 &#8211; <\/p>\n<p>Die automatische Tauchbilgepumpe Johnson Aqua Void ist f\u00fcr \u00fcberlegene Qualit\u00e4t und Haltbarkeit ausgelegt. Sie verf\u00fcgt \u00fcber einen abnehmbaren Sockel und Kopf zur einfachen Reinigung. Diese Pumpe \u00fcberwacht elektronisch das Vorhandensein von Wasser ohne eine Schwimmerschalter und hat einen nahezu null Ampereverbrauch, um eine Entladung der Batterie zu verhindern. Sie wird mit einem wasserdichten Kabelmantel, Ersatzsicherungen und einem Deutsch-Stecker f\u00fcr eine schnelle Trennung w\u00e4hrend der Wartung geliefert. Das Thermoset-Geh\u00e4use beherbergt einen geschlossenen, wassergek\u00fchlten Motor mit einer Welle aus rostfreiem Stahl. Sie enth\u00e4lt einen 3\/4&#8243; Gewindeausgang sowie 20 mm gerade und knickbare Schlauchanschl\u00fcsse, eine Dichtung und ein R\u00fcckschlagventil. Die Pumpendimensionen betragen 70 x 133 x H119 mm.<\/p>\n","protected":false},"excerpt":{"rendered":"<p>Johnson Aqua Void Auto Bilgepumpe Ref 800 &#8211; Die automatische Tauchbilgepumpe Johnson Aqua Void ist f\u00fcr \u00fcberlegene Qualit\u00e4t und Haltbarkeit<\/p>\n","protected":false},"featured_media":5752668,"comment_status":"open","ping_status":"closed","template":"","meta":[],"product_brand":[3045],"product_cat":[1372],"product_tag":[],"class_list":{"0":"post-5755516","1":"product","2":"type-product","3":"status-publish","4":"has-post-thumbnail","6":"product_brand-johnson-marine-de","7":"product_cat-elektrische-bilgepumpen","9":"first","10":"instock","11":"shipping-taxable","12":"purchasable","13":"product-type-simple"},"_links":{"self":[{"href":"https:\/\/stoic-curie.212-227-153-4.plesk.page\/de\/wp-json\/wp\/v2\/product\/5755516","targetHints":{"allow":["GET"]}}],"collection":[{"href":"https:\/\/stoic-curie.212-227-153-4.plesk.page\/de\/wp-json\/wp\/v2\/product"}],"about":[{"href":"https:\/\/stoic-curie.212-227-153-4.plesk.page\/de\/wp-json\/wp\/v2\/types\/product"}],"replies":[{"embeddable":true,"href":"https:\/\/stoic-curie.212-227-153-4.plesk.page\/de\/wp-json\/wp\/v2\/comments?post=5755516"}],"version-history":[{"count":0,"href":"https:\/\/stoic-curie.212-227-153-4.plesk.page\/de\/wp-json\/wp\/v2\/product\/5755516\/revisions"}],"wp:featuredmedia":[{"embeddable":true,"href":"https:\/\/stoic-curie.212-227-153-4.plesk.page\/de\/wp-json\/wp\/v2\/media\/5752668"}],"wp:attachment":[{"href":"https:\/\/stoic-curie.212-227-153-4.plesk.page\/de\/wp-json\/wp\/v2\/media?parent=5755516"}],"wp:term":[{"taxonomy":"product_brand","embeddable":true,"href":"https:\/\/stoic-curie.212-227-153-4.plesk.page\/de\/wp-json\/wp\/v2\/product_brand?post=5755516"},{"taxonomy":"product_cat","embeddable":true,"href":"https:\/\/stoic-curie.212-227-153-4.plesk.page\/de\/wp-json\/wp\/v2\/product_cat?post=5755516"},{"taxonomy":"product_tag","embeddable":true,"href":"https:\/\/stoic-curie.212-227-153-4.plesk.page\/de\/wp-json\/wp\/v2\/product_tag?post=5755516"}],"curies":[{"name":"wp","href":"https:\/\/api.w.org\/{rel}","templated":true}]}}