{"id":5755518,"date":"2026-02-12T13:28:56","date_gmt":"2026-02-12T12:28:56","guid":{"rendered":"https:\/\/stoic-curie.212-227-153-4.plesk.page\/product\/selbstansaugende-zirkulationspumpe-marco-up12-lp\/"},"modified":"2026-02-24T23:35:39","modified_gmt":"2026-02-24T23:35:39","slug":"selbstansaugende-zirkulationspumpe-marco-up12-lp","status":"publish","type":"product","link":"https:\/\/stoic-curie.212-227-153-4.plesk.page\/de\/product\/selbstansaugende-zirkulationspumpe-marco-up12-lp\/","title":{"rendered":"Selbstansaugende Zirkulationspumpe Marco UP12-LP"},"content":{"rendered":"<p>Selbstansaugende Zirkulationspumpe Marco UP12-LP &#8211; <\/p>\n<p>Die selbstansaugende Zahnradpumpe Modell UP12-LP ist f\u00fcr den kontinuierlichen Betrieb konzipiert. Ihr Geh\u00e4use besteht aus vernickeltem Messing, mit PEEK-Getrieben und einer Welle aus Edelstahl 316, die hervorragende mechanische und chemische Best\u00e4ndigkeit bieten. Die Pumpe ist bis zu 3 Meter selbstansaugend und wird mit einem Inline-Filter zum Schutz des Kreislaufs geliefert. <br \/> Sie eignet sich ideal f\u00fcr die R\u00fcckf\u00fchrung und den Transport von Wasser oder kompatiblen Fl\u00fcssigkeiten, sowie f\u00fcr K\u00fchlung, Klimaanlage und Hilfssysteme an Bord. Die Pumpe arbeitet leise und erfordert wenig Wartung, was sie f\u00fcr kontinuierliche und schwere Anwendungen geeignet macht.<\/p>\n","protected":false},"excerpt":{"rendered":"<p>Selbstansaugende Zirkulationspumpe Marco UP12-LP &#8211; Die selbstansaugende Zahnradpumpe Modell UP12-LP ist f\u00fcr den kontinuierlichen Betrieb konzipiert. Ihr Geh\u00e4use besteht aus<\/p>\n","protected":false},"featured_media":5752676,"comment_status":"open","ping_status":"closed","template":"","meta":[],"product_brand":[3095],"product_cat":[1372,1384],"product_tag":[],"class_list":{"0":"post-5755518","1":"product","2":"type-product","3":"status-publish","4":"has-post-thumbnail","6":"product_brand-marco-de","7":"product_cat-elektrische-bilgepumpen","8":"product_cat-wasserkreislaufpumpen","10":"first","11":"instock","12":"shipping-taxable","13":"purchasable","14":"product-type-simple"},"_links":{"self":[{"href":"https:\/\/stoic-curie.212-227-153-4.plesk.page\/de\/wp-json\/wp\/v2\/product\/5755518","targetHints":{"allow":["GET"]}}],"collection":[{"href":"https:\/\/stoic-curie.212-227-153-4.plesk.page\/de\/wp-json\/wp\/v2\/product"}],"about":[{"href":"https:\/\/stoic-curie.212-227-153-4.plesk.page\/de\/wp-json\/wp\/v2\/types\/product"}],"replies":[{"embeddable":true,"href":"https:\/\/stoic-curie.212-227-153-4.plesk.page\/de\/wp-json\/wp\/v2\/comments?post=5755518"}],"version-history":[{"count":0,"href":"https:\/\/stoic-curie.212-227-153-4.plesk.page\/de\/wp-json\/wp\/v2\/product\/5755518\/revisions"}],"wp:featuredmedia":[{"embeddable":true,"href":"https:\/\/stoic-curie.212-227-153-4.plesk.page\/de\/wp-json\/wp\/v2\/media\/5752676"}],"wp:attachment":[{"href":"https:\/\/stoic-curie.212-227-153-4.plesk.page\/de\/wp-json\/wp\/v2\/media?parent=5755518"}],"wp:term":[{"taxonomy":"product_brand","embeddable":true,"href":"https:\/\/stoic-curie.212-227-153-4.plesk.page\/de\/wp-json\/wp\/v2\/product_brand?post=5755518"},{"taxonomy":"product_cat","embeddable":true,"href":"https:\/\/stoic-curie.212-227-153-4.plesk.page\/de\/wp-json\/wp\/v2\/product_cat?post=5755518"},{"taxonomy":"product_tag","embeddable":true,"href":"https:\/\/stoic-curie.212-227-153-4.plesk.page\/de\/wp-json\/wp\/v2\/product_tag?post=5755518"}],"curies":[{"name":"wp","href":"https:\/\/api.w.org\/{rel}","templated":true}]}}