{"id":5755519,"date":"2026-02-12T13:28:57","date_gmt":"2026-02-12T12:28:57","guid":{"rendered":"https:\/\/stoic-curie.212-227-153-4.plesk.page\/product\/jabsco-akkumulatorbehaelter-065l-o-101-x-l214mm-mit-o-12-1-2-anschluessen\/"},"modified":"2026-02-24T23:35:39","modified_gmt":"2026-02-24T23:35:39","slug":"jabsco-akkumulatorbehaelter-065l-o-101-x-l214mm-mit-o-12-1-2-anschluessen","status":"publish","type":"product","link":"https:\/\/stoic-curie.212-227-153-4.plesk.page\/de\/product\/jabsco-akkumulatorbehaelter-065l-o-101-x-l214mm-mit-o-12-1-2-anschluessen\/","title":{"rendered":"Jabsco Akkumulatorbeh\u00e4lter 0,65L (\u00d8 101 x L214mm) mit \u00d8 12 (1\/2&#8243;) Anschl\u00fcssen"},"content":{"rendered":"<p>Jabsco Akkumulatorbeh\u00e4lter 0,65L (\u00d8 101 x L214mm) mit \u00d8 12 (1\/2&#8243;) Anschl\u00fcssen &#8211; <\/p>\n<p>Der Jabsco-Wasserspeicher ist f\u00fcr Druckpumpen konzipiert. Er ist auf 0,7 bar voreingestellt und h\u00e4lt einem maximalen Druck von 8,6 bar stand.<\/p>\n","protected":false},"excerpt":{"rendered":"<p>Jabsco Akkumulatorbeh\u00e4lter 0,65L (\u00d8 101 x L214mm) mit \u00d8 12 (1\/2&#8243;) Anschl\u00fcssen &#8211; Der Jabsco-Wasserspeicher ist f\u00fcr Druckpumpen konzipiert. Er<\/p>\n","protected":false},"featured_media":5752679,"comment_status":"open","ping_status":"closed","template":"","meta":[],"product_brand":[3030],"product_cat":[1373],"product_tag":[],"class_list":{"0":"post-5755519","1":"product","2":"type-product","3":"status-publish","4":"has-post-thumbnail","6":"product_brand-jabsco-marine-de","7":"product_cat-wasserdruckpumpen","9":"first","10":"instock","11":"shipping-taxable","12":"purchasable","13":"product-type-simple"},"_links":{"self":[{"href":"https:\/\/stoic-curie.212-227-153-4.plesk.page\/de\/wp-json\/wp\/v2\/product\/5755519","targetHints":{"allow":["GET"]}}],"collection":[{"href":"https:\/\/stoic-curie.212-227-153-4.plesk.page\/de\/wp-json\/wp\/v2\/product"}],"about":[{"href":"https:\/\/stoic-curie.212-227-153-4.plesk.page\/de\/wp-json\/wp\/v2\/types\/product"}],"replies":[{"embeddable":true,"href":"https:\/\/stoic-curie.212-227-153-4.plesk.page\/de\/wp-json\/wp\/v2\/comments?post=5755519"}],"version-history":[{"count":0,"href":"https:\/\/stoic-curie.212-227-153-4.plesk.page\/de\/wp-json\/wp\/v2\/product\/5755519\/revisions"}],"wp:featuredmedia":[{"embeddable":true,"href":"https:\/\/stoic-curie.212-227-153-4.plesk.page\/de\/wp-json\/wp\/v2\/media\/5752679"}],"wp:attachment":[{"href":"https:\/\/stoic-curie.212-227-153-4.plesk.page\/de\/wp-json\/wp\/v2\/media?parent=5755519"}],"wp:term":[{"taxonomy":"product_brand","embeddable":true,"href":"https:\/\/stoic-curie.212-227-153-4.plesk.page\/de\/wp-json\/wp\/v2\/product_brand?post=5755519"},{"taxonomy":"product_cat","embeddable":true,"href":"https:\/\/stoic-curie.212-227-153-4.plesk.page\/de\/wp-json\/wp\/v2\/product_cat?post=5755519"},{"taxonomy":"product_tag","embeddable":true,"href":"https:\/\/stoic-curie.212-227-153-4.plesk.page\/de\/wp-json\/wp\/v2\/product_tag?post=5755519"}],"curies":[{"name":"wp","href":"https:\/\/api.w.org\/{rel}","templated":true}]}}