{"id":5755520,"date":"2026-02-12T13:28:57","date_gmt":"2026-02-12T12:28:57","guid":{"rendered":"https:\/\/stoic-curie.212-227-153-4.plesk.page\/product\/pwm-solarladecontroller-max-30a-max-50v-eingang-12-24v-batteriausgang\/"},"modified":"2026-02-24T23:35:39","modified_gmt":"2026-02-24T23:35:39","slug":"pwm-solarladecontroller-max-30a-max-50v-eingang-12-24v-batteriausgang","status":"publish","type":"product","link":"https:\/\/stoic-curie.212-227-153-4.plesk.page\/de\/product\/pwm-solarladecontroller-max-30a-max-50v-eingang-12-24v-batteriausgang\/","title":{"rendered":"PWM Solarladecontroller (Max 30A, Max 50V Eingang, 12\/24V Batteriausgang)"},"content":{"rendered":"<p>PWM Solarladecontroller (Max 30A, Max 50V Eingang, 12\/24V Batteriausgang) &#8211; <\/p>\n<p>3-Stufen PWM Ladecontroller f\u00fcr photovoltaische Systeme. Kompatibel mit allen Blei-S\u00e4ure-Batterien, einschlie\u00dflich AGM und Gel. Hinweis: Nicht kompatibel mit Lithium- und NiMH-Batterien. Ausgestattet mit LED-Anzeige, doppeltem 2A USB-Anschluss, Ladeeinstelltaste und MOS-Schaltung zum Schutz vor Kurzschluss, \u00dcberstrom und falscher Polarit\u00e4t.<\/p>\n","protected":false},"excerpt":{"rendered":"<p>PWM Solarladecontroller (Max 30A, Max 50V Eingang, 12\/24V Batteriausgang) &#8211; 3-Stufen PWM Ladecontroller f\u00fcr photovoltaische Systeme. Kompatibel mit allen Blei-S\u00e4ure-Batterien,<\/p>\n","protected":false},"featured_media":5752683,"comment_status":"open","ping_status":"closed","template":"","meta":[],"product_brand":[2830],"product_cat":[1462],"product_tag":[],"class_list":{"0":"post-5755520","1":"product","2":"type-product","3":"status-publish","4":"has-post-thumbnail","6":"product_brand-blue-sea-systems-de","7":"product_cat-solarpaneele","9":"first","10":"instock","11":"shipping-taxable","12":"purchasable","13":"product-type-simple"},"_links":{"self":[{"href":"https:\/\/stoic-curie.212-227-153-4.plesk.page\/de\/wp-json\/wp\/v2\/product\/5755520","targetHints":{"allow":["GET"]}}],"collection":[{"href":"https:\/\/stoic-curie.212-227-153-4.plesk.page\/de\/wp-json\/wp\/v2\/product"}],"about":[{"href":"https:\/\/stoic-curie.212-227-153-4.plesk.page\/de\/wp-json\/wp\/v2\/types\/product"}],"replies":[{"embeddable":true,"href":"https:\/\/stoic-curie.212-227-153-4.plesk.page\/de\/wp-json\/wp\/v2\/comments?post=5755520"}],"version-history":[{"count":0,"href":"https:\/\/stoic-curie.212-227-153-4.plesk.page\/de\/wp-json\/wp\/v2\/product\/5755520\/revisions"}],"wp:featuredmedia":[{"embeddable":true,"href":"https:\/\/stoic-curie.212-227-153-4.plesk.page\/de\/wp-json\/wp\/v2\/media\/5752683"}],"wp:attachment":[{"href":"https:\/\/stoic-curie.212-227-153-4.plesk.page\/de\/wp-json\/wp\/v2\/media?parent=5755520"}],"wp:term":[{"taxonomy":"product_brand","embeddable":true,"href":"https:\/\/stoic-curie.212-227-153-4.plesk.page\/de\/wp-json\/wp\/v2\/product_brand?post=5755520"},{"taxonomy":"product_cat","embeddable":true,"href":"https:\/\/stoic-curie.212-227-153-4.plesk.page\/de\/wp-json\/wp\/v2\/product_cat?post=5755520"},{"taxonomy":"product_tag","embeddable":true,"href":"https:\/\/stoic-curie.212-227-153-4.plesk.page\/de\/wp-json\/wp\/v2\/product_tag?post=5755520"}],"curies":[{"name":"wp","href":"https:\/\/api.w.org\/{rel}","templated":true}]}}