{"id":5755523,"date":"2026-02-12T13:29:00","date_gmt":"2026-02-12T12:29:00","guid":{"rendered":"https:\/\/stoic-curie.212-227-153-4.plesk.page\/product\/200a-mini-master-batterieschalter-dauerbetrieb-200a-max-300a-strom\/"},"modified":"2026-02-24T23:35:39","modified_gmt":"2026-02-24T23:35:39","slug":"200a-mini-master-batterieschalter-dauerbetrieb-200a-max-300a-strom","status":"publish","type":"product","link":"https:\/\/stoic-curie.212-227-153-4.plesk.page\/de\/product\/200a-mini-master-batterieschalter-dauerbetrieb-200a-max-300a-strom\/","title":{"rendered":"200A Mini Master Batterieschalter &#8211; Dauerbetrieb 200A Max, 300A Strom"},"content":{"rendered":"<p>200A Mini Master Batterieschalter &#8211; Dauerbetrieb 200A Max, 300A Strom &#8211; <\/p>\n<p>Dieser Wand- oder Oberfl\u00e4chenmontierte Batterieschalter verf\u00fcgt \u00fcber eine abnehmbare Knopfsteuerung f\u00fcr eine einfache Bedienung.<\/p>\n","protected":false},"excerpt":{"rendered":"<p>200A Mini Master Batterieschalter &#8211; Dauerbetrieb 200A Max, 300A Strom &#8211; Dieser Wand- oder Oberfl\u00e4chenmontierte Batterieschalter verf\u00fcgt \u00fcber eine abnehmbare<\/p>\n","protected":false},"featured_media":5752691,"comment_status":"open","ping_status":"closed","template":"","meta":[],"product_brand":[2830],"product_cat":[1458],"product_tag":[],"class_list":{"0":"post-5755523","1":"product","2":"type-product","3":"status-publish","4":"has-post-thumbnail","6":"product_brand-blue-sea-systems-de","7":"product_cat-batterieschalter","9":"first","10":"instock","11":"shipping-taxable","12":"purchasable","13":"product-type-simple"},"_links":{"self":[{"href":"https:\/\/stoic-curie.212-227-153-4.plesk.page\/de\/wp-json\/wp\/v2\/product\/5755523","targetHints":{"allow":["GET"]}}],"collection":[{"href":"https:\/\/stoic-curie.212-227-153-4.plesk.page\/de\/wp-json\/wp\/v2\/product"}],"about":[{"href":"https:\/\/stoic-curie.212-227-153-4.plesk.page\/de\/wp-json\/wp\/v2\/types\/product"}],"replies":[{"embeddable":true,"href":"https:\/\/stoic-curie.212-227-153-4.plesk.page\/de\/wp-json\/wp\/v2\/comments?post=5755523"}],"version-history":[{"count":0,"href":"https:\/\/stoic-curie.212-227-153-4.plesk.page\/de\/wp-json\/wp\/v2\/product\/5755523\/revisions"}],"wp:featuredmedia":[{"embeddable":true,"href":"https:\/\/stoic-curie.212-227-153-4.plesk.page\/de\/wp-json\/wp\/v2\/media\/5752691"}],"wp:attachment":[{"href":"https:\/\/stoic-curie.212-227-153-4.plesk.page\/de\/wp-json\/wp\/v2\/media?parent=5755523"}],"wp:term":[{"taxonomy":"product_brand","embeddable":true,"href":"https:\/\/stoic-curie.212-227-153-4.plesk.page\/de\/wp-json\/wp\/v2\/product_brand?post=5755523"},{"taxonomy":"product_cat","embeddable":true,"href":"https:\/\/stoic-curie.212-227-153-4.plesk.page\/de\/wp-json\/wp\/v2\/product_cat?post=5755523"},{"taxonomy":"product_tag","embeddable":true,"href":"https:\/\/stoic-curie.212-227-153-4.plesk.page\/de\/wp-json\/wp\/v2\/product_tag?post=5755523"}],"curies":[{"name":"wp","href":"https:\/\/api.w.org\/{rel}","templated":true}]}}