{"id":5755524,"date":"2026-02-12T13:29:00","date_gmt":"2026-02-12T12:29:00","guid":{"rendered":"https:\/\/stoic-curie.212-227-153-4.plesk.page\/product\/250a-wand-schluesselschalter-fuer-batterien\/"},"modified":"2026-02-24T23:35:39","modified_gmt":"2026-02-24T23:35:39","slug":"250a-wand-schluesselschalter-fuer-batterien","status":"publish","type":"product","link":"https:\/\/stoic-curie.212-227-153-4.plesk.page\/de\/product\/250a-wand-schluesselschalter-fuer-batterien\/","title":{"rendered":"250A Wand-Schl\u00fcsselschalter f\u00fcr Batterien"},"content":{"rendered":"<p>250A Wand-Schl\u00fcsselschalter f\u00fcr Batterien &#8211; <\/p>\n<p>Oberfl\u00e4chenmontierter 250A Batterieschalter mit abnehmbarem Schl\u00fcssel.<\/p>\n","protected":false},"excerpt":{"rendered":"<p>250A Wand-Schl\u00fcsselschalter f\u00fcr Batterien &#8211; Oberfl\u00e4chenmontierter 250A Batterieschalter mit abnehmbarem Schl\u00fcssel.<\/p>\n","protected":false},"featured_media":5752693,"comment_status":"open","ping_status":"closed","template":"","meta":[],"product_brand":[2830],"product_cat":[1458],"product_tag":[],"class_list":{"0":"post-5755524","1":"product","2":"type-product","3":"status-publish","4":"has-post-thumbnail","6":"product_brand-blue-sea-systems-de","7":"product_cat-batterieschalter","9":"first","10":"instock","11":"shipping-taxable","12":"purchasable","13":"product-type-simple"},"_links":{"self":[{"href":"https:\/\/stoic-curie.212-227-153-4.plesk.page\/de\/wp-json\/wp\/v2\/product\/5755524","targetHints":{"allow":["GET"]}}],"collection":[{"href":"https:\/\/stoic-curie.212-227-153-4.plesk.page\/de\/wp-json\/wp\/v2\/product"}],"about":[{"href":"https:\/\/stoic-curie.212-227-153-4.plesk.page\/de\/wp-json\/wp\/v2\/types\/product"}],"replies":[{"embeddable":true,"href":"https:\/\/stoic-curie.212-227-153-4.plesk.page\/de\/wp-json\/wp\/v2\/comments?post=5755524"}],"version-history":[{"count":0,"href":"https:\/\/stoic-curie.212-227-153-4.plesk.page\/de\/wp-json\/wp\/v2\/product\/5755524\/revisions"}],"wp:featuredmedia":[{"embeddable":true,"href":"https:\/\/stoic-curie.212-227-153-4.plesk.page\/de\/wp-json\/wp\/v2\/media\/5752693"}],"wp:attachment":[{"href":"https:\/\/stoic-curie.212-227-153-4.plesk.page\/de\/wp-json\/wp\/v2\/media?parent=5755524"}],"wp:term":[{"taxonomy":"product_brand","embeddable":true,"href":"https:\/\/stoic-curie.212-227-153-4.plesk.page\/de\/wp-json\/wp\/v2\/product_brand?post=5755524"},{"taxonomy":"product_cat","embeddable":true,"href":"https:\/\/stoic-curie.212-227-153-4.plesk.page\/de\/wp-json\/wp\/v2\/product_cat?post=5755524"},{"taxonomy":"product_tag","embeddable":true,"href":"https:\/\/stoic-curie.212-227-153-4.plesk.page\/de\/wp-json\/wp\/v2\/product_tag?post=5755524"}],"curies":[{"name":"wp","href":"https:\/\/api.w.org\/{rel}","templated":true}]}}