{"id":5755527,"date":"2026-02-12T13:29:03","date_gmt":"2026-02-12T12:29:03","guid":{"rendered":"https:\/\/stoic-curie.212-227-153-4.plesk.page\/product\/edelstahl-led-drehschalter-ein-aus-5a-5-pins\/"},"modified":"2026-02-24T23:35:39","modified_gmt":"2026-02-24T23:35:39","slug":"edelstahl-led-drehschalter-ein-aus-5a-5-pins","status":"publish","type":"product","link":"https:\/\/stoic-curie.212-227-153-4.plesk.page\/de\/product\/edelstahl-led-drehschalter-ein-aus-5a-5-pins\/","title":{"rendered":"Edelstahl LED Drehschalter &#8211; Ein-Aus &#8211; 5A &#8211; 5 Pins"},"content":{"rendered":"<p>Edelstahl LED Drehschalter &#8211; Ein-Aus &#8211; 5A &#8211; 5 Pins &#8211; <\/p>\n<p>Dieser Drehschalter aus Edelstahl bietet ein wasserdichtes IP67-Design, ideal f\u00fcr 12V-Anwendungen. Er verf\u00fcgt \u00fcber eine LED-Anzeige zur einfachen Sichtbarkeit und ist f\u00fcr die fl\u00e4chenb\u00fcndige Montage mit einem 19 mm Loch konzipiert. Die Einbautiefe betr\u00e4gt 38 mm.<\/p>\n","protected":false},"excerpt":{"rendered":"<p>Edelstahl LED Drehschalter &#8211; Ein-Aus &#8211; 5A &#8211; 5 Pins &#8211; Dieser Drehschalter aus Edelstahl bietet ein wasserdichtes IP67-Design, ideal<\/p>\n","protected":false},"featured_media":5752699,"comment_status":"open","ping_status":"closed","template":"","meta":[],"product_brand":[2830],"product_cat":[1456],"product_tag":[],"class_list":{"0":"post-5755527","1":"product","2":"type-product","3":"status-publish","4":"has-post-thumbnail","6":"product_brand-blue-sea-systems-de","7":"product_cat-elektrische-schalter","9":"first","10":"instock","11":"shipping-taxable","12":"purchasable","13":"product-type-simple"},"_links":{"self":[{"href":"https:\/\/stoic-curie.212-227-153-4.plesk.page\/de\/wp-json\/wp\/v2\/product\/5755527","targetHints":{"allow":["GET"]}}],"collection":[{"href":"https:\/\/stoic-curie.212-227-153-4.plesk.page\/de\/wp-json\/wp\/v2\/product"}],"about":[{"href":"https:\/\/stoic-curie.212-227-153-4.plesk.page\/de\/wp-json\/wp\/v2\/types\/product"}],"replies":[{"embeddable":true,"href":"https:\/\/stoic-curie.212-227-153-4.plesk.page\/de\/wp-json\/wp\/v2\/comments?post=5755527"}],"version-history":[{"count":0,"href":"https:\/\/stoic-curie.212-227-153-4.plesk.page\/de\/wp-json\/wp\/v2\/product\/5755527\/revisions"}],"wp:featuredmedia":[{"embeddable":true,"href":"https:\/\/stoic-curie.212-227-153-4.plesk.page\/de\/wp-json\/wp\/v2\/media\/5752699"}],"wp:attachment":[{"href":"https:\/\/stoic-curie.212-227-153-4.plesk.page\/de\/wp-json\/wp\/v2\/media?parent=5755527"}],"wp:term":[{"taxonomy":"product_brand","embeddable":true,"href":"https:\/\/stoic-curie.212-227-153-4.plesk.page\/de\/wp-json\/wp\/v2\/product_brand?post=5755527"},{"taxonomy":"product_cat","embeddable":true,"href":"https:\/\/stoic-curie.212-227-153-4.plesk.page\/de\/wp-json\/wp\/v2\/product_cat?post=5755527"},{"taxonomy":"product_tag","embeddable":true,"href":"https:\/\/stoic-curie.212-227-153-4.plesk.page\/de\/wp-json\/wp\/v2\/product_tag?post=5755527"}],"curies":[{"name":"wp","href":"https:\/\/api.w.org\/{rel}","templated":true}]}}