{"id":5755540,"date":"2026-02-12T13:29:12","date_gmt":"2026-02-12T12:29:12","guid":{"rendered":"https:\/\/stoic-curie.212-227-153-4.plesk.page\/product\/280lm-bay15d-led-navigationslampe-v-12-30-w-26-lumen-280-h-42mm\/"},"modified":"2026-02-24T23:35:39","modified_gmt":"2026-02-24T23:35:39","slug":"280lm-bay15d-led-navigationslampe-v-12-30-w-26-lumen-280-h-42mm","status":"publish","type":"product","link":"https:\/\/stoic-curie.212-227-153-4.plesk.page\/de\/product\/280lm-bay15d-led-navigationslampe-v-12-30-w-26-lumen-280-h-42mm\/","title":{"rendered":"280lm BAY15D LED Navigationslampe V 12-30 W 2,6 Lumen 280 H 42mm"},"content":{"rendered":"<p>280lm BAY15D LED Navigationslampe V 12-30 W 2,6 Lumen 280 H 42mm &#8211; <\/p>\n<p>BAY15D Dual-Kontakt LED-Lampe mit nicht-parallelen Stiften. Min. Verbrauch von 2,6W sorgt f\u00fcr eine Lichtleistung von 25W. Farbtemperatur betr\u00e4gt 3200K und gibt warmwei\u00dfes Licht ab, ideal f\u00fcr Navigationslichter.<\/p>\n","protected":false},"excerpt":{"rendered":"<p>280lm BAY15D LED Navigationslampe V 12-30 W 2,6 Lumen 280 H 42mm &#8211; BAY15D Dual-Kontakt LED-Lampe mit nicht-parallelen Stiften. Min.<\/p>\n","protected":false},"featured_media":5752734,"comment_status":"open","ping_status":"closed","template":"","meta":[],"product_brand":[3220],"product_cat":[1452],"product_tag":[],"class_list":{"0":"post-5755540","1":"product","2":"type-product","3":"status-publish","4":"has-post-thumbnail","6":"product_brand-oceanled-de","7":"product_cat-bootsbeleuchtung","9":"first","10":"instock","11":"shipping-taxable","12":"purchasable","13":"product-type-simple"},"_links":{"self":[{"href":"https:\/\/stoic-curie.212-227-153-4.plesk.page\/de\/wp-json\/wp\/v2\/product\/5755540","targetHints":{"allow":["GET"]}}],"collection":[{"href":"https:\/\/stoic-curie.212-227-153-4.plesk.page\/de\/wp-json\/wp\/v2\/product"}],"about":[{"href":"https:\/\/stoic-curie.212-227-153-4.plesk.page\/de\/wp-json\/wp\/v2\/types\/product"}],"replies":[{"embeddable":true,"href":"https:\/\/stoic-curie.212-227-153-4.plesk.page\/de\/wp-json\/wp\/v2\/comments?post=5755540"}],"version-history":[{"count":0,"href":"https:\/\/stoic-curie.212-227-153-4.plesk.page\/de\/wp-json\/wp\/v2\/product\/5755540\/revisions"}],"wp:featuredmedia":[{"embeddable":true,"href":"https:\/\/stoic-curie.212-227-153-4.plesk.page\/de\/wp-json\/wp\/v2\/media\/5752734"}],"wp:attachment":[{"href":"https:\/\/stoic-curie.212-227-153-4.plesk.page\/de\/wp-json\/wp\/v2\/media?parent=5755540"}],"wp:term":[{"taxonomy":"product_brand","embeddable":true,"href":"https:\/\/stoic-curie.212-227-153-4.plesk.page\/de\/wp-json\/wp\/v2\/product_brand?post=5755540"},{"taxonomy":"product_cat","embeddable":true,"href":"https:\/\/stoic-curie.212-227-153-4.plesk.page\/de\/wp-json\/wp\/v2\/product_cat?post=5755540"},{"taxonomy":"product_tag","embeddable":true,"href":"https:\/\/stoic-curie.212-227-153-4.plesk.page\/de\/wp-json\/wp\/v2\/product_tag?post=5755540"}],"curies":[{"name":"wp","href":"https:\/\/api.w.org\/{rel}","templated":true}]}}