{"id":5755543,"date":"2026-02-12T13:29:15","date_gmt":"2026-02-12T12:29:15","guid":{"rendered":"https:\/\/stoic-curie.212-227-153-4.plesk.page\/product\/ba-15d-doppelkontakt-grosse-gluehbirnen-v-24-w-15\/"},"modified":"2026-02-24T23:35:39","modified_gmt":"2026-02-24T23:35:39","slug":"ba-15d-doppelkontakt-grosse-gluehbirnen-v-24-w-15","status":"publish","type":"product","link":"https:\/\/stoic-curie.212-227-153-4.plesk.page\/de\/product\/ba-15d-doppelkontakt-grosse-gluehbirnen-v-24-w-15\/","title":{"rendered":"BA 15D Doppelkontakt Gro\u00dfe Gl\u00fchbirnen V 24 W 15"},"content":{"rendered":"<p>BA 15D Doppelkontakt Gro\u00dfe Gl\u00fchbirnen V 24 W 15 &#8211; <\/p>\n<p>Doppelkontakt BA 15D Bajonettsockel gro\u00dfe Gl\u00fchbirnen.<\/p>\n","protected":false},"excerpt":{"rendered":"<p>BA 15D Doppelkontakt Gro\u00dfe Gl\u00fchbirnen V 24 W 15 &#8211; Doppelkontakt BA 15D Bajonettsockel gro\u00dfe Gl\u00fchbirnen.<\/p>\n","protected":false},"featured_media":5936024,"comment_status":"open","ping_status":"closed","template":"","meta":[],"product_brand":[2830],"product_cat":[1452],"product_tag":[],"class_list":{"0":"post-5755543","1":"product","2":"type-product","3":"status-publish","4":"has-post-thumbnail","6":"product_brand-blue-sea-systems-de","7":"product_cat-bootsbeleuchtung","9":"first","10":"instock","11":"shipping-taxable","12":"purchasable","13":"product-type-simple"},"_links":{"self":[{"href":"https:\/\/stoic-curie.212-227-153-4.plesk.page\/de\/wp-json\/wp\/v2\/product\/5755543","targetHints":{"allow":["GET"]}}],"collection":[{"href":"https:\/\/stoic-curie.212-227-153-4.plesk.page\/de\/wp-json\/wp\/v2\/product"}],"about":[{"href":"https:\/\/stoic-curie.212-227-153-4.plesk.page\/de\/wp-json\/wp\/v2\/types\/product"}],"replies":[{"embeddable":true,"href":"https:\/\/stoic-curie.212-227-153-4.plesk.page\/de\/wp-json\/wp\/v2\/comments?post=5755543"}],"version-history":[{"count":0,"href":"https:\/\/stoic-curie.212-227-153-4.plesk.page\/de\/wp-json\/wp\/v2\/product\/5755543\/revisions"}],"wp:featuredmedia":[{"embeddable":true,"href":"https:\/\/stoic-curie.212-227-153-4.plesk.page\/de\/wp-json\/wp\/v2\/media\/5936024"}],"wp:attachment":[{"href":"https:\/\/stoic-curie.212-227-153-4.plesk.page\/de\/wp-json\/wp\/v2\/media?parent=5755543"}],"wp:term":[{"taxonomy":"product_brand","embeddable":true,"href":"https:\/\/stoic-curie.212-227-153-4.plesk.page\/de\/wp-json\/wp\/v2\/product_brand?post=5755543"},{"taxonomy":"product_cat","embeddable":true,"href":"https:\/\/stoic-curie.212-227-153-4.plesk.page\/de\/wp-json\/wp\/v2\/product_cat?post=5755543"},{"taxonomy":"product_tag","embeddable":true,"href":"https:\/\/stoic-curie.212-227-153-4.plesk.page\/de\/wp-json\/wp\/v2\/product_tag?post=5755543"}],"curies":[{"name":"wp","href":"https:\/\/api.w.org\/{rel}","templated":true}]}}