{"id":5755545,"date":"2026-02-12T13:29:16","date_gmt":"2026-02-12T12:29:16","guid":{"rendered":"https:\/\/stoic-curie.212-227-153-4.plesk.page\/product\/bay-15d-doppelkontaktlampen-v-12-w-25\/"},"modified":"2026-02-24T23:35:39","modified_gmt":"2026-02-24T23:35:39","slug":"bay-15d-doppelkontaktlampen-v-12-w-25","status":"publish","type":"product","link":"https:\/\/stoic-curie.212-227-153-4.plesk.page\/de\/product\/bay-15d-doppelkontaktlampen-v-12-w-25\/","title":{"rendered":"Bay 15D Doppelkontaktlampen v 12 W 25"},"content":{"rendered":"<p>Bay 15D Doppelkontaktlampen v 12 W 25 &#8211; <\/p>\n<p>Doppelkontakt-BAY 15D Bajonettsockellampen, die f\u00fcr Navigationslichter auf Booten \u00fcber 12 Meter L\u00e4nge entwickelt wurden.<\/p>\n","protected":false},"excerpt":{"rendered":"<p>Bay 15D Doppelkontaktlampen v 12 W 25 &#8211; Doppelkontakt-BAY 15D Bajonettsockellampen, die f\u00fcr Navigationslichter auf Booten \u00fcber 12 Meter L\u00e4nge<\/p>\n","protected":false},"featured_media":5752749,"comment_status":"open","ping_status":"closed","template":"","meta":[],"product_brand":[2830],"product_cat":[1452],"product_tag":[],"class_list":{"0":"post-5755545","1":"product","2":"type-product","3":"status-publish","4":"has-post-thumbnail","6":"product_brand-blue-sea-systems-de","7":"product_cat-bootsbeleuchtung","9":"first","10":"instock","11":"shipping-taxable","12":"purchasable","13":"product-type-simple"},"_links":{"self":[{"href":"https:\/\/stoic-curie.212-227-153-4.plesk.page\/de\/wp-json\/wp\/v2\/product\/5755545","targetHints":{"allow":["GET"]}}],"collection":[{"href":"https:\/\/stoic-curie.212-227-153-4.plesk.page\/de\/wp-json\/wp\/v2\/product"}],"about":[{"href":"https:\/\/stoic-curie.212-227-153-4.plesk.page\/de\/wp-json\/wp\/v2\/types\/product"}],"replies":[{"embeddable":true,"href":"https:\/\/stoic-curie.212-227-153-4.plesk.page\/de\/wp-json\/wp\/v2\/comments?post=5755545"}],"version-history":[{"count":0,"href":"https:\/\/stoic-curie.212-227-153-4.plesk.page\/de\/wp-json\/wp\/v2\/product\/5755545\/revisions"}],"wp:featuredmedia":[{"embeddable":true,"href":"https:\/\/stoic-curie.212-227-153-4.plesk.page\/de\/wp-json\/wp\/v2\/media\/5752749"}],"wp:attachment":[{"href":"https:\/\/stoic-curie.212-227-153-4.plesk.page\/de\/wp-json\/wp\/v2\/media?parent=5755545"}],"wp:term":[{"taxonomy":"product_brand","embeddable":true,"href":"https:\/\/stoic-curie.212-227-153-4.plesk.page\/de\/wp-json\/wp\/v2\/product_brand?post=5755545"},{"taxonomy":"product_cat","embeddable":true,"href":"https:\/\/stoic-curie.212-227-153-4.plesk.page\/de\/wp-json\/wp\/v2\/product_cat?post=5755545"},{"taxonomy":"product_tag","embeddable":true,"href":"https:\/\/stoic-curie.212-227-153-4.plesk.page\/de\/wp-json\/wp\/v2\/product_tag?post=5755545"}],"curies":[{"name":"wp","href":"https:\/\/api.w.org\/{rel}","templated":true}]}}